{"id":20504,"date":"2013-10-21T18:02:08","date_gmt":"2013-10-21T18:02:08","guid":{"rendered":"https:\/\/ufrb.edu.br\/2013\/10\/21\/institucional\/"},"modified":"2013-10-21T18:02:08","modified_gmt":"2013-10-21T18:02:08","slug":"institucional","status":"publish","type":"page","link":"https:\/\/ufrb.edu.br\/portal\/institucional\/","title":{"rendered":"Institucional"},"content":{"rendered":"<p>Nesta se\u00e7\u00e3o sao divulgadas informacoes institucionais e organizacionais da UFRB, compreendendo suas funcoes, competencias, estrutura organizacional, relacao de autoridades (quem e quem), agenda de autoridades, horarios de atendimento e legislacao do orgao\/entidade.<\/p>\n<p><!--more--><\/p>\n<p>1 &#8211;\u00a0<a href=\"https:\/\/ufrb.edu.br\/portal\/estrutura-organizacional\/\">Estrutura Organizacional<\/a><\/p>\n<p>2 &#8211;\u00a0<a href=\"https:\/\/ufrb.edu.br\/portal\/2015\/11\/04\/competencias\/\">Compet\u00eancias<\/a><\/p>\n<p>3 &#8211;\u00a0<a href=\"https:\/\/ufrb.edu.br\/portal\/2015\/11\/04\/base-juridica-da-estrutura-organizacional-e-das-competencias-do-orgao-ou-entidade\/\">Base jur\u00eddica da estrutura organizacional e das compet\u00eancias do \u00f3rg\u00e3o ou entidade<\/a><\/p>\n<p>4 &#8211;\u00a0<a href=\"https:\/\/ufrb.edu.br\/portal\/quem-e-quem\/\">Principais cargos e respectivos ocupantes (Quem \u00e9 quem)<\/a><\/p>\n<p>5 &#8211;\u00a0<a href=\"https:\/\/ufrb.edu.br\/portal\/quem-e-quem\/\">Telefones, endere\u00e7os e emails dos ocupantes dos principais cargos<\/a><\/p>\n<p>6 &#8211;\u00a0<a href=\"https:\/\/ufrb.edu.br\/portal\/agenda-de-autoridades\/\">Agenda de Autoridades<\/a><\/p>\n<p>7 &#8211;\u00a0<a href=\"https:\/\/ufrb.edu.br\/portal\/2015\/11\/04\/horario-de-atendimento\/\">Hor\u00e1rio de Atendimento<\/a><\/p>\n<p>8 &#8211;\u00a0<a href=\"https:\/\/ufrb.edu.br\/portal\/quem-e-quem\/\">Curr\u00edculos dos principais cargos<\/a><\/p>\n","protected":false},"excerpt":{"rendered":"<p>Nesta se\u00e7\u00e3o sao divulgadas informacoes institucionais e organizacionais da UFRB, compreendendo suas funcoes, competencias, estrutura organizacional, relacao de autoridades (quem e quem), agenda de autoridades, horarios de atendimento e legislacao do orgao\/entidade.<\/p>\n","protected":false},"author":1,"featured_media":0,"parent":0,"menu_order":31,"comment_status":"closed","ping_status":"closed","template":"","meta":{"_acf_changed":false,"footnotes":""},"class_list":["post-20504","page","type-page","status-publish","hentry"],"acf":[],"_links":{"self":[{"href":"https:\/\/ufrb.edu.br\/portal\/wp-json\/wp\/v2\/pages\/20504","targetHints":{"allow":["GET"]}}],"collection":[{"href":"https:\/\/ufrb.edu.br\/portal\/wp-json\/wp\/v2\/pages"}],"about":[{"href":"https:\/\/ufrb.edu.br\/portal\/wp-json\/wp\/v2\/types\/page"}],"author":[{"embeddable":true,"href":"https:\/\/ufrb.edu.br\/portal\/wp-json\/wp\/v2\/users\/1"}],"replies":[{"embeddable":true,"href":"https:\/\/ufrb.edu.br\/portal\/wp-json\/wp\/v2\/comments?post=20504"}],"version-history":[{"count":0,"href":"https:\/\/ufrb.edu.br\/portal\/wp-json\/wp\/v2\/pages\/20504\/revisions"}],"wp:attachment":[{"href":"https:\/\/ufrb.edu.br\/portal\/wp-json\/wp\/v2\/media?parent=20504"}],"curies":[{"name":"wp","href":"https:\/\/api.w.org\/{rel}","templated":true}]}}