{"id":20505,"date":"2013-10-21T18:02:49","date_gmt":"2013-10-21T18:02:49","guid":{"rendered":"https:\/\/ufrb.edu.br\/2013\/10\/21\/acoes-e-programas\/"},"modified":"2013-10-21T18:02:49","modified_gmt":"2013-10-21T18:02:49","slug":"acoes-e-programas","status":"publish","type":"page","link":"https:\/\/ufrb.edu.br\/portal\/acoes-e-programas\/","title":{"rendered":"A\u00e7\u00f5es e Programas"},"content":{"rendered":"<p>Nesta sec\u0327a\u0303o, sa\u0303o divulgadas as informac\u0327o\u0303es pertinentes aos programas, ac\u0327o\u0303es, projetos e atividades implementadas pela <strong>Universidade Federal do Rec\u00f4ncavo da Bahia<\/strong>.<\/p>\n<p>As informa\u00e7\u00f5es referentes aos principais a\u00e7\u00f5es e programas desenvolvidas pela&nbsp;Universidade Federal do Rec\u00f4ncavo da Bahia &#8211; UFRB&nbsp;est\u00e3o compiladas em seu Plano de Desenvolvimento Institucional (PDI) e nos demais Planos existentes apresentados na p\u00e1gina.<\/p>\n<p><strong>A UFRB n\u00e3o desenvolve programas, a\u00e7\u00f5es, projetos e atividades que resultem em ren\u00fancias de receitas.<br \/><\/strong><\/p>\n<p><strong>A UFRB n\u00e3o desenvolve programas, a\u00e7\u00f5es, projetos e atividades financiados pelo Fundo de Amparo ao Trabalhador (FAT).&nbsp;<\/strong><\/p>\n<p>&nbsp;<\/p>\n<h3>Iniciativas Institucionais<\/h3>\n<p><a href=\"https:\/\/ufrb.edu.br\/portal\/plano-de-desenvolvimento-institucional-pdi\/\">Plano de Desenvolvimento Institucional &#8211; Pdi<br \/><\/a><strong>Unidade respons\u00e1vel:<\/strong> Coordenadoria de Or\u00e7amento e Desenvolvimento Institucional \u2013 CODIN\/PROPLAN<\/p>\n<p><a href=\"https:\/\/www.ufrb.edu.br\/cotec\/pdti\">Plano Diretor de Tecnologia da Informa\u00e7\u00e3o \u2013 PDTI<\/a> <br \/><strong>Unidade respons\u00e1vel:<\/strong> Coordenadoria de Tecnologia da Informa\u00e7\u00e3o \u2013 COTEC\/PROPLAN<\/p>\n<p><a href=\"https:\/\/www.ufrb.edu.br\/proplan\/plano-de-logistica-sustentavel\">Plano de Log\u00edstica Sustent\u00e1vel<\/a><br \/><strong>Unidade respons\u00e1vel:<\/strong>&nbsp;Pro-Reitoria de Planejamento \u2013 PROPLAN<\/p>\n<p><a href=\"https:\/\/www.ufrb.edu.br\/proplan\/integridade-publica\">Plano de Integridade P\u00fablica<\/a><br \/><strong>Unidade respons\u00e1vel:<\/strong> Coordenadoria de Or\u00e7amento e Desenvolvimento Institucional \u2013 CODIN\/PROPLAN<\/p>\n<p>&nbsp;<\/p>\n<h3>Indicadores, Metas e Resultados<\/h3>\n<p><a href=\"https:\/\/www.ufrb.edu.br\/proplan\/relatorios-de-gestao\">Relat\u00f3rios de Gest\u00e3o<\/a><\/p>\n","protected":false},"excerpt":{"rendered":"<p>Nesta sec\u0327a\u0303o, sa\u0303o divulgadas as informac\u0327o\u0303es pertinentes aos programas, ac\u0327o\u0303es, projetos e atividades implementadas pela Universidade Federal do Rec\u00f4ncavo da Bahia. As informa\u00e7\u00f5es referentes aos principais a\u00e7\u00f5es e programas desenvolvidas pela&nbsp;Universidade Federal do Rec\u00f4ncavo da Bahia &#8211; UFRB&nbsp;est\u00e3o compiladas em seu Plano de Desenvolvimento Institucional (PDI) e nos demais Planos existentes apresentados na p\u00e1gina. A [&hellip;]<\/p>\n","protected":false},"author":1,"featured_media":0,"parent":0,"menu_order":30,"comment_status":"closed","ping_status":"closed","template":"","meta":{"_acf_changed":false,"footnotes":""},"class_list":["post-20505","page","type-page","status-publish","hentry"],"acf":[],"_links":{"self":[{"href":"https:\/\/ufrb.edu.br\/portal\/wp-json\/wp\/v2\/pages\/20505","targetHints":{"allow":["GET"]}}],"collection":[{"href":"https:\/\/ufrb.edu.br\/portal\/wp-json\/wp\/v2\/pages"}],"about":[{"href":"https:\/\/ufrb.edu.br\/portal\/wp-json\/wp\/v2\/types\/page"}],"author":[{"embeddable":true,"href":"https:\/\/ufrb.edu.br\/portal\/wp-json\/wp\/v2\/users\/1"}],"replies":[{"embeddable":true,"href":"https:\/\/ufrb.edu.br\/portal\/wp-json\/wp\/v2\/comments?post=20505"}],"version-history":[{"count":0,"href":"https:\/\/ufrb.edu.br\/portal\/wp-json\/wp\/v2\/pages\/20505\/revisions"}],"wp:attachment":[{"href":"https:\/\/ufrb.edu.br\/portal\/wp-json\/wp\/v2\/media?parent=20505"}],"curies":[{"name":"wp","href":"https:\/\/api.w.org\/{rel}","templated":true}]}}