{"id":20506,"date":"2013-10-21T18:03:23","date_gmt":"2013-10-21T18:03:23","guid":{"rendered":"https:\/\/ufrb.edu.br\/2013\/10\/21\/auditorias\/"},"modified":"2013-10-21T18:03:23","modified_gmt":"2013-10-21T18:03:23","slug":"auditorias","status":"publish","type":"page","link":"https:\/\/ufrb.edu.br\/portal\/auditorias\/","title":{"rendered":"Auditorias"},"content":{"rendered":"<p>Nesta se\u00e7\u00e3o s\u00e3o divulgadas informa\u00e7\u00f5es referentes ao resultado de inspe\u00e7\u00f5es, auditorias, presta\u00e7\u00f5es e tomada de contas realizadas na UFRB.<\/p>\n<p><!--more--><\/p>\n<ul>\n<li><a href=\"https:\/\/ufrb.edu.br\/portal\/2017\/04\/12\/prestacao-de-contas-anuais\/\">Presta\u00e7\u00e3o de Contas Anuais<\/a><\/li>\n<li><a href=\"https:\/\/ufrb.edu.br\/auditoria\/notas-de-auditoria\">Notas de Auditoria<\/a><\/li>\n<li><a href=\"https:\/\/www.ufrb.edu.br\/auditoria\/documentos-interno\/category\/2-raint\">Relat\u00f3rio Anual de Atividades de Auditoria Interna (RAINT)<\/a><\/li>\n<li><a href=\"\/portal\/auditoria\/\">Auditoria Interna<\/a><\/li>\n<\/ul>\n","protected":false},"excerpt":{"rendered":"<p>Nesta se\u00e7\u00e3o s\u00e3o divulgadas informa\u00e7\u00f5es referentes ao resultado de inspe\u00e7\u00f5es, auditorias, presta\u00e7\u00f5es e tomada de contas realizadas na UFRB.<\/p>\n","protected":false},"author":1,"featured_media":0,"parent":0,"menu_order":29,"comment_status":"closed","ping_status":"closed","template":"","meta":{"_acf_changed":false,"footnotes":""},"class_list":["post-20506","page","type-page","status-publish","hentry"],"acf":[],"_links":{"self":[{"href":"https:\/\/ufrb.edu.br\/portal\/wp-json\/wp\/v2\/pages\/20506","targetHints":{"allow":["GET"]}}],"collection":[{"href":"https:\/\/ufrb.edu.br\/portal\/wp-json\/wp\/v2\/pages"}],"about":[{"href":"https:\/\/ufrb.edu.br\/portal\/wp-json\/wp\/v2\/types\/page"}],"author":[{"embeddable":true,"href":"https:\/\/ufrb.edu.br\/portal\/wp-json\/wp\/v2\/users\/1"}],"replies":[{"embeddable":true,"href":"https:\/\/ufrb.edu.br\/portal\/wp-json\/wp\/v2\/comments?post=20506"}],"version-history":[{"count":0,"href":"https:\/\/ufrb.edu.br\/portal\/wp-json\/wp\/v2\/pages\/20506\/revisions"}],"wp:attachment":[{"href":"https:\/\/ufrb.edu.br\/portal\/wp-json\/wp\/v2\/media?parent=20506"}],"curies":[{"name":"wp","href":"https:\/\/api.w.org\/{rel}","templated":true}]}}