{"id":20511,"date":"2013-10-21T18:06:44","date_gmt":"2013-10-21T18:06:44","guid":{"rendered":"https:\/\/ufrb.edu.br\/2013\/10\/21\/servidores\/"},"modified":"2013-10-21T18:06:44","modified_gmt":"2013-10-21T18:06:44","slug":"servidores","status":"publish","type":"page","link":"https:\/\/ufrb.edu.br\/portal\/servidores\/","title":{"rendered":"Servidores"},"content":{"rendered":"<p>Nesta se\u00e7\u00e3o s\u00e3o divulgadas informa\u00e7\u00f5es sobre concursos p\u00fablicos de provimento de cargos e rela\u00e7\u00e3o dos servidores p\u00fablicos lotados ou em exerc\u00edcio na UFRB.<\/p>\n<p><!--more--><\/p>\n<p><a href=\"\/portal\/concursos\">Editais de concursos p\u00fablicos para ingresso na UFRB<\/a><\/p>\n<p><a href=\"http:\/\/www.portaldatransparencia.gov.br\/servidores\/consulta?orgaosServidorLotacao=OR26351&amp;orgaosServidorExercicio=OR26351&amp;ordenarPor=nome&amp;direcao=asc\">Rela\u00e7\u00e3o dos servidores p\u00fablicos na UFRB<\/a><\/p>\n<p>Para obter acesso \u00e0 lista dos servidores da UFRB entre no link acima &#8220;Rela\u00e7\u00e3o dos servidores p\u00fablicos na UFRB&#8221; onde constar\u00e1 a rela\u00e7\u00e3o nominal de todos os servidores da Universidade Federal do Rec\u00f4ncavo da Bahia. Caso deseje realizar a consulta dos dados funcionais dos servidores de forma individualizada utilize o filtro &#8220;NOME&#8221; digite o nome do servidor que deseja obter acesso aos dados e clique em adicionar.&nbsp;<\/p>\n<p><a href=\"https:\/\/sistemas.ufrb.edu.br\/sigrh\/public\/abas\/form_consulta_quantitativos.jsf\">N\u00famero de Servidores T\u00e9cnico-Administrativos<\/a><\/p>\n<p><a href=\"https:\/\/sistemas.ufrb.edu.br\/sigrh\/public\/abas\/form_consulta_quantitativos.jsf\">N\u00famero de Servidores Docentes<\/a><\/p>\n<p><a href=\"http:\/\/ufrb.edu.br\/wp-content\/uploads\/2013\/10\/Planilha_-_Tercerizados-1d8.xls\">Rela\u00e7\u00e3o Completa dos Empregados Terceirizados da UFRB<\/a>&nbsp;(atualizado em 20\/02\/2024)<\/p>\n","protected":false},"excerpt":{"rendered":"<p>Nesta se\u00e7\u00e3o s\u00e3o divulgadas informa\u00e7\u00f5es sobre concursos p\u00fablicos de provimento de cargos e rela\u00e7\u00e3o dos servidores p\u00fablicos lotados ou em exerc\u00edcio na UFRB.<\/p>\n","protected":false},"author":1,"featured_media":0,"parent":0,"menu_order":25,"comment_status":"closed","ping_status":"closed","template":"","meta":{"_acf_changed":false,"footnotes":""},"class_list":["post-20511","page","type-page","status-publish","hentry"],"acf":[],"_links":{"self":[{"href":"https:\/\/ufrb.edu.br\/portal\/wp-json\/wp\/v2\/pages\/20511","targetHints":{"allow":["GET"]}}],"collection":[{"href":"https:\/\/ufrb.edu.br\/portal\/wp-json\/wp\/v2\/pages"}],"about":[{"href":"https:\/\/ufrb.edu.br\/portal\/wp-json\/wp\/v2\/types\/page"}],"author":[{"embeddable":true,"href":"https:\/\/ufrb.edu.br\/portal\/wp-json\/wp\/v2\/users\/1"}],"replies":[{"embeddable":true,"href":"https:\/\/ufrb.edu.br\/portal\/wp-json\/wp\/v2\/comments?post=20511"}],"version-history":[{"count":0,"href":"https:\/\/ufrb.edu.br\/portal\/wp-json\/wp\/v2\/pages\/20511\/revisions"}],"wp:attachment":[{"href":"https:\/\/ufrb.edu.br\/portal\/wp-json\/wp\/v2\/media?parent=20511"}],"curies":[{"name":"wp","href":"https:\/\/api.w.org\/{rel}","templated":true}]}}