{"id":20512,"date":"2013-10-21T18:07:21","date_gmt":"2013-10-21T18:07:21","guid":{"rendered":"https:\/\/ufrb.edu.br\/2013\/10\/21\/informacoes-classificadas\/"},"modified":"2013-10-21T18:07:21","modified_gmt":"2013-10-21T18:07:21","slug":"informacoes-classificadas","status":"publish","type":"page","link":"https:\/\/ufrb.edu.br\/portal\/informacoes-classificadas\/","title":{"rendered":"Informa\u00e7\u00f5es Classificadas"},"content":{"rendered":"<p>Nesta se\u00e7\u00e3o s\u00e3o divulgados o rol das informa\u00e7\u00f5es classificadas em cada grau de sigilo e o rol das informa\u00e7\u00f5es desclassificadas nos \u00faltimos doze meses no \u00e2mbito da UFRB.<\/p>\n<p><!--more--><\/p>\n<p><strong>Rol de Informa\u00e7\u00f5es Desclassificadas <\/strong><em>(atualizado em 19\/10\/2023)<\/em><\/p>\n<p>Desde a entrada em vig\u00eancia da Lei de Acesso \u00e0 informa\u00e7\u00e3o, em 16 de maio de 2012, nenhum documento foi desclassificado no \u00e2mbito da UFRB.<\/p>\n<p><strong>Rol de Informa\u00e7\u00f5es Classificadas&nbsp;<\/strong><em>(atualizado em 19\/10\/2023)<\/em><\/p>\n<p>N\u00e3o h\u00e1 informa\u00e7\u00f5es pass\u00edveis de classifica\u00e7\u00e3o no \u00e2mbito da UFRB, ressaltando que as informa\u00e7\u00f5es sigilosas recebem prote\u00e7\u00e3o em decorr\u00eancia de normas especificas. Relacionamos algumas das leis que cont\u00eam disposi\u00e7\u00f5es expressas sobre a prote\u00e7\u00e3o do sigilo de informa\u00e7\u00f5es:<\/p>\n<p>&#8211; Lei N\u00ba 9.279\/96: regula direitos e obriga\u00e7\u00f5es relativos \u00e0 propriedade industrial. No referido diploma legal h\u00e1 a previs\u00e3o de guarda de sigilo dos pedidos de registro de patente (art. 30), dos pedidos de patente cujo objeto interesse \u00e0 defesa nacional (art. 75) e do pedido de registro de desenho industrial (art. 106, \u00a71\u00ba);<br \/>&#8211; Lei N\u00ba&nbsp;9.610\/98: disciplina os direitos autorais;<br \/>&#8211; Lei N\u00ba&nbsp;9.456\/97: estabelece a prote\u00e7\u00e3o dos direitos relativos \u00e0 prote\u00e7\u00e3o dos cultivares;<br \/>&#8211; Lei N\u00ba&nbsp;9.609\/98: estabelece o regime de prote\u00e7\u00e3o \u00e0 propriedade intelectual de programa de computador;<br \/>&#8211; Lei N\u00ba&nbsp;10.973\/04: disp\u00f5e sobre incentivos \u00e0 inova\u00e7\u00e3o e \u00e0 pesquisa cient\u00edfica e tecnol\u00f3gica no ambiente produtivo;<br \/>&#8211; Lei N\u00ba&nbsp;12.527\/12: dedica se\u00e7\u00e3o pr\u00f3pria para o tratamento da prote\u00e7\u00e3o dos direitos pessoais, contida no art. 31 e seus par\u00e1grafos, bem como a quest\u00e3o restou esmiu\u00e7ada pelo Decreto n\u00ba 7.724\/2012, art. 55 e seguintes.<\/p>\n<p><a href=\"http:\/\/www.acessoainformacao.gov.br\/sistema\/site\/relatorios_estatisticos.html\" title=\"Relat\u00f3rio Estat\u00edstico de Atendimentos\">Relat\u00f3rio Estat\u00edstico de Atendimentos<\/a><\/p>\n<p><a href=\"https:\/\/www.gov.br\/acessoainformacao\/pt-br\/lai-para-sic\/formularios\">Formul\u00e1rio<\/a><\/p>\n","protected":false},"excerpt":{"rendered":"<p>Nesta se\u00e7\u00e3o s\u00e3o divulgados o rol das informa\u00e7\u00f5es classificadas em cada grau de sigilo e o rol das informa\u00e7\u00f5es desclassificadas nos \u00faltimos doze meses no \u00e2mbito da UFRB.<\/p>\n","protected":false},"author":1,"featured_media":0,"parent":0,"menu_order":12,"comment_status":"closed","ping_status":"closed","template":"","meta":{"_acf_changed":false,"footnotes":""},"class_list":["post-20512","page","type-page","status-publish","hentry"],"acf":[],"_links":{"self":[{"href":"https:\/\/ufrb.edu.br\/portal\/wp-json\/wp\/v2\/pages\/20512","targetHints":{"allow":["GET"]}}],"collection":[{"href":"https:\/\/ufrb.edu.br\/portal\/wp-json\/wp\/v2\/pages"}],"about":[{"href":"https:\/\/ufrb.edu.br\/portal\/wp-json\/wp\/v2\/types\/page"}],"author":[{"embeddable":true,"href":"https:\/\/ufrb.edu.br\/portal\/wp-json\/wp\/v2\/users\/1"}],"replies":[{"embeddable":true,"href":"https:\/\/ufrb.edu.br\/portal\/wp-json\/wp\/v2\/comments?post=20512"}],"version-history":[{"count":0,"href":"https:\/\/ufrb.edu.br\/portal\/wp-json\/wp\/v2\/pages\/20512\/revisions"}],"wp:attachment":[{"href":"https:\/\/ufrb.edu.br\/portal\/wp-json\/wp\/v2\/media?parent=20512"}],"curies":[{"name":"wp","href":"https:\/\/api.w.org\/{rel}","templated":true}]}}