{"id":20515,"date":"2013-10-21T18:07:56","date_gmt":"2013-10-21T18:07:56","guid":{"rendered":"https:\/\/ufrb.edu.br\/2013\/10\/21\/servico-de-informacao-ao-cidadao-sic\/"},"modified":"2013-10-21T18:07:56","modified_gmt":"2013-10-21T18:07:56","slug":"servico-de-informacao-ao-cidadao-sic","status":"publish","type":"page","link":"https:\/\/ufrb.edu.br\/portal\/servico-de-informacao-ao-cidadao-sic\/","title":{"rendered":"Servi\u00e7o de Informa\u00e7\u00e3o ao Cidad\u00e3o (SIC)"},"content":{"rendered":"\n<p><a href=\"https:\/\/www.gov.br\/acessoainformacao\/pt-br\/lai-para-sic\/formularios\">Formul\u00e1rios<\/a><\/p>\n\n\n\n<p><a href=\"https:\/\/www.gov.br\/acessoainformacao\/pt-br\/assuntos\/relatorios-dados\/relatorios-estatisticos\/relatorios-estatisticos\">Relat\u00f3rios Estat\u00edsticos<\/a><\/p>\n\n\n\n<p><a href=\"https:\/\/esic.cgu.gov.br\/sistema\/site\/index.aspx\">e-SIC<\/a><\/p>\n\n\n\n<p><a href=\"https:\/\/centralpaineis.cgu.gov.br\/visualizar\/lai\">Painel Lei de Acesso \u00e0 Informa\u00e7\u00e3o<\/a><\/p>\n\n\n\n<p>Nesta se\u00e7\u00e3o s\u00e3o divulgadas as informa\u00e7\u00f5es sobre o Sistema de Informa\u00e7\u00f5es ao Cidad\u00e3o (SIC), pertinentes ao seu funcionamento, localiza\u00e7\u00e3o e dados de contato no \u00e2mbito da UFRB.<\/p>\n\n\n\n<p><strong>A Lei de Acesso a Informa\u00e7\u00e3o &#8211; LAI<\/strong><\/p>\n\n\n\n<p>A Lei n\u00ba 12.527\/2011 \u00e9 uma norma de abrang\u00eancia federal, que regulamenta o direito constitucional de acesso \u00e0 informa\u00e7\u00e3o p\u00fablica. A norma deve ser observada pelo Poder Executivo, Legislativo, Judici\u00e1rio, Minist\u00e9rio P\u00fablico, Tribunais de Contas, Estados, Distrito Federal, Munic\u00edpios e demais entidades controladas diretamente ou indiretamente pelos entes federativos.<\/p>\n\n\n\n<p>Visando a transpar\u00eancia dos atos do poder p\u00fablico e o respeito ao princ\u00edpio da publicidade a premissa b\u00e1sica da Lei de Acesso \u00e0 Informa\u00e7\u00e3o \u00e9 o acesso como regra e o sigilo como exce\u00e7\u00e3o, assim qualquer pessoa, natural ou jur\u00eddica, \u00e9 parte leg\u00edtima para solicitar pedido de acesso \u00e0 informa\u00e7\u00e3o em \u00f3rg\u00e3os do poder p\u00fablico.<\/p>\n\n\n\n<p>A promulga\u00e7\u00e3o da LAI, em 18 de novembro de 2011, constituiu um marco para o exerc\u00edcio da democracia, pois promove e fortalece os instrumentos de controle e participa\u00e7\u00e3o social.<\/p>\n\n\n\n<p>&nbsp;<strong>O que \u00e9 Servi\u00e7o de Informa\u00e7\u00e3o ao Cidad\u00e3o?<\/strong><\/p>\n\n\n\n<p>O Servi\u00e7o de Informa\u00e7\u00e3o ao Cidad\u00e3o \u00e9 regulado pelo art. 9\u00b0 da Lei de n\u00b0 12.527\/2011 e constitui a unidade administrativa na qual se tramita as solicita\u00e7\u00f5es de informa\u00e7\u00e3o. \u00c9 o canal direto de comunica\u00e7\u00e3o entre a sociedade e as institui\u00e7\u00f5es p\u00fablicas.<\/p>\n\n\n\n<p><strong>Quais as compet\u00eancias do Servi\u00e7o de Informa\u00e7\u00e3o ao Cidad\u00e3o?<\/strong><\/p>\n\n\n\n<p>I &#8211; receber o pedido de acesso e, sempre que poss\u00edvel, fornec\u00ea-lo imediatamente;<br>II &#8211; registrar o pedido de acesso em sistema eletr\u00f4nico espec\u00edfico e entregar o n\u00famero do protocolo, que conter\u00e1 a data de apresenta\u00e7\u00e3o do pedido;<br>III &#8211; encaminhar o pedido recebido e registrado \u00e0 unidade respons\u00e1vel pelo fornecimento da informa\u00e7\u00e3o, quando couber.<\/p>\n\n\n\n<p><strong>\u00c9 necess\u00e1rio justificar o pedido de acesso \u00e0 informa\u00e7\u00e3o?<\/strong><\/p>\n\n\n\n<p>Exig\u00eancias relativas aos motivos do pedido de acesso \u00e0 informa\u00e7\u00e3o s\u00e3o vedadas pela LAI, logo n\u00e3o h\u00e1 necessidade de motivar o pedido de acesso \u00e0 informa\u00e7\u00e3o.<\/p>\n\n\n\n<p><strong>Quais os requisitos para realizar um pedido de acesso \u00e0 informa\u00e7\u00e3o?<\/strong><\/p>\n\n\n\n<p>O pedido de acesso \u00e0 informa\u00e7\u00e3o dever\u00e1 conter:<br>I &#8211; nome do requerente;<br>II &#8211; n\u00famero de documento de identifica\u00e7\u00e3o v\u00e1lido e;<br>III &#8211; especifica\u00e7\u00e3o clara e precisa da informa\u00e7\u00e3o solicitada;<br>IV &#8211; endere\u00e7o eletr\u00f4nico do requerente, para recebimento de comunica\u00e7\u00f5es ou da informa\u00e7\u00e3o requerida.<\/p>\n\n\n\n<p><strong>Como realizar um pedido de acesso \u00e0 informa\u00e7\u00e3o?<\/strong><\/p>\n\n\n\n<p>Os pedidos de informa\u00e7\u00e3o devem ser encaminhados ao SIC por meio do Fala.BR \u2013 Plataforma Integrada de Ouvidoria e Acesso \u00e0 Informa\u00e7\u00e3o (<a href=\"https:\/\/falabr.cgu.gov.br\">https:\/\/falabr.cgu.gov.br<\/a>).<\/p>\n\n\n\n<p>Ao registrar a manifesta\u00e7\u00e3o o usu\u00e1rio receber\u00e1 por e-mail o n\u00famero de protocolo da manifesta\u00e7\u00e3o e o c\u00f3digo de acesso para realizar a consulta da manifesta\u00e7\u00e3o ou interpor recurso (<a href=\"https:\/\/falabr.cgu.gov.br\/publico\/Manifestacao\/ConsultarManifestacaoLogin.aspx\">https:\/\/falabr.cgu.gov.br\/publico\/Manifestacao\/ConsultarManifestacaoLogin.aspx<\/a>).<\/p>\n\n\n\n<p>O usu\u00e1rio poder\u00e1 apresentar o pedido de informa\u00e7\u00e3o ou de recurso pessoalmente, mediante o preenchimento de formul\u00e1rio, e entregar pessoalmente no Servi\u00e7o de informa\u00e7\u00e3o ao Cidad\u00e3o que fica localizado na Rua Rui Barbosa, 710 &#8211; Centro &#8211; Cruz das Almas\/BA 44.380-000 \u2013 Pr\u00e9dio da Reitoria da UFRB.<\/p>\n\n\n\n<p>Formul\u00e1rio de pedido de acesso \u00e0 informa\u00e7\u00e3o &#8211; Pessoa Natural:&nbsp;&nbsp;<a href=\"http:\/\/www.acessoainformacao.gov.br\/acessoainformacaogov\/espaco-gestor\/arquivos\/form-pedido_PN.doc\"><strong>em DOC<\/strong><\/a>&nbsp;|&nbsp;&nbsp;<a href=\"http:\/\/www.acessoainformacao.gov.br\/acessoainformacaogov\/espaco-gestor\/arquivos\/form-pedido_PN.odt\"><strong>em ODT<\/strong><\/a><\/p>\n\n\n\n<p>Formul\u00e1rio de pedido de acesso \u00e0 informa\u00e7\u00e3o &#8211; Pessoa Jur\u00eddica:&nbsp;<a href=\"http:\/\/www.acessoainformacao.gov.br\/acessoainformacaogov\/espaco-gestor\/arquivos\/form-pedido_PJ.doc\"><strong>em DOC<\/strong><\/a>&nbsp;|&nbsp;<a href=\"http:\/\/www.acessoainformacao.gov.br\/acessoainformacaogov\/espaco-gestor\/arquivos\/form-pedido_PJ.odt\"><strong>em ODT<\/strong><\/a><\/p>\n\n\n\n<p>Formul\u00e1rio para reclama\u00e7\u00e3o &#8211; Pessoa Natural:&nbsp;&nbsp;<a href=\"http:\/\/www.acessoainformacao.gov.br\/acessoainformacaogov\/espaco-gestor\/arquivos\/form-reclamacao_PN.doc\"><strong>em DOC<\/strong><\/a>&nbsp;|&nbsp;&nbsp;<a href=\"http:\/\/www.acessoainformacao.gov.br\/acessoainformacaogov\/espaco-gestor\/arquivos\/form-reclamacao_PN.odt\"><strong>em ODT<\/strong><\/a><\/p>\n\n\n\n<p>Formul\u00e1rio para reclama\u00e7\u00e3o &#8211; Pessoa Jur\u00eddica:&nbsp;<a href=\"http:\/\/www.acessoainformacao.gov.br\/acessoainformacaogov\/espaco-gestor\/arquivos\/form-reclamacao_PJ.doc\"><strong>em DOC<\/strong><\/a>&nbsp;|&nbsp;<a href=\"http:\/\/www.acessoainformacao.gov.br\/acessoainformacaogov\/espaco-gestor\/arquivos\/form-reclamacao_PJ.odt\"><strong>em ODT<\/strong><\/a><\/p>\n\n\n\n<p>Formul\u00e1rio para recurso \u2013 Pessoa Natural:&nbsp;<a href=\"http:\/\/ufrb.edu.br\/wp-content\/uploads\/2013\/10\/form-recursos-pf-e67.pdf\"><strong>Recurso &#8211; Pessoa natural<\/strong><\/a><\/p>\n\n\n\n<p>Formul\u00e1rio para recurso \u2013 Pessoa Jur\u00eddica:&nbsp;<a href=\"http:\/\/ufrb.edu.br\/wp-content\/uploads\/2013\/10\/form-recursos-pj-238.pdf\"><strong>Recurso &#8211; Pessoa jur\u00eddica<\/strong><\/a><\/p>\n\n\n\n<p><strong>Como proceder caso haja omiss\u00e3o de resposta por parte do \u00f3rg\u00e3o?<\/strong><\/p>\n\n\n\n<p>No caso de omiss\u00e3o de resposta ao pedido de acesso \u00e0 informa\u00e7\u00e3o, o requerente poder\u00e1 apresentar reclama\u00e7\u00e3o no prazo de dez dias \u00e0 autoridade de monitoramento de que trata o&nbsp;<a href=\"http:\/\/www.planalto.gov.br\/ccivil_03\/_ato2011-2014\/2011\/Lei\/L12527.htm#art40\"><strong>art. 40 da Lei n<sup>o<\/sup>&nbsp;12.527, de 2011<\/strong><\/a>, no Fala.BR, atrav\u00e9s do n\u00famero de protocolo da manifesta\u00e7\u00e3o e o c\u00f3digo de acesso enviados por e-mail quando do registro da manifesta\u00e7\u00e3o.<\/p>\n\n\n\n<p><strong>Quais as atribui\u00e7\u00f5es da Autoridade de Monitoramento da LAI?<\/strong><\/p>\n\n\n\n<p>A servidora Cristiane Pereira dos Santos \u00e9 a autoridade de monitoramento da Universidade Federal do Rec\u00f4ncavo da Bahia designada pela Portaria n\u00b0 493 de 7 de junho de 2018 conforme art. 40 da Lei de Acesso \u00e0 Informa\u00e7\u00e3o, cujas atribui\u00e7\u00f5es s\u00e3o:<\/p>\n\n\n\n<p>I &#8211; assegurar o cumprimento das normas relativas ao acesso \u00e0 informa\u00e7\u00e3o, de forma eficiente e adequada aos objetivos da LAI;<\/p>\n\n\n\n<p>II &#8211; monitorar a implementa\u00e7\u00e3o do disposto na LAI e apresentar relat\u00f3rios peri\u00f3dicos sobre o seu cumprimento;<\/p>\n\n\n\n<p>III &#8211; recomendar as medidas indispens\u00e1veis \u00e0 implementa\u00e7\u00e3o e ao aperfei\u00e7oamento das normas e procedimentos necess\u00e1rios ao correto cumprimento da LAI;<\/p>\n\n\n\n<p>IV &#8211; orientar as respectivas unidades no que se refere ao cumprimento do disposto na LAI e seus regulamentos.<\/p>\n\n\n\n<p><strong>Localiza\u00e7\u00e3o<\/strong><\/p>\n\n\n\n<p>Coordenadoria de Infraestrutura e Meio Ambiente &#8211; Centro &#8211; Cruz das Almas\/BA 44.380-000.<\/p>\n\n\n\n<p><strong>Hor\u00e1rio de funcionamento<\/strong><\/p>\n\n\n\n<p>Segunda a sexta, das 8h \u00e0s 12h e 14h \u00e0s 17h<\/p>\n\n\n\n<p><strong>Contatos<\/strong><\/p>\n\n\n\n<p>Fala-BR &#8211;<a href=\"https:\/\/falabr.cgu.gov.br\/publico\/Manifestacao\/SelecionarTipoManifestacao.aspx?ReturnUrl=%2f\">https:\/\/falabr.cgu.gov.br\/publico\/Manifestacao\/SelecionarTipoManifestacao.aspx?ReturnUrl=%2f<\/a><\/p>\n\n\n\n<p>Email &#8211;&nbsp;<a href=\"mailto:sic@reitoria.ufrb.edu.br\">sic@reitoria.ufrb.edu.br<\/a>&nbsp;<\/p>\n\n\n\n<p>Telefones &#8211; (75) 3673-0568 e (75) 99983-2253<\/p>\n\n\n\n<p><strong>Legisla\u00e7\u00e3o<\/strong><\/p>\n\n\n\n<p>Lei n\u00b0 12.527\/2011 que Regula o acesso a informa\u00e7\u00f5es previsto no inciso XXXIII do art. 5<sup>o<\/sup>, no inciso II do \u00a7 3<sup>o<\/sup>&nbsp;do art. 37 e no \u00a7 2<sup>o<\/sup>&nbsp;do art. 216 da Constitui\u00e7\u00e3o Federal; altera a Lei n<sup>o<\/sup>&nbsp;8.112, de 11 de dezembro de 1990; revoga a Lei n<sup>o<\/sup>&nbsp;11.111, de 5 de maio de 2005, e dispositivos da Lei n<sup>o<\/sup>&nbsp;8.159, de 8 de janeiro de 1991; e d\u00e1 outras provid\u00eancias.<\/p>\n\n\n\n<p>Decreto n\u00b0 7.724\/2012 que Regulamenta a Lei n<sup>o<\/sup>&nbsp;12.527, de 18 de novembro de 2011, que disp\u00f5e sobre o acesso a informa\u00e7\u00f5es previsto no inciso XXXIII do caput do art. 5<sup>o<\/sup>, no inciso II do \u00a7 3<sup>o<\/sup>&nbsp;do art. 37 e no \u00a7 2<sup>o<\/sup>&nbsp;do art. 216 da Constitui\u00e7\u00e3o.<\/p>\n\n\n\n<p><strong>Equipe<\/strong><\/p>\n\n\n\n<p>Cristiane Pereira dos Santos &#8211; Ouvidora e Autoridade de Monitoramento da LAI<\/p>\n","protected":false},"excerpt":{"rendered":"<p>Formul\u00e1rios Relat\u00f3rios Estat\u00edsticos e-SIC Painel Lei de Acesso \u00e0 Informa\u00e7\u00e3o Nesta se\u00e7\u00e3o s\u00e3o divulgadas as informa\u00e7\u00f5es sobre o Sistema de Informa\u00e7\u00f5es ao Cidad\u00e3o (SIC), pertinentes ao seu funcionamento, localiza\u00e7\u00e3o e dados de contato no \u00e2mbito da UFRB. A Lei de Acesso a Informa\u00e7\u00e3o &#8211; LAI A Lei n\u00ba 12.527\/2011 \u00e9 uma norma de abrang\u00eancia federal, [&hellip;]<\/p>\n","protected":false},"author":1,"featured_media":0,"parent":0,"menu_order":11,"comment_status":"closed","ping_status":"closed","template":"","meta":{"_acf_changed":false,"footnotes":""},"class_list":["post-20515","page","type-page","status-publish","hentry"],"acf":[],"_links":{"self":[{"href":"https:\/\/ufrb.edu.br\/portal\/wp-json\/wp\/v2\/pages\/20515","targetHints":{"allow":["GET"]}}],"collection":[{"href":"https:\/\/ufrb.edu.br\/portal\/wp-json\/wp\/v2\/pages"}],"about":[{"href":"https:\/\/ufrb.edu.br\/portal\/wp-json\/wp\/v2\/types\/page"}],"author":[{"embeddable":true,"href":"https:\/\/ufrb.edu.br\/portal\/wp-json\/wp\/v2\/users\/1"}],"replies":[{"embeddable":true,"href":"https:\/\/ufrb.edu.br\/portal\/wp-json\/wp\/v2\/comments?post=20515"}],"version-history":[{"count":0,"href":"https:\/\/ufrb.edu.br\/portal\/wp-json\/wp\/v2\/pages\/20515\/revisions"}],"wp:attachment":[{"href":"https:\/\/ufrb.edu.br\/portal\/wp-json\/wp\/v2\/media?parent=20515"}],"curies":[{"name":"wp","href":"https:\/\/api.w.org\/{rel}","templated":true}]}}