{"id":20516,"date":"2013-10-23T21:36:17","date_gmt":"2013-10-23T21:36:17","guid":{"rendered":"https:\/\/ufrb.edu.br\/2013\/10\/23\/fale-conosco\/"},"modified":"2025-11-24T14:46:54","modified_gmt":"2025-11-24T17:46:54","slug":"fale-conosco","status":"publish","type":"page","link":"https:\/\/ufrb.edu.br\/portal\/fale-conosco\/","title":{"rendered":"Fale Conosco"},"content":{"rendered":"\n<p class=\"alert alert-warning\"><i class=\"fa-solid fa-circle-exclamation\"><\/i> A Universidade Federal do Rec\u00f4ncavo da Bahia (UFRB) informa que o servi\u00e7o de telefonia fixa convencional encontra-se indispon\u00edvel devido \u00e0 descontinua\u00e7\u00e3o das opera\u00e7\u00f5es com linhas de cobre pela Oi S.A., prestadora do servi\u00e7o, em \u00e2mbito nacional. Atualmente, a UFRB est\u00e1 conduzindo testes com a solu\u00e7\u00e3o UC4X de telefonia via internet em algumas unidades como a Central de Atendimento. Reiteramos nosso compromisso em resolver essa situa\u00e7\u00e3o com a maior agilidade poss\u00edvel e permanecemos \u00e0 disposi\u00e7\u00e3o para fornecer informa\u00e7\u00f5es adicionais.<\/p>\n\n\n\n<h3 class=\"wp-block-heading\">Central de Atendimento<\/h3>\n\n\n\n<p><i class=\"fa fa-comment\"><\/i> Fale conosco via&nbsp;<a href=\"https:\/\/atendimento-dc7be.chat.blip.ai\/?appKey=dWZyYjc6YmZhZmU0MjEtMDhhNS00NWI3LWI5YWMtOGNiMjM2ZDkxOWI0\">Chat Online<\/a><\/p>\n\n\n\n<p><i class=\"fa fa-envelope\"><\/i> Fale conosco via e-mail: <a href=\"mailto:atendimento@ufrb.edu.br\">atendimento@ufrb.edu.br<\/a><\/p>\n\n\n\n<p><i class=\"fa fa-phone\"><\/i> Fale conosco via telefone: (75) 3621-2350<\/p>\n\n\n\n<p><i class=\"fa fa-hourglass\"><\/i> Hor\u00e1rio de atendimento da Central: de segunda \u00e0 quinta, das 8h \u00e0s 12h e 13h \u00e0s 17h e sexta,&nbsp;das 7h \u00e0s 12h e 13h \u00e0s 16h<\/p>\n\n\n\n<h3 class=\"wp-block-heading\">Ouvidoria<\/h3>\n\n\n\n<p><a href=\"https:\/\/ufrb.edu.br\/ouvidoriageral\">Registre sua den\u00fancia, sugest\u00f5es de melhoria e elogios<\/a>.<\/p>\n\n\n\n<h3 class=\"wp-block-heading\">Endere\u00e7os<\/h3>\n\n\n\n<figure class=\"wp-block-table table table-hover table-condensed\"><table><thead><tr><th>Setor<\/th><th>Endere\u00e7o<\/th><\/tr><\/thead><tbody><tr><td>Reitoria<\/td><td>Rua Rui Barbosa, 710 &#8211; Centro &#8211; Cruz das Almas\/BA CEP: 44.380-000<br><a href=\"https:\/\/ufrb.edu.br\/portal\/2015\/11\/04\/reitoria\/\">ufrb.edu.br\/reitoria<\/a><\/td><\/tr><tr><td>CAHL \u2013 Centro de Artes, Humanidades e Letras<\/td><td>Dire\u00e7\u00e3o: Rua Ana Nery, 25, Centro &#8211; Cachoeira-BA CEP 44300-000<br>Pavilh\u00e3o de Aulas:&nbsp;Rua Maestro Irineu Sacramento, S\/N,&nbsp;Centro &#8211; Cachoeira\/BA CEP: 44.300-000<br><a href=\"\/portal\/cahl\">ufrb.edu.br\/cahl<\/a><\/td><\/tr><tr><td>CCAAB \u2013 Centro de Ci\u00eancias Agr\u00e1rias, Ambientais e Biol\u00f3gicas<\/td><td>Rua Rui Barbosa, 710 &#8211; Centro &#8211; Cruz das Almas\/BA CEP: 44.380-000<br><a href=\"https:\/\/ufrb.edu.br\/portal\/2019\/10\/11\/ccaab\/\">ufrb.edu.br\/ccaab<\/a><\/td><\/tr><tr><td>CCS \u2013 Centro de Ci\u00eancias da Sa\u00fade<\/td><td>Av. Carlos Amaral, 1015 &#8211; Cajueiro &#8211; Santo Ant\u00f4nio de Jesus\/BA CEP: 44.570-000<br><a href=\"\/portal\/ccs\">ufrb.edu.br\/ccs<\/a><\/td><\/tr><tr><td>CECULT \u2013 Centro de Cultura, Linguagens e Tecnologias Aplicadas<\/td><td>Dire\u00e7\u00e3o: Avenida Viana Bandeira, 119, 1\u00ba Andar, Centro &#8211; Santo Amaro\/BA CEP: 44.200-000<br>Pavilh\u00e3o de Aulas: Rua General Argolo, 40, Sacramento &#8211; Santo Amaro\/BA CEP: 44.200-000<br><a href=\"\/portal\/cecult\">ufrb.edu.br\/cecult<\/a><\/td><\/tr><tr><td>CETEC \u2013 Centro de Ci\u00eancias Exatas e Tecnol\u00f3gicas<\/td><td>Rua Rui Barbosa, 710 &#8211; Centro &#8211; Cruz das Almas\/BA CEP: 44.380-000<br><a href=\"\/portal\/cetec\">ufrb.edu.br\/cetec<\/a><\/td><\/tr><tr><td>CETENS \u2013 Centro de Ci\u00eancia e Tecnologia em Energia e Sustentabilidade<\/td><td>Av. Centen\u00e1rio, 697 &#8211; Bairro SIM &#8211; Feira de Santana\/BA CEP: 44.085-132<br><a href=\"\/portal\/cetens\">ufrb.edu.br\/cetens<\/a><\/td><\/tr><tr><td>CFP \u2013 Centro de Forma\u00e7\u00e3o de Professores<\/td><td>Av. Nestor de Melo Pita, 535 &#8211; Amargosa\/BA CEP: 45.300-000<br><a href=\"\/portal\/cfp\">ufrb.edu.br\/cfp<\/a><\/td><\/tr><\/tbody><\/table><\/figure>\n\n\n\n<h3 class=\"wp-block-heading\">Perfis e p\u00e1ginas nas m\u00eddias sociais<\/h3>\n\n\n\n<p>Acompanhe a UFRB: <a href=\"https:\/\/www.facebook.com\/ufrb.edu\">Facebook<\/a>, <a href=\"http:\/\/instagram.com\/ufrb_edu\">Instagram<\/a>, <a href=\"https:\/\/tiktok.com\/@ufrb_edu\">TikTok<\/a>, <a href=\"https:\/\/www.linkedin.com\/company\/ufrb\">LinkedIn<\/a> e <a href=\"http:\/\/www.youtube.com\/ufrb\">YouTube<\/a>.<\/p>\n\n\n\n<h3 class=\"wp-block-heading\">WhatsApp UFRB<\/h3>\n\n\n\n<p>Ingresse no canal da UFRB no WhatsApp!\u00a0A UFRB enviar\u00e1 informes, atualiza\u00e7\u00f5es, not\u00edcias da Universidade de interesse geral e outros destaques, como pesquisas, eventos e oportunidades. <a href=\"https:\/\/ufrb.edu.br\/whatsapp\">Inscreva-se<\/a>.<\/p>\n","protected":false},"excerpt":{"rendered":"<p>A Universidade Federal do Rec\u00f4ncavo da Bahia (UFRB) informa que o servi\u00e7o de telefonia fixa convencional encontra-se indispon\u00edvel devido \u00e0 descontinua\u00e7\u00e3o das opera\u00e7\u00f5es com linhas de cobre pela Oi S.A., prestadora do servi\u00e7o, em \u00e2mbito nacional. Atualmente, a UFRB est\u00e1 conduzindo testes com a solu\u00e7\u00e3o UC4X de telefonia via internet em algumas unidades como a [&hellip;]<\/p>\n","protected":false},"author":1,"featured_media":0,"parent":0,"menu_order":75,"comment_status":"closed","ping_status":"closed","template":"","meta":{"_acf_changed":false,"footnotes":""},"class_list":["post-20516","page","type-page","status-publish","hentry"],"acf":[],"_links":{"self":[{"href":"https:\/\/ufrb.edu.br\/portal\/wp-json\/wp\/v2\/pages\/20516","targetHints":{"allow":["GET"]}}],"collection":[{"href":"https:\/\/ufrb.edu.br\/portal\/wp-json\/wp\/v2\/pages"}],"about":[{"href":"https:\/\/ufrb.edu.br\/portal\/wp-json\/wp\/v2\/types\/page"}],"author":[{"embeddable":true,"href":"https:\/\/ufrb.edu.br\/portal\/wp-json\/wp\/v2\/users\/1"}],"replies":[{"embeddable":true,"href":"https:\/\/ufrb.edu.br\/portal\/wp-json\/wp\/v2\/comments?post=20516"}],"version-history":[{"count":3,"href":"https:\/\/ufrb.edu.br\/portal\/wp-json\/wp\/v2\/pages\/20516\/revisions"}],"predecessor-version":[{"id":44695,"href":"https:\/\/ufrb.edu.br\/portal\/wp-json\/wp\/v2\/pages\/20516\/revisions\/44695"}],"wp:attachment":[{"href":"https:\/\/ufrb.edu.br\/portal\/wp-json\/wp\/v2\/media?parent=20516"}],"curies":[{"name":"wp","href":"https:\/\/api.w.org\/{rel}","templated":true}]}}