{"id":20537,"date":"2015-11-04T17:24:44","date_gmt":"2015-11-04T17:24:44","guid":{"rendered":"https:\/\/ufrb.edu.br\/2015\/11\/04\/estrutura-organizacional\/"},"modified":"2025-11-18T14:50:13","modified_gmt":"2025-11-18T17:50:13","slug":"estrutura-organizacional","status":"publish","type":"page","link":"https:\/\/ufrb.edu.br\/portal\/estrutura-organizacional\/","title":{"rendered":"Estrutura Organizacional"},"content":{"rendered":"\n<div class=\"containerbuttoninterno\">\n<a href=\"\/portal\/conselhos\" class=\"button button-interno\" title=\"Conselhos\">Conselhos<\/a>\n<a href=\"\/portal\/reitoria-2\" class=\"button button-interno\" title=\"Reitoria\">Reitoria<\/a>\n<a href=\"\/portal\/pro-reitorias\" class=\"button button-interno\" title=\"Pr\u00f3-Reitorias\">Pr\u00f3-Reitorias<\/a>\n<a href=\"\/portal\/centros-de-ensino\" class=\"button button-interno\" title=\"Centros de Ensino\">Centros de Ensino<\/a>\n<a href=\"\/portal\/superintendencias\" class=\"button button-interno\" title=\"Superintend\u00eancias\">Superintend\u00eancias<\/a>\n<a href=\"\/portal\/assessorias\" class=\"button button-interno\" title=\"Assessorias\">Assessorias<\/a>\n<a href=\"\/portal\/comissoes-e-comites\" class=\"button button-interno\" title=\"Comiss\u00f5es e Comit\u00eas\">Comiss\u00f5es e Comit\u00eas<\/a>\n<a href=\"\/portal\/auditoria-interna\" class=\"button button-interno\" title=\"Auditoria Interna\">Auditoria Interna<\/a>\n<\/div>\n\n\n\n<h2 class=\"wp-block-heading\">Documentos relacionados<\/h2>\n\n\n\n<p><a href=\"\/portal\/wp-content\/uploads\/2015\/11\/Estatuto-UFRB-3ca.pdf\">Estatuto da UFRB<\/a><\/p>\n\n\n\n<p><a href=\"\/portal\/wp-content\/uploads\/2024\/11\/portaria-537-2008.pdf\">Portaria UFRB N\u00ba 537\/2008<\/a>&nbsp;\u2013 Disp\u00f5e sobre a atualiza\u00e7\u00e3o da estrutura organizacional da UFRB.<\/p>\n\n\n\n<h2 class=\"wp-block-heading\">Organograma<\/h2>\n\n\n\n<figure class=\"wp-block-image size-full\"><a href=\"https:\/\/ufrb.edu.br\/portal\/wp-content\/uploads\/sites\/5\/2025\/11\/organograma-2025-scaled.png\"><img loading=\"lazy\" decoding=\"async\" width=\"2560\" height=\"1318\" src=\"https:\/\/ufrb.edu.br\/portal\/wp-content\/uploads\/sites\/5\/2025\/11\/organograma-2025-scaled.png\" alt=\"\" class=\"wp-image-44616\" srcset=\"https:\/\/ufrb.edu.br\/portal\/wp-content\/uploads\/sites\/5\/2025\/11\/organograma-2025-scaled.png 2560w, https:\/\/ufrb.edu.br\/portal\/wp-content\/uploads\/sites\/5\/2025\/11\/organograma-2025-300x154.png 300w, https:\/\/ufrb.edu.br\/portal\/wp-content\/uploads\/sites\/5\/2025\/11\/organograma-2025-1024x527.png 1024w, https:\/\/ufrb.edu.br\/portal\/wp-content\/uploads\/sites\/5\/2025\/11\/organograma-2025-768x395.png 768w, https:\/\/ufrb.edu.br\/portal\/wp-content\/uploads\/sites\/5\/2025\/11\/organograma-2025-1536x791.png 1536w, https:\/\/ufrb.edu.br\/portal\/wp-content\/uploads\/sites\/5\/2025\/11\/organograma-2025-2048x1055.png 2048w\" sizes=\"auto, (max-width: 2560px) 100vw, 2560px\" \/><\/a><\/figure>\n","protected":false},"excerpt":{"rendered":"<p>Conselhos Reitoria Pr\u00f3-Reitorias Centros de Ensino Superintend\u00eancias Assessorias Comiss\u00f5es e Comit\u00eas Auditoria Interna Documentos relacionados Estatuto da UFRB Portaria UFRB N\u00ba 537\/2008&nbsp;\u2013 Disp\u00f5e sobre a atualiza\u00e7\u00e3o da estrutura organizacional da UFRB. Organograma<\/p>\n","protected":false},"author":1,"featured_media":0,"parent":0,"menu_order":24,"comment_status":"closed","ping_status":"closed","template":"","meta":{"_acf_changed":false,"footnotes":""},"class_list":["post-20537","page","type-page","status-publish","hentry"],"acf":[],"_links":{"self":[{"href":"https:\/\/ufrb.edu.br\/portal\/wp-json\/wp\/v2\/pages\/20537","targetHints":{"allow":["GET"]}}],"collection":[{"href":"https:\/\/ufrb.edu.br\/portal\/wp-json\/wp\/v2\/pages"}],"about":[{"href":"https:\/\/ufrb.edu.br\/portal\/wp-json\/wp\/v2\/types\/page"}],"author":[{"embeddable":true,"href":"https:\/\/ufrb.edu.br\/portal\/wp-json\/wp\/v2\/users\/1"}],"replies":[{"embeddable":true,"href":"https:\/\/ufrb.edu.br\/portal\/wp-json\/wp\/v2\/comments?post=20537"}],"version-history":[{"count":4,"href":"https:\/\/ufrb.edu.br\/portal\/wp-json\/wp\/v2\/pages\/20537\/revisions"}],"predecessor-version":[{"id":44618,"href":"https:\/\/ufrb.edu.br\/portal\/wp-json\/wp\/v2\/pages\/20537\/revisions\/44618"}],"wp:attachment":[{"href":"https:\/\/ufrb.edu.br\/portal\/wp-json\/wp\/v2\/media?parent=20537"}],"curies":[{"name":"wp","href":"https:\/\/api.w.org\/{rel}","templated":true}]}}