{"id":20538,"date":"2015-11-04T17:32:08","date_gmt":"2015-11-04T17:32:08","guid":{"rendered":"https:\/\/ufrb.edu.br\/2015\/11\/04\/competencias\/"},"modified":"2015-11-04T17:32:08","modified_gmt":"2015-11-04T17:32:08","slug":"competencias","status":"publish","type":"page","link":"https:\/\/ufrb.edu.br\/portal\/competencias\/","title":{"rendered":"Compet\u00eancias"},"content":{"rendered":"<p><strong>Reitoria<\/strong><\/p>\n<p>A Reitoria e \u00f3rg\u00e3o executivo superior respons\u00e1vel por coordenar, fiscalizar e superintender todas as atividades universit\u00e1rias, dando cumprimento a legisla\u00e7\u00e3o vigente e as delibera\u00e7\u00f5es dos Conselhos Universit\u00e1rio e Acad\u00eamico, al\u00e9m de estabelecer as a\u00e7\u00f5es e medidas regulamentares cab\u00edveis.<\/p>\n<p><strong>Chefia de Gabinete<\/strong><\/p>\n<p>Assiste o Reitor, relaciona-se com todos os n\u00edveis da administra\u00e7\u00e3o e com o p\u00fablico em geral; transmite e acompanha a execu\u00e7\u00e3o das determina\u00e7\u00f5es emanadas pelo reitor; coordena as atividades expedientes; analisa, instrui e despacha expedientes oficiais e correspond\u00eancias que tramitem no Gabinete; cumpre e faz cumprir as determina\u00e7\u00f5es emanadas da Reitoria no \u00e2mbito desta Universidade.<\/p>\n<p><strong>Pr\u00f3-Reitoria de Gradua\u00e7\u00e3o &#8211; PROGRAD <\/strong><\/p>\n<p>A Pr\u00f3-Reitoria de Gradua\u00e7\u00e3o \u00e9 respons\u00e1vel pela proposi\u00e7\u00e3o, coordena\u00e7\u00e3o e avalia\u00e7\u00e3o das pol\u00edticas de ensino de gradua\u00e7\u00e3o, em conson\u00e2ncia com as diretrizes estabelecidas no Plano de Desenvolvimento Institucional &#8211; PDI.<\/p>\n<p><strong>Pr\u00f3-Reitoria de Pesquisa, P\u00f3s-Gradua\u00e7\u00e3o, Ci\u00eancia e Inova\u00e7\u00e3o &#8211; PPGCI<\/strong><\/p>\n<p>A Pr\u00f3-Reitoria de Pesquisa P\u00f3s-Gradua\u00e7\u00e3o, Cria\u00e7\u00e3o e Inova\u00e7\u00e3o \u00e9 respons\u00e1vel pelo planejamento, coordena\u00e7\u00e3o, fiscaliza\u00e7\u00e3o e implementa\u00e7\u00e3o da pol\u00edtica de P\u00f3s-Gradua\u00e7\u00e3o, Pesquisa, Cria\u00e7\u00e3o e Inova\u00e7\u00e3o da UFRB.<\/p>\n<p><strong>Pr\u00f3-Reitoria de Extens\u00e3o &#8211; PROEXT<\/strong><\/p>\n<p>A Pr\u00f3-Reitoria de Extens\u00e3o e respons\u00e1vel por planejar, coordenar e avaliar as pol\u00edticas de Extens\u00e3o da UFRB. Coordenar, articular, fomentar, cadastrar, acompanhar e certificar as atividades de extens\u00e3o realizadas pelos Centros de Ensino, bem como pelos programas institucionais de car\u00e1ter extencionista.<\/p>\n<p><strong>Pr\u00f3-Reitoria de Pol\u00edticas Afirmativas e Assuntos Estudantis &#8211; PROPAAE<\/strong><\/p>\n<p>A Pr\u00f3-Reitoria de Pol\u00edticas Afirmativas e Assuntos Estudantis e respons\u00e1vel por planejar, coordenar e avaliar as pol\u00edticas de A\u00e7\u00f5es Afirmativas e Estudantis da UFRB. Gerir e avaliar as a\u00e7\u00f5es que assegurem a perman\u00eancia dos estudantes da UFRB; implementar a pol\u00edtica institucional de acesso, perman\u00eancia e p\u00f3s-perman\u00eancia na UFRB; promover a\u00e7\u00f5es estrat\u00e9gicas em prol da integra\u00e7\u00e3o e conviv\u00eancia da comunidade acad\u00eamica na Universidade; agir em prol da pregn\u00e2ncia institucional da pol\u00edtica de a\u00e7\u00f5es afirmativas e assuntos estudantis.<\/p>\n<p><strong>Pr\u00f3-Reitoria de Planejamento &#8211; PROPLAN<\/strong><\/p>\n<p>A Pr\u00f3-Reitoria de Planejamento e respons\u00e1vel pela proposi\u00e7\u00e3o, coordena\u00e7\u00e3o, execu\u00e7\u00e3o e acompanhamento das pol\u00edticas de planejamento e desenvolvimento institucional da UFRB. Elaborar pIanos, programas e projetos de car\u00e1ter institucional; elaborar e acompanhar a execu\u00e7\u00e3o do or\u00e7amento da Universidade; executar a pol\u00edtica bibliotecon6mica da UFRB e propor atualiza\u00e7\u00f5es e inova\u00e7\u00f5es;<\/p>\n<p><strong>Pr\u00f3-Reitoria de Administra\u00e7\u00e3o &#8211; PROAD<\/strong><\/p>\n<p>A Pr\u00f3-Reitoria de Administra\u00e7\u00e3o e respons\u00e1vel pela fixa\u00e7\u00e3o de normas e diretrizes de administra\u00e7\u00e3o, proposi\u00e7\u00e3o, coordena\u00e7\u00e3o, acompanhamento e avalia\u00e7\u00e3o das a\u00e7\u00f5es e pol\u00edticas de Gest\u00e3o Administrativa e Patrimonial da UFRB, em conformidade com o Plano de Desenvolvimento Institucional; promover, juntamente com os \u00f3rg\u00e3os da Universidade, a elabora\u00e7\u00e3o de normas, manuais, instru\u00e7\u00f5es, rotinas, fluxos, formul\u00e1rios e impressos; garantir a seguran\u00e7a do campus e da sua estrutura f\u00edsica e patrimonial; programar, executar e controlar o recebimento, a guarda e distribui\u00e7\u00e3o dos materiais adquiridos pela UFRB;<\/p>\n<p><strong>Pr\u00f3-Reitoria de Gest\u00e3o de Pessoal &#8211; PROGEP<\/strong><\/p>\n<p>A Pr\u00f3-Reitoria de Gest\u00e3o de Pessoal e respons\u00e1vel pela proposi\u00e7\u00e3o de diretrizes, a orienta\u00e7\u00e3o, a coordena\u00e7\u00e3o, a supervis\u00e3o e a fiscaliza\u00e7\u00e3o de assuntos e atividades concernentes ao pessoal; propor o desenvolvimento e implantar sistemas de informa\u00e7\u00e3o de gest\u00e3o de pessoal que permitam o cumprimento das orienta\u00e7\u00f5es relativas a administra\u00e7\u00e3o de recursos humanos, bem como a produ\u00e7\u00e3o de informa\u00e7\u00f5es gerenciais.<\/p>\n<p><strong>Procuradoria Federal<\/strong><\/p>\n<p>Procuradoria Federal na UFRB e uma Unidade Consultiva e de Contenciosa, \u00f3rg\u00e3o de execu\u00e7\u00e3o da Advocacia-Geral da Uni\u00e3o, que integra a Procuradoria-Geral da Uni\u00e3o. Cabe a ela assistir a autoridade, assessorada no controle interno da legalidade administrativa dos atos a serem por ela praticados ou j\u00e1 efetivados e daqueles oriundos de \u00f3rg\u00e3o ou entidade sob sua coordena\u00e7\u00e3o jur\u00eddica.<\/p>\n<p><strong>Assessoria de Comunica\u00e7\u00e3o &#8211; ASCOM<\/strong><\/p>\n<p>A Assessoria de Comunica\u00e7\u00e3o e o Setor de apoio e assessoramento da Reitoria nas \u00e1reas de Imprensa, Publicidade e Propaganda, Rela\u00e7\u00f5es P\u00fablicas, Internet e Produ\u00e7\u00e3o Audiovisual, participar do planejamento e organiza\u00e7\u00e3o de eventos;<\/p>\n<p><strong>Superintend\u00eancia de Assuntos Internacionais &#8211; SUPAI<\/strong><\/p>\n<p>Superintend\u00eancia de Assuntos Internacionais \u00e9 o \u00f3rg\u00e3o de apoio e assessoramento da Reitoria, tendo como atribui\u00e7\u00e3o promover a\u00e7\u00f5es voltadas para a internacionaliza\u00e7\u00e3o da UFRB, de forma institucionalizada, de acordo com a miss\u00e3o e a finalidade desta Universidade. Deve propor e analisar os conv\u00eanios de coopera\u00e7\u00e3o internacional e auxiliar estudantes, professores e t\u00e9cnico-administrativos nos contatos com institui\u00e7\u00f5es de ensino e pesquisa no exterior.<\/p>\n<p><strong>Superintend\u00eancia da Editora<\/strong><\/p>\n<p>A Superintend\u00eancia da Editora da UFRB, \u00f3rg\u00e3o da administra\u00e7\u00e3o superior subordinado a Reitoria, tem por finalidade a publica\u00e7\u00e3o de trabalhos cient\u00edficos, did\u00e1ticos, t\u00e9cnicos, liter\u00e1rios e culturais, visando a difus\u00e3o do conhecimento prioritariamente da UFRB. Promover eventos relacionados a divulga\u00e7\u00e3o da leitura e do livro; distribuir nacional e internacionalmente as publica\u00e7\u00f5es da EDUFRB.<\/p>\n<p><strong>Superintend\u00eancia de Regula\u00e7\u00e3o e Registros Acad\u00eamicos &#8211; SURRAC<\/strong><\/p>\n<p>A Superintend\u00eancia De Regula\u00e7\u00e3o E Registros Acad\u00eamicos, \u00f3rg\u00e3o da administra\u00e7\u00e3o superior subordinado \u00e0 Reitoria, tem como finalidade realizar a regula\u00e7\u00e3o dos cursos de gradua\u00e7\u00e3o, assim como manter atualizados os dados institucionais referentes a gradua\u00e7\u00e3o e p\u00f3s-gradua\u00e7\u00e3o.<\/p>\n<p><strong>Auditoria Interna<\/strong><\/p>\n<p>A Auditoria Interna e um \u00f3rg\u00e3o integrante da Reitoria, vinculado ao Conselho Curador, respons\u00e1vel pelas atividades de orienta\u00e7\u00e3o, controle e fiscaliza\u00e7\u00e3o dos atos e fatos administrativos da Universidade. Lhe compete acompanhar e avaliar o cumprimento de metas e a execu\u00e7\u00e3o dos programas governamentais e or\u00e7ament\u00e1rios, pela UFRB; preservar os interesses da institui\u00e7\u00e3o contra ilegalidades, erros ou outras irregularidades; propor mecanismos para o exerc\u00edcio do controle social sobre as a\u00e7\u00f5es da Institui\u00e7\u00e3o e adequa\u00e7\u00e3o dos j\u00e1 existentes.<\/p>\n","protected":false},"excerpt":{"rendered":"<p>Reitoria A Reitoria e \u00f3rg\u00e3o executivo superior respons\u00e1vel por coordenar, fiscalizar e superintender todas as atividades universit\u00e1rias, dando cumprimento a legisla\u00e7\u00e3o vigente e as delibera\u00e7\u00f5es dos Conselhos Universit\u00e1rio e Acad\u00eamico, al\u00e9m de estabelecer as a\u00e7\u00f5es e medidas regulamentares cab\u00edveis. Chefia de Gabinete Assiste o Reitor, relaciona-se com todos os n\u00edveis da administra\u00e7\u00e3o e com o [&hellip;]<\/p>\n","protected":false},"author":1,"featured_media":0,"parent":0,"menu_order":23,"comment_status":"closed","ping_status":"closed","template":"","meta":{"_acf_changed":false,"footnotes":""},"class_list":["post-20538","page","type-page","status-publish","hentry"],"acf":[],"_links":{"self":[{"href":"https:\/\/ufrb.edu.br\/portal\/wp-json\/wp\/v2\/pages\/20538","targetHints":{"allow":["GET"]}}],"collection":[{"href":"https:\/\/ufrb.edu.br\/portal\/wp-json\/wp\/v2\/pages"}],"about":[{"href":"https:\/\/ufrb.edu.br\/portal\/wp-json\/wp\/v2\/types\/page"}],"author":[{"embeddable":true,"href":"https:\/\/ufrb.edu.br\/portal\/wp-json\/wp\/v2\/users\/1"}],"replies":[{"embeddable":true,"href":"https:\/\/ufrb.edu.br\/portal\/wp-json\/wp\/v2\/comments?post=20538"}],"version-history":[{"count":0,"href":"https:\/\/ufrb.edu.br\/portal\/wp-json\/wp\/v2\/pages\/20538\/revisions"}],"wp:attachment":[{"href":"https:\/\/ufrb.edu.br\/portal\/wp-json\/wp\/v2\/media?parent=20538"}],"curies":[{"name":"wp","href":"https:\/\/api.w.org\/{rel}","templated":true}]}}