{"id":20542,"date":"2015-11-04T17:32:38","date_gmt":"2015-11-04T17:32:38","guid":{"rendered":"https:\/\/ufrb.edu.br\/2015\/11\/04\/base-juridica-da-estrutura-organizacional-e-das-competencias-do-orgao-ou-entidade\/"},"modified":"2015-11-04T17:32:38","modified_gmt":"2015-11-04T17:32:38","slug":"base-juridica-da-estrutura-organizacional-e-das-competencias-do-orgao-ou-entidade","status":"publish","type":"page","link":"https:\/\/ufrb.edu.br\/portal\/base-juridica-da-estrutura-organizacional-e-das-competencias-do-orgao-ou-entidade\/","title":{"rendered":"Base jur\u00eddica da estrutura organizacional e das compet\u00eancias do \u00f3rg\u00e3o ou entidade"},"content":{"rendered":"<h4>Normas de cria\u00e7\u00e3o e altera\u00e7\u00e3o<\/h4>\n<ul>\n<li><a href=\"http:\/\/ufrb.edu.br\/wp-content\/uploads\/2015\/11\/lei_ufrb-9ae.pdf\">Lei 11.151, de 29\/07\/2005<\/a> \u2013 Disp\u00f5e sobre a cria\u00e7\u00e3o da Universidade Federal do Rec\u00f4ncavo da Bahia (UFRB), por desmembramento da Universidade Federal da Bahia (UFBA), e d\u00e1 outras provid\u00eancias.<\/li>\n<\/ul>\n<h4>Outras normas infralegais relacionadas \u00e0 gest\u00e3o e estrutura<\/h4>\n<ul>\n<li><a href=\"http:\/\/ufrb.edu.br\/wp-content\/uploads\/2015\/11\/Estatuto-UFRB-3ca.pdf\">Estatuto da UFRB<\/a><\/li>\n<li><a href=\"http:\/\/portal.mec.gov.br\/cne\/arquivos\/pdf\/pces278_06.pdf\">Portaria MEC N\u00ba 65, de 17\/01\/2007<\/a>&nbsp;\u2013 Disp\u00f5e sobre a aprova\u00e7\u00e3o do Estatuto da Universidade Federal do Rec\u00f4ncavo da Bahia, tendo em vista o Parecer n\u00ba 278\/2006 da C\u00e2mara de Educa\u00e7\u00e3o Superior do Conselho Nacional de Educa\u00e7\u00e3o.<\/li>\n<li><a href=\"https:\/\/www1.ufrb.edu.br\/soc\/images\/LEGISLA%C3%87%C3%83O\/regimento_geral_ufrb.pdf\">Resolu\u00e7\u00e3o CONSUNI N\u00ba 1, de 10\/01\/2008<\/a>&nbsp;\u2013 Disp\u00f5e sobre a aprova\u00e7\u00e3o do Regimento Geral da Universidade Federal do Rec\u00f4ncavo da Bahia.<\/li>\n<\/ul>\n<h4>Manuais e publica\u00e7\u00f5es relacionadas \u00e0s atividades<\/h4>\n<ul>\n<li><a href=\"https:\/\/sistemas.ufrb.edu.br\/public\/visualizaBoletins.do?aba=p-boletins&amp;publico=true\">Boletins de Servi\u00e7os<\/a><\/li>\n<li><a href=\"https:\/\/www.gov.br\/pt-br\/search?SearchableText=ufrb\">Carta de Servi\u00e7os ao Usu\u00e1rio da UFRB<\/a><\/li>\n<li><a href=\"\/portal\/progep\/documentos\/category\/29\">Manual de Normas &#8211; Gest\u00e3o de Pessoal<\/a><\/li>\n<li><a href=\"http:\/\/ufrb.edu.br\/wp-content\/uploads\/2015\/11\/reg-ufrb-2018-cf4.pdf\">Regulamento do Ensino de Gradua\u00e7\u00e3o<\/a><\/li>\n<li><a href=\"\/portal\/reitoria\/portarias\">Portarias da Reitoria<\/a><\/li>\n<li><a href=\"\/portal\/soc\/atas-e-resolucoes\">Resolu\u00e7\u00f5es CONAC<\/a><\/li>\n<li><a href=\"\/portal\/soc\/atas-e-resolucoes\">Resolu\u00e7\u00f5es CONSUNI<\/a><\/li>\n<li><a href=\"https:\/\/docs.google.com\/spreadsheets\/d\/1TtwLZIV-tO_Ce48pxDgRvyhhZTbgCp1Tf5s-QyYRsCM\">Atos Normativos<\/a><\/li>\n<li><a href=\"http:\/\/ufrb.edu.br\/wp-content\/uploads\/2015\/11\/20201202150910_Glossrio_de_Conceitos_Acadmicos_SIGAA_UFRB-611.pdf\">Gloss\u00e1rio de Conceitos Acad\u00eamicos presentes no Sistema de Gest\u00e3o de Atividades Acad\u00eamicas (SIGAA)<\/a><\/li>\n<\/ul>\n","protected":false},"excerpt":{"rendered":"<p>Normas de cria\u00e7\u00e3o e altera\u00e7\u00e3o Lei 11.151, de 29\/07\/2005 \u2013 Disp\u00f5e sobre a cria\u00e7\u00e3o da Universidade Federal do Rec\u00f4ncavo da Bahia (UFRB), por desmembramento da Universidade Federal da Bahia (UFBA), e d\u00e1 outras provid\u00eancias. Outras normas infralegais relacionadas \u00e0 gest\u00e3o e estrutura Estatuto da UFRB Portaria MEC N\u00ba 65, de 17\/01\/2007&nbsp;\u2013 Disp\u00f5e sobre a aprova\u00e7\u00e3o [&hellip;]<\/p>\n","protected":false},"author":1,"featured_media":0,"parent":0,"menu_order":21,"comment_status":"closed","ping_status":"closed","template":"","meta":{"_acf_changed":false,"footnotes":""},"class_list":["post-20542","page","type-page","status-publish","hentry"],"acf":[],"_links":{"self":[{"href":"https:\/\/ufrb.edu.br\/portal\/wp-json\/wp\/v2\/pages\/20542","targetHints":{"allow":["GET"]}}],"collection":[{"href":"https:\/\/ufrb.edu.br\/portal\/wp-json\/wp\/v2\/pages"}],"about":[{"href":"https:\/\/ufrb.edu.br\/portal\/wp-json\/wp\/v2\/types\/page"}],"author":[{"embeddable":true,"href":"https:\/\/ufrb.edu.br\/portal\/wp-json\/wp\/v2\/users\/1"}],"replies":[{"embeddable":true,"href":"https:\/\/ufrb.edu.br\/portal\/wp-json\/wp\/v2\/comments?post=20542"}],"version-history":[{"count":0,"href":"https:\/\/ufrb.edu.br\/portal\/wp-json\/wp\/v2\/pages\/20542\/revisions"}],"wp:attachment":[{"href":"https:\/\/ufrb.edu.br\/portal\/wp-json\/wp\/v2\/media?parent=20542"}],"curies":[{"name":"wp","href":"https:\/\/api.w.org\/{rel}","templated":true}]}}