{"id":20544,"date":"2015-11-04T17:34:04","date_gmt":"2015-11-04T17:34:04","guid":{"rendered":"https:\/\/ufrb.edu.br\/2015\/11\/04\/horario-de-atendimento\/"},"modified":"2015-11-04T17:34:04","modified_gmt":"2015-11-04T17:34:04","slug":"horario-de-atendimento","status":"publish","type":"page","link":"https:\/\/ufrb.edu.br\/portal\/horario-de-atendimento\/","title":{"rendered":"Hor\u00e1rio de Atendimento"},"content":{"rendered":"<p>Informa\u00e7\u00f5es dispon\u00edveis na&nbsp;<a href=\"https:\/\/www.gov.br\/pt-br\/search?SearchableText=UFRB\">Carta de Servi\u00e7os ao Usu\u00e1rio da UFRB<\/a>.<\/p>\n","protected":false},"excerpt":{"rendered":"<p>Informa\u00e7\u00f5es dispon\u00edveis na&nbsp;Carta de Servi\u00e7os ao Usu\u00e1rio da UFRB.<\/p>\n","protected":false},"author":1,"featured_media":0,"parent":0,"menu_order":20,"comment_status":"closed","ping_status":"closed","template":"","meta":{"_acf_changed":false,"footnotes":""},"class_list":["post-20544","page","type-page","status-publish","hentry"],"acf":[],"_links":{"self":[{"href":"https:\/\/ufrb.edu.br\/portal\/wp-json\/wp\/v2\/pages\/20544","targetHints":{"allow":["GET"]}}],"collection":[{"href":"https:\/\/ufrb.edu.br\/portal\/wp-json\/wp\/v2\/pages"}],"about":[{"href":"https:\/\/ufrb.edu.br\/portal\/wp-json\/wp\/v2\/types\/page"}],"author":[{"embeddable":true,"href":"https:\/\/ufrb.edu.br\/portal\/wp-json\/wp\/v2\/users\/1"}],"replies":[{"embeddable":true,"href":"https:\/\/ufrb.edu.br\/portal\/wp-json\/wp\/v2\/comments?post=20544"}],"version-history":[{"count":0,"href":"https:\/\/ufrb.edu.br\/portal\/wp-json\/wp\/v2\/pages\/20544\/revisions"}],"wp:attachment":[{"href":"https:\/\/ufrb.edu.br\/portal\/wp-json\/wp\/v2\/media?parent=20544"}],"curies":[{"name":"wp","href":"https:\/\/api.w.org\/{rel}","templated":true}]}}