{"id":20547,"date":"2015-11-04T18:04:19","date_gmt":"2015-11-04T18:04:19","guid":{"rendered":"https:\/\/ufrb.edu.br\/2015\/11\/04\/pro-reitorias\/"},"modified":"2015-11-04T18:04:19","modified_gmt":"2015-11-04T18:04:19","slug":"pro-reitorias","status":"publish","type":"page","link":"https:\/\/ufrb.edu.br\/portal\/pro-reitorias\/","title":{"rendered":"Pr\u00f3-Reitorias"},"content":{"rendered":"\n<p><strong>Pr\u00f3-Reitoria de Administra\u00e7\u00e3o &#8211; PROAD<\/strong><\/p>\n\n\n\n<p>Respons\u00e1vel pela gest\u00e3o administrativa, incluindo recursos financeiros, patrimoniais e humanos, al\u00e9m da infraestrutura f\u00edsica.<\/p>\n\n\n\n<p>Site:\u00a0<a href=\"https:\/\/www.ufrb.edu.br\/proad\">ufrb.edu.br\/proad<\/a><\/p>\n\n\n\n<p><strong>Pr\u00f3-Reitoria de Gest\u00e3o de Pessoas &#8211; PROGEP<\/strong><\/p>\n\n\n\n<p>Respons\u00e1vel pela gest\u00e3o dos recursos humanos, incluindo administra\u00e7\u00e3o de pessoal e desenvolvimento de carreira.<\/p>\n\n\n\n<p>Site:\u00a0<a href=\"https:\/\/www.ufrb.edu.br\/progep\">ufrb.edu.br\/progep<\/a><\/p>\n\n\n\n<p><strong>Pr\u00f3-Reitoria de Gradua\u00e7\u00e3o &#8211; PROGRAD<\/strong><\/p>\n\n\n\n<p>Respons\u00e1vel pela coordena\u00e7\u00e3o das atividades acad\u00eamicas de gradua\u00e7\u00e3o.<\/p>\n\n\n\n<p>Site:\u00a0<a href=\"https:\/\/www.ufrb.edu.br\/prograd\">ufrb.edu.br\/prograd<\/a><\/p>\n\n\n\n<p><strong>Pr\u00f3-Reitoria de Pesquisa, P\u00f3s-Gradua\u00e7\u00e3o, Cria\u00e7\u00e3o e Inova\u00e7\u00e3o &#8211; PPGCI<\/strong><\/p>\n\n\n\n<p>Respons\u00e1vel pela coordena\u00e7\u00e3o das atividades de pesquisa, p\u00f3s-gradua\u00e7\u00e3o, cria\u00e7\u00e3o e inova\u00e7\u00e3o.<\/p>\n\n\n\n<p>Site:\u00a0<a title=\"PRPPG\" href=\"https:\/\/www.ufrb.edu.br\/ppgci\" target=\"_blank\" rel=\"noopener\">ufrb.edu.br\/ppgci<\/a><\/p>\n\n\n\n<p><strong>Pr\u00f3-Reitoria de Planejamento &#8211; PROPLAN<\/strong><\/p>\n\n\n\n<p>Respons\u00e1vel pela coordena\u00e7\u00e3o do planejamento estrat\u00e9gico e operacional da universidade, incluindo a elabora\u00e7\u00e3o de planos e a gest\u00e3o de indicadores institucionais.<\/p>\n\n\n\n<p>Site:\u00a0<a href=\"https:\/\/www.ufrb.edu.br\/proplan\">ufrb.edu.br\/proplan<\/a><\/p>\n\n\n\n<p><strong>Pr\u00f3-Reitoria de Extens\u00e3o e Cultura &#8211; PROEXC<\/strong><\/p>\n\n\n\n<p>Respons\u00e1vel pela coordena\u00e7\u00e3o das atividades de extens\u00e3o universit\u00e1ria e cultura, promovendo a intera\u00e7\u00e3o entre a universidade e a sociedade.<\/p>\n\n\n\n<p>Site:\u00a0<a href=\"https:\/\/www.ufrb.edu.br\/proexc\">ufrb.edu.br\/proexc<\/a><\/p>\n\n\n\n<p><strong>Pr\u00f3-Reitoria de Pol\u00edticas Afirmativas e Assuntos Estudantis &#8211; PROPAAE<\/strong><\/p>\n\n\n\n<p>Respons\u00e1vel pela coordena\u00e7\u00e3o das pol\u00edticas afirmativas e assuntos estudantis.<\/p>\n\n\n\n<p>Site:\u00a0<a href=\"https:\/\/www.ufrb.edu.br\/propaae\">ufrb.edu.br\/propaae<\/a><\/p>\n","protected":false},"excerpt":{"rendered":"<p>Pr\u00f3-Reitoria de Administra\u00e7\u00e3o &#8211; PROAD Respons\u00e1vel pela gest\u00e3o administrativa, incluindo recursos financeiros, patrimoniais e humanos, al\u00e9m da infraestrutura f\u00edsica. Site:\u00a0ufrb.edu.br\/proad Pr\u00f3-Reitoria de Gest\u00e3o de Pessoas &#8211; PROGEP Respons\u00e1vel pela gest\u00e3o dos recursos humanos, incluindo administra\u00e7\u00e3o de pessoal e desenvolvimento de carreira. Site:\u00a0ufrb.edu.br\/progep Pr\u00f3-Reitoria de Gradua\u00e7\u00e3o &#8211; PROGRAD Respons\u00e1vel pela coordena\u00e7\u00e3o das atividades acad\u00eamicas de gradua\u00e7\u00e3o. [&hellip;]<\/p>\n","protected":false},"author":1,"featured_media":0,"parent":0,"menu_order":17,"comment_status":"closed","ping_status":"closed","template":"","meta":{"_acf_changed":false,"footnotes":""},"class_list":["post-20547","page","type-page","status-publish","hentry"],"acf":[],"_links":{"self":[{"href":"https:\/\/ufrb.edu.br\/portal\/wp-json\/wp\/v2\/pages\/20547","targetHints":{"allow":["GET"]}}],"collection":[{"href":"https:\/\/ufrb.edu.br\/portal\/wp-json\/wp\/v2\/pages"}],"about":[{"href":"https:\/\/ufrb.edu.br\/portal\/wp-json\/wp\/v2\/types\/page"}],"author":[{"embeddable":true,"href":"https:\/\/ufrb.edu.br\/portal\/wp-json\/wp\/v2\/users\/1"}],"replies":[{"embeddable":true,"href":"https:\/\/ufrb.edu.br\/portal\/wp-json\/wp\/v2\/comments?post=20547"}],"version-history":[{"count":0,"href":"https:\/\/ufrb.edu.br\/portal\/wp-json\/wp\/v2\/pages\/20547\/revisions"}],"wp:attachment":[{"href":"https:\/\/ufrb.edu.br\/portal\/wp-json\/wp\/v2\/media?parent=20547"}],"curies":[{"name":"wp","href":"https:\/\/api.w.org\/{rel}","templated":true}]}}