{"id":20548,"date":"2015-11-04T18:04:51","date_gmt":"2015-11-04T18:04:51","guid":{"rendered":"https:\/\/ufrb.edu.br\/2015\/11\/04\/centros-de-ensino\/"},"modified":"2015-11-04T18:04:51","modified_gmt":"2015-11-04T18:04:51","slug":"centros-de-ensino","status":"publish","type":"page","link":"https:\/\/ufrb.edu.br\/portal\/centros-de-ensino\/","title":{"rendered":"Centros de Ensino"},"content":{"rendered":"\n<p><strong>Centro de Artes, Humanidades e Letras &#8211; CAHL<\/strong><\/p>\n\n\n\n<p>Site: <a href=\"https:\/\/www.ufrb.edu.br\/cahl\">ufrb.edu.br\/cahl<\/a><\/p>\n\n\n\n<p><strong>Centro de Ci\u00eancia e Tecnologia em Energia e Sustentabilidade &#8211; CETENS<\/strong><\/p>\n\n\n\n<p>Site: <a href=\"https:\/\/www.ufrb.edu.br\/ccaab\">ufrb.edu.br\/cetens<\/a><\/p>\n\n\n\n<p><strong>Centro de Ci\u00eancias Agr\u00e1rias, Ambientais e Biol\u00f3gicas &#8211; CCAAB<\/strong><\/p>\n\n\n\n<p>Site: <a href=\"https:\/\/www.ufrb.edu.br\/ccaab\">ufrb.edu.br\/ccaab<\/a><\/p>\n\n\n\n<p><strong>Centro de Ci\u00eancias da Sa\u00fade &#8211; CCS<\/strong><\/p>\n\n\n\n<p>Site: <a href=\"https:\/\/www.ufrb.edu.br\/ccs\">ufrb.edu.br\/ccs<\/a><\/p>\n\n\n\n<p><strong>Centro de Ci\u00eancias Exatas e Tecnol\u00f3gicas &#8211; CETEC<\/strong><\/p>\n\n\n\n<p>Site: <a href=\"https:\/\/www.ufrb.edu.br\/cetec\">ufrb.edu.br\/cetec<\/a><\/p>\n\n\n\n<p><strong>Centro de Cultura, Linguagens e Tecnologias Aplicadas &#8211; CECULT<\/strong><\/p>\n\n\n\n<p>Site: <a href=\"https:\/\/ufrb.edu.br\/cecult\/conheca-o-cecult\">ufrb.edu.br\/cecult<\/a><\/p>\n\n\n\n<p><strong>Centro de Forma\u00e7\u00e3o de Professores &#8211; CFP<\/strong><\/p>\n\n\n\n<p>Site:\u00a0<a href=\"https:\/\/www.ufrb.edu.br\/cfp\">ufrb.edu.br\/cfp<\/a><\/p>\n","protected":false},"excerpt":{"rendered":"<p>Centro de Artes, Humanidades e Letras &#8211; CAHL Site: ufrb.edu.br\/cahl Centro de Ci\u00eancia e Tecnologia em Energia e Sustentabilidade &#8211; CETENS Site: ufrb.edu.br\/cetens Centro de Ci\u00eancias Agr\u00e1rias, Ambientais e Biol\u00f3gicas &#8211; CCAAB Site: ufrb.edu.br\/ccaab Centro de Ci\u00eancias da Sa\u00fade &#8211; CCS Site: ufrb.edu.br\/ccs Centro de Ci\u00eancias Exatas e Tecnol\u00f3gicas &#8211; CETEC Site: ufrb.edu.br\/cetec Centro de [&hellip;]<\/p>\n","protected":false},"author":1,"featured_media":0,"parent":0,"menu_order":16,"comment_status":"closed","ping_status":"closed","template":"","meta":{"_acf_changed":false,"footnotes":""},"class_list":["post-20548","page","type-page","status-publish","hentry"],"acf":[],"_links":{"self":[{"href":"https:\/\/ufrb.edu.br\/portal\/wp-json\/wp\/v2\/pages\/20548","targetHints":{"allow":["GET"]}}],"collection":[{"href":"https:\/\/ufrb.edu.br\/portal\/wp-json\/wp\/v2\/pages"}],"about":[{"href":"https:\/\/ufrb.edu.br\/portal\/wp-json\/wp\/v2\/types\/page"}],"author":[{"embeddable":true,"href":"https:\/\/ufrb.edu.br\/portal\/wp-json\/wp\/v2\/users\/1"}],"replies":[{"embeddable":true,"href":"https:\/\/ufrb.edu.br\/portal\/wp-json\/wp\/v2\/comments?post=20548"}],"version-history":[{"count":0,"href":"https:\/\/ufrb.edu.br\/portal\/wp-json\/wp\/v2\/pages\/20548\/revisions"}],"wp:attachment":[{"href":"https:\/\/ufrb.edu.br\/portal\/wp-json\/wp\/v2\/media?parent=20548"}],"curies":[{"name":"wp","href":"https:\/\/api.w.org\/{rel}","templated":true}]}}