{"id":20549,"date":"2015-11-04T18:05:20","date_gmt":"2015-11-04T18:05:20","guid":{"rendered":"https:\/\/ufrb.edu.br\/2015\/11\/04\/superintendencias\/"},"modified":"2026-03-17T11:36:15","modified_gmt":"2026-03-17T14:36:15","slug":"superintendencias","status":"publish","type":"page","link":"https:\/\/ufrb.edu.br\/portal\/superintendencias\/","title":{"rendered":"Superintend\u00eancias"},"content":{"rendered":"\n<p><strong>Superintend\u00eancia da Editora UFRB &#8211; EDUFRB<\/strong><\/p>\n\n\n\n<p>Respons\u00e1vel pela gest\u00e3o da editora universit\u00e1ria, respons\u00e1vel pela publica\u00e7\u00e3o de livros e materiais acad\u00eamicos.<\/p>\n\n\n\n<p>Site:&nbsp;<a href=\"https:\/\/www.ufrb.edu.br\/editora\">ufrb.edu.br\/editora<\/a><\/p>\n\n\n\n<p><strong>Superintend\u00eancia de Comunica\u00e7\u00e3o &#8211; SUPERCOM<\/strong><\/p>\n\n\n\n<p>Repons\u00e1vel pelas atividades de divulga\u00e7\u00e3o dos assuntos da Universidade para a comunidade acad\u00eamica e tamb\u00e9m para os meios de comunica\u00e7\u00e3o de alcance local e nacional, incluindo jornais, revistas, r\u00e1dios, emissoras de televis\u00e3o e a m\u00eddia especializada da Internet, al\u00e9m do atendimento \u00e0 imprensa em geral.<\/p>\n\n\n\n<p>Site:&nbsp;<a href=\"https:\/\/www.ufrb.edu.br\/ascom\">ufrb.edu.br\/ascom<\/a><\/p>\n\n\n\n<p><strong>Superintend\u00eancia de Assuntos Internacionais &#8211; SUPAI<\/strong><\/p>\n\n\n\n<p>Respons\u00e1vel pela coordena\u00e7\u00e3o das atividades internacionais da UFRB, incluindo parcerias e interc\u00e2mbios.<\/p>\n\n\n\n<p>Site:&nbsp;<a href=\"https:\/\/www.ufrb.edu.br\/supai\">ufrb.edu.br\/supai<\/a><\/p>\n\n\n\n<p><strong>Superintend\u00eancia de Educa\u00e7\u00e3o Aberta e a Dist\u00e2ncia &#8211; SEAD<\/strong><\/p>\n\n\n\n<p>Respons\u00e1vel pela coordena\u00e7\u00e3o dos cursos e programas de educa\u00e7\u00e3o a dist\u00e2ncia.<\/p>\n\n\n\n<p>Site:&nbsp;<a href=\"http:\/\/www2.ufrb.edu.br\/ead\/\">ufrb.edu.br\/ead<\/a><\/p>\n\n\n\n<p><strong>Superintend\u00eancia de Registros das Atividades Acad\u00eamicas &#8211; SURAC<\/strong><\/p>\n\n\n\n<p>Respons\u00e1vel pelo registro e expedi\u00e7\u00e3o de diplomas, al\u00e9m de outras atividades acad\u00eamicas.<\/p>\n\n\n\n<p>Site:&nbsp;<a href=\"https:\/\/www.ufrb.edu.br\/surac\/\">ufrb.edu.br\/surac<\/a><\/p>\n\n\n\n<p><strong>Superintend\u00eancia de Regula\u00e7\u00e3o e Avalia\u00e7\u00e3o Institucional &#8211; SURAI<\/strong><\/p>\n\n\n\n<p>Respons\u00e1vel pela coordena\u00e7\u00e3o dos processos de regula\u00e7\u00e3o e avalia\u00e7\u00e3o institucional, incluindo a gest\u00e3o de dados para o Censo da Educa\u00e7\u00e3o Superior e o acompanhamento das avalia\u00e7\u00f5es externas.<\/p>\n\n\n\n<p>Site:&nbsp;<a href=\"https:\/\/ufrb.edu.br\/portal\/2023\/07\/28\/superintendencia-de-regulacao-e-avaliacao-institucional-surai\/\">ufrb.edu.br\/portal\/surai<\/a><\/p>\n","protected":false},"excerpt":{"rendered":"<p>Superintend\u00eancia da Editora UFRB &#8211; EDUFRB Respons\u00e1vel pela gest\u00e3o da editora universit\u00e1ria, respons\u00e1vel pela publica\u00e7\u00e3o de livros e materiais acad\u00eamicos. Site:&nbsp;ufrb.edu.br\/editora Superintend\u00eancia de Comunica\u00e7\u00e3o &#8211; SUPERCOM Repons\u00e1vel pelas atividades de divulga\u00e7\u00e3o dos assuntos da Universidade para a comunidade acad\u00eamica e tamb\u00e9m para os meios de comunica\u00e7\u00e3o de alcance local e nacional, incluindo jornais, revistas, r\u00e1dios, [&hellip;]<\/p>\n","protected":false},"author":1,"featured_media":0,"parent":0,"menu_order":15,"comment_status":"closed","ping_status":"closed","template":"","meta":{"_acf_changed":false,"footnotes":""},"class_list":["post-20549","page","type-page","status-publish","hentry"],"acf":[],"_links":{"self":[{"href":"https:\/\/ufrb.edu.br\/portal\/wp-json\/wp\/v2\/pages\/20549","targetHints":{"allow":["GET"]}}],"collection":[{"href":"https:\/\/ufrb.edu.br\/portal\/wp-json\/wp\/v2\/pages"}],"about":[{"href":"https:\/\/ufrb.edu.br\/portal\/wp-json\/wp\/v2\/types\/page"}],"author":[{"embeddable":true,"href":"https:\/\/ufrb.edu.br\/portal\/wp-json\/wp\/v2\/users\/1"}],"replies":[{"embeddable":true,"href":"https:\/\/ufrb.edu.br\/portal\/wp-json\/wp\/v2\/comments?post=20549"}],"version-history":[{"count":1,"href":"https:\/\/ufrb.edu.br\/portal\/wp-json\/wp\/v2\/pages\/20549\/revisions"}],"predecessor-version":[{"id":45540,"href":"https:\/\/ufrb.edu.br\/portal\/wp-json\/wp\/v2\/pages\/20549\/revisions\/45540"}],"wp:attachment":[{"href":"https:\/\/ufrb.edu.br\/portal\/wp-json\/wp\/v2\/media?parent=20549"}],"curies":[{"name":"wp","href":"https:\/\/api.w.org\/{rel}","templated":true}]}}