{"id":20550,"date":"2015-11-04T18:05:41","date_gmt":"2015-11-04T18:05:41","guid":{"rendered":"https:\/\/ufrb.edu.br\/2015\/11\/04\/assessorias\/"},"modified":"2026-03-17T11:34:35","modified_gmt":"2026-03-17T14:34:35","slug":"assessorias","status":"publish","type":"page","link":"https:\/\/ufrb.edu.br\/portal\/assessorias\/","title":{"rendered":"Assessorias"},"content":{"rendered":"\n<p><strong>Assessoria de Rela\u00e7\u00f5es Acad\u00eamicas-Institucionais<\/strong><\/p>\n\n\n\n<p><strong>Assessoria de Planejamento Acad\u00eamico, Pesquisa e Inova\u00e7\u00e3o<\/strong><\/p>\n\n\n\n<p><strong>Assessoria de Projetos Estrat\u00e9gicos<\/strong><\/p>\n","protected":false},"excerpt":{"rendered":"<p>Assessoria de Rela\u00e7\u00f5es Acad\u00eamicas-Institucionais Assessoria de Planejamento Acad\u00eamico, Pesquisa e Inova\u00e7\u00e3o Assessoria de Projetos Estrat\u00e9gicos<\/p>\n","protected":false},"author":1,"featured_media":0,"parent":0,"menu_order":14,"comment_status":"closed","ping_status":"closed","template":"","meta":{"_acf_changed":false,"footnotes":""},"class_list":["post-20550","page","type-page","status-publish","hentry"],"acf":[],"_links":{"self":[{"href":"https:\/\/ufrb.edu.br\/portal\/wp-json\/wp\/v2\/pages\/20550","targetHints":{"allow":["GET"]}}],"collection":[{"href":"https:\/\/ufrb.edu.br\/portal\/wp-json\/wp\/v2\/pages"}],"about":[{"href":"https:\/\/ufrb.edu.br\/portal\/wp-json\/wp\/v2\/types\/page"}],"author":[{"embeddable":true,"href":"https:\/\/ufrb.edu.br\/portal\/wp-json\/wp\/v2\/users\/1"}],"replies":[{"embeddable":true,"href":"https:\/\/ufrb.edu.br\/portal\/wp-json\/wp\/v2\/comments?post=20550"}],"version-history":[{"count":2,"href":"https:\/\/ufrb.edu.br\/portal\/wp-json\/wp\/v2\/pages\/20550\/revisions"}],"predecessor-version":[{"id":45538,"href":"https:\/\/ufrb.edu.br\/portal\/wp-json\/wp\/v2\/pages\/20550\/revisions\/45538"}],"wp:attachment":[{"href":"https:\/\/ufrb.edu.br\/portal\/wp-json\/wp\/v2\/media?parent=20550"}],"curies":[{"name":"wp","href":"https:\/\/api.w.org\/{rel}","templated":true}]}}