{"id":20551,"date":"2015-11-04T18:05:56","date_gmt":"2015-11-04T18:05:56","guid":{"rendered":"https:\/\/ufrb.edu.br\/2015\/11\/04\/comissoes-e-comites\/"},"modified":"2015-11-04T18:05:56","modified_gmt":"2015-11-04T18:05:56","slug":"comissoes-e-comites","status":"publish","type":"page","link":"https:\/\/ufrb.edu.br\/portal\/comissoes-e-comites\/","title":{"rendered":"Comiss\u00f5es e Comit\u00eas"},"content":{"rendered":"\n<p><strong>Comit\u00ea de \u00c9tica em Pesquisa &#8211; CEP<\/strong><\/p>\n\n\n\n<p>Respons\u00e1vel por avaliar e aprovar projetos de pesquisa que envolvem seres humanos, garantindo a \u00e9tica e a seguran\u00e7a dos participantes.<\/p>\n\n\n\n<p>Site:\u00a0<a href=\"\/portal\/cep\">ufrb.edu.br\/cep<\/a><\/p>\n\n\n\n<p><strong>Comiss\u00e3o de \u00c9tica no Uso de Animais &#8211; CEUA<\/strong><\/p>\n\n\n\n<p>Respons\u00e1vel por avaliar e aprovar projetos de pesquisa que envolvem o uso de animais, assegurando o cumprimento das normas \u00e9ticas e legais.<\/p>\n\n\n\n<p>Site:\u00a0<a href=\"\/portal\/ceua\">ufrb.edu.br\/ceua<\/a><\/p>\n\n\n\n<p><strong>Comiss\u00e3o de \u00c9tica<\/strong><\/p>\n\n\n\n<p>Atua como inst\u00e2ncia consultiva sobre quest\u00f5es \u00e9ticas, aplicar o C\u00f3digo de \u00c9tica Profissional do Servidor P\u00fablico, e supervisionar a observ\u00e2ncia do C\u00f3digo de Conduta da Alta Administra\u00e7\u00e3o Federal.<\/p>\n\n\n\n<p>Site:\u00a0<a href=\"\/portal\/etica\/\">ufrb.edu.br\/etica<\/a><\/p>\n\n\n\n<p><strong>Comiss\u00e3o Pr\u00f3pria de Avalia\u00e7\u00e3o &#8211; CPA<\/strong><\/p>\n\n\n\n<p>Respons\u00e1vel por realizar a autoavalia\u00e7\u00e3o institucional, contribuindo para o processo de avalia\u00e7\u00e3o da UFRB.<\/p>\n\n\n\n<p>Site:\u00a0<a href=\"\/portal\/cpa\/\">ufrb.edu.br\/cpa<\/a><\/p>\n\n\n\n<p><strong>Comiss\u00e3o Permanente de Progress\u00e3o Docente &#8211; CPPD<\/strong><\/p>\n\n\n\n<p>Respons\u00e1vel por analisar e deliberar sobre quest\u00f5es relacionadas ao pessoal docente, como progress\u00f5es funcionais, e outros assuntos pertinentes ao magist\u00e9rio superior.<\/p>\n\n\n\n<p><a href=\"\/portal\/campus-inteligente\/\"><strong>Comit\u00ea Gestor Campus Inteligente &#8211; CGPCI<\/strong><\/a><\/p>\n\n\n\n<p>O\u00a0Campus Inteligente\u00a0\u00e9 um projeto que visa integrar tecnologias avan\u00e7adas para melhorar a gest\u00e3o e a produtividade nos campi.<\/p>\n\n\n\n<p><a href=\"\/portal\/comite-de-governanca-digital-cgd\/\"><strong>Comit\u00ea de Governan\u00e7a Digital &#8211; CGD<\/strong><\/a><\/p>\n\n\n\n<p>\u00d3rg\u00e3o de car\u00e1ter permanente tendo como objetivo determinar as prioridades dos programas de investimentos em Tecnologia da Informa\u00e7\u00e3o e Comunica\u00e7\u00f5es (TIC), bem como todas as iniciativas correlatas, visando assegurar a qualidade, efici\u00eancia e efic\u00e1cia das atividades e a\u00e7\u00f5es que d\u00e3o suporte ao cumprimento da miss\u00e3o institucional da UFRB.<\/p>\n","protected":false},"excerpt":{"rendered":"<p>Comit\u00ea de \u00c9tica em Pesquisa &#8211; CEP Respons\u00e1vel por avaliar e aprovar projetos de pesquisa que envolvem seres humanos, garantindo a \u00e9tica e a seguran\u00e7a dos participantes. Site:\u00a0ufrb.edu.br\/cep Comiss\u00e3o de \u00c9tica no Uso de Animais &#8211; CEUA Respons\u00e1vel por avaliar e aprovar projetos de pesquisa que envolvem o uso de animais, assegurando o cumprimento das [&hellip;]<\/p>\n","protected":false},"author":1,"featured_media":0,"parent":0,"menu_order":13,"comment_status":"closed","ping_status":"closed","template":"","meta":{"_acf_changed":false,"footnotes":""},"class_list":["post-20551","page","type-page","status-publish","hentry"],"acf":[],"_links":{"self":[{"href":"https:\/\/ufrb.edu.br\/portal\/wp-json\/wp\/v2\/pages\/20551","targetHints":{"allow":["GET"]}}],"collection":[{"href":"https:\/\/ufrb.edu.br\/portal\/wp-json\/wp\/v2\/pages"}],"about":[{"href":"https:\/\/ufrb.edu.br\/portal\/wp-json\/wp\/v2\/types\/page"}],"author":[{"embeddable":true,"href":"https:\/\/ufrb.edu.br\/portal\/wp-json\/wp\/v2\/users\/1"}],"replies":[{"embeddable":true,"href":"https:\/\/ufrb.edu.br\/portal\/wp-json\/wp\/v2\/comments?post=20551"}],"version-history":[{"count":0,"href":"https:\/\/ufrb.edu.br\/portal\/wp-json\/wp\/v2\/pages\/20551\/revisions"}],"wp:attachment":[{"href":"https:\/\/ufrb.edu.br\/portal\/wp-json\/wp\/v2\/media?parent=20551"}],"curies":[{"name":"wp","href":"https:\/\/api.w.org\/{rel}","templated":true}]}}