{"id":25930,"date":"2016-03-02T17:37:10","date_gmt":"2016-03-02T17:37:10","guid":{"rendered":"https:\/\/ufrb.edu.br\/2016\/03\/02\/a-ufrb\/"},"modified":"2025-12-01T11:22:13","modified_gmt":"2025-12-01T14:22:13","slug":"a-ufrb","status":"publish","type":"page","link":"https:\/\/ufrb.edu.br\/portal\/a-ufrb\/","title":{"rendered":"A UFRB"},"content":{"rendered":"\n<p>A Universidade Federal do Rec\u00f4ncavo da Bahia (UFRB) nasce em uma regi\u00e3o marcada por uma rica hist\u00f3ria de encontros, diversidades e trocas culturais. Fruto das mobiliza\u00e7\u00f5es pela democratiza\u00e7\u00e3o do ensino superior na Bahia, a UFRB herda as tradi\u00e7\u00f5es de luta do povo e se compromete com a produ\u00e7\u00e3o e difus\u00e3o da ci\u00eancia e da cultura, al\u00e9m do desenvolvimento socioecon\u00f4mico nos territ\u00f3rios do Rec\u00f4ncavo Baiano, Portal do Sert\u00e3o e Vale do Jiquiri\u00e7\u00e1.<\/p>\n\n\n\n<p>Fundada em 2005, a UFRB est\u00e1 presente nas cidades de Amargosa, Cachoeira, Cruz das Almas, Feira de Santana, Santo Amaro, Santo Ant\u00f4nio de Jesus e S\u00e3o F\u00e9lix, al\u00e9m de contar com mais de 20 polos de educa\u00e7\u00e3o a dist\u00e2ncia (EaD) em toda a Bahia. Localizada em regi\u00f5es de grande significado hist\u00f3rico para o Brasil, a UFRB \u00e9 uma express\u00e3o de transforma\u00e7\u00e3o social e populariza\u00e7\u00e3o do conhecimento no interior da Bahia.<\/p>\n\n\n\n<div class=\"containerbuttoninterno\">\n<a href=\"\/portal\/apresentacao\" class=\"button button-interno\" title=\"CApresenta\u00e7\u00e3o\">Apresenta\u00e7\u00e3o<\/a>\n<a href=\"\/portal\/estrutura-organizacional\" class=\"button button-interno\" title=\"Estrutura Organizacional\">Estrutura Organizacional<\/a>\n<a href=\"\/portal\/quem-e-quem\" class=\"button button-interno\" title=\"Pr\u00f3-Reitorias\">Quem \u00e9 quem<\/a>\n<a href=\"\/portal\/agenda-de-autoridades\" class=\"button button-interno\" title=\"Agenda de autoridades\">Agenda de autoridades<\/a>\n<a href=\"\/portal\/nossos-campi\" class=\"button button-interno\" title=\"Nossos Campi\">Nossos Campi<\/a>\n<a href=\"\/portal\/transparencia-e-prestacao-de-contas\/\" class=\"button button-interno\" title=\"Transpar\u00eancia e Presta\u00e7\u00e3o de Contas\">Transpar\u00eancia e Presta\u00e7\u00e3o de Contas<\/a>\n<a href=\"\/portal\/plano-de-desenvolvimento-institucional-pdi\/\" class=\"button button-interno\" title=\"Plano de Desenvolvimento Institucional (PDI)\">Plano de Desenvolvimento Institucional (PDI)<\/a>\n<a href=\"\/portal\/ufrb-em-numeros\" class=\"button button-interno\" title=\"UFRB em N\u00fameros\">UFRB em N\u00fameros<\/a>\n<\/div>\n","protected":false},"excerpt":{"rendered":"<p>A Universidade Federal do Rec\u00f4ncavo da Bahia (UFRB) nasce em uma regi\u00e3o marcada por uma rica hist\u00f3ria de encontros, diversidades e trocas culturais. Fruto das mobiliza\u00e7\u00f5es pela democratiza\u00e7\u00e3o do ensino superior na Bahia, a UFRB herda as tradi\u00e7\u00f5es de luta do povo e se compromete com a produ\u00e7\u00e3o e difus\u00e3o da ci\u00eancia e da cultura, [&hellip;]<\/p>\n","protected":false},"author":1,"featured_media":0,"parent":0,"menu_order":9,"comment_status":"closed","ping_status":"closed","template":"","meta":{"_acf_changed":false,"footnotes":""},"class_list":["post-25930","page","type-page","status-publish","hentry"],"acf":[],"_links":{"self":[{"href":"https:\/\/ufrb.edu.br\/portal\/wp-json\/wp\/v2\/pages\/25930","targetHints":{"allow":["GET"]}}],"collection":[{"href":"https:\/\/ufrb.edu.br\/portal\/wp-json\/wp\/v2\/pages"}],"about":[{"href":"https:\/\/ufrb.edu.br\/portal\/wp-json\/wp\/v2\/types\/page"}],"author":[{"embeddable":true,"href":"https:\/\/ufrb.edu.br\/portal\/wp-json\/wp\/v2\/users\/1"}],"replies":[{"embeddable":true,"href":"https:\/\/ufrb.edu.br\/portal\/wp-json\/wp\/v2\/comments?post=25930"}],"version-history":[{"count":3,"href":"https:\/\/ufrb.edu.br\/portal\/wp-json\/wp\/v2\/pages\/25930\/revisions"}],"predecessor-version":[{"id":44970,"href":"https:\/\/ufrb.edu.br\/portal\/wp-json\/wp\/v2\/pages\/25930\/revisions\/44970"}],"wp:attachment":[{"href":"https:\/\/ufrb.edu.br\/portal\/wp-json\/wp\/v2\/media?parent=25930"}],"curies":[{"name":"wp","href":"https:\/\/api.w.org\/{rel}","templated":true}]}}