{"id":26758,"date":"2017-04-12T11:22:45","date_gmt":"2017-04-12T11:22:45","guid":{"rendered":"https:\/\/ufrb.edu.br\/2017\/04\/12\/prestacao-de-contas-anuais\/"},"modified":"2017-04-12T11:22:45","modified_gmt":"2017-04-12T11:22:45","slug":"prestacao-de-contas-anuais","status":"publish","type":"page","link":"https:\/\/ufrb.edu.br\/portal\/prestacao-de-contas-anuais\/","title":{"rendered":"Presta\u00e7\u00e3o de Contas Anuais"},"content":{"rendered":"<p><strong>Exerc\u00edcio:<\/strong>&nbsp;2006<\/p>\n<p><strong>C\u00f3digo e descri\u00e7\u00e3o da unidade:<\/strong>&nbsp;158092 &#8211; Autarquia e Funda\u00e7\u00f5es do Poder Executivo<\/p>\n<p><strong>N\u00ba do processo no \u00f3rg\u00e3o:<\/strong>&nbsp;23007.000142\/2007-97<\/p>\n<p><strong>N\u00ba do processo no TCU:<\/strong>&nbsp;Processo TC-015.720\/2007-5<\/p>\n<p><strong>Situa\u00e7\u00e3o junto ao TCU:<\/strong>&nbsp;Julgada regulares com ressalvas<\/p>\n<p><a href=\"http:\/\/ufrb.edu.br\/wp-content\/uploads\/2017\/04\/balanco_06-533.pdf\">Balan\u00e7o Financeiro<\/a><\/p>\n<p><a href=\"http:\/\/ufrb.edu.br\/wp-content\/uploads\/2017\/04\/balanco_orc_06-95d.pdf\">Balan\u00e7o Or\u00e7ament\u00e1rio<\/a><\/p>\n<p><a href=\"http:\/\/ufrb.edu.br\/wp-content\/uploads\/2017\/04\/balanco_patr_06-934.pdf\">Balan\u00e7o Patrimonial<\/a><\/p>\n<p><a href=\"http:\/\/ufrb.edu.br\/wp-content\/uploads\/2017\/04\/variacoes_06-c82.pdf\">Varia\u00e7\u00f5es Patrimoniais<\/a><\/p>\n<p><a href=\"http:\/\/ufrb.edu.br\/wp-content\/uploads\/2017\/04\/gestao_06-07d.pdf\">Relat\u00f3rio Gest\u00e3o 2006<\/a><\/p>\n<p><a href=\"http:\/\/ufrb.edu.br\/wp-content\/uploads\/2017\/04\/Relatorio_Auditoria_de_Gestao_2006_CGU-01a.pdf\">Relat\u00f3rio e Certificado de Auditoria e Parecer do Dirigente de Controle Interno<\/a><\/p>\n<p><a href=\"http:\/\/ufrb.edu.br\/wp-content\/uploads\/2017\/04\/pronunciamento_ministerial-365.pdf\">Pronunciamento Ministerial<\/a><\/p>\n<p><a href=\"http:\/\/ufrb.edu.br\/wp-content\/uploads\/2017\/04\/acordao-2273-10-exercicio-2006-561.pdf\">Ac\u00f3rd\u00e3o N\u00ba 2273\/2010 &#8211; TCU &#8211; Plen\u00e1rio<\/a><\/p>\n<p><strong>&nbsp;<\/strong><\/p>\n<p><strong>Exerc\u00edcio:<\/strong>&nbsp;2007<\/p>\n<p><strong>C\u00f3digo e descri\u00e7\u00e3o da unidade:<\/strong>&nbsp;158092 &#8211; Autarquia e Funda\u00e7\u00f5es do Poder Executivo<\/p>\n<p><strong>N\u00ba do processo no \u00f3rg\u00e3o:<\/strong>&nbsp;23007.000991\/08<\/p>\n<p><strong>N\u00ba do processo no TCU:<\/strong>&nbsp;Processo TC-023.921\/2008-6<\/p>\n<p><strong>Situa\u00e7\u00e3o junto ao TCU:<\/strong>&nbsp;Julgada regulares com ressalvas<\/p>\n<p><a href=\"http:\/\/sistemas2.cgu.gov.br\/relats\/uploads\/RA208564.pdf\">Relat\u00f3rio de Gest\u00e3o 2007<\/a><\/p>\n<p><a href=\"http:\/\/ufrb.edu.br\/wp-content\/uploads\/2017\/04\/Relatorio_de_Auditoria_208564_-_exercicio_2007-b78.pdf\">Relat\u00f3rio e Certificado de Auditoria e Parecer do Dirigente de Controle Interno<\/a><\/p>\n<p><a href=\"http:\/\/ufrb.edu.br\/wp-content\/uploads\/2017\/04\/pronunciamento-ministerial-07-5cf.pdf\">Pronunciamento Ministerial<\/a><\/p>\n<p><a href=\"http:\/\/ufrb.edu.br\/wp-content\/uploads\/2017\/04\/acordao-1808-11-exercicio-2007-bec.pdf\">Ac\u00f3rd\u00e3o N\u00ba 1808\/2011 &#8211; TCU &#8211; 2\u00aa C\u00e2mara<\/a><\/p>\n<p><strong>&nbsp;<\/strong><\/p>\n<p><strong>Exerc\u00edcio:<\/strong>&nbsp;2008<\/p>\n<p><strong>C\u00f3digo e descri\u00e7\u00e3o da unidade:<\/strong>&nbsp;158092 &#8211; Autarquia e Funda\u00e7\u00f5es do Poder Executivo<\/p>\n<p><strong>N\u00ba do processo no \u00f3rg\u00e3o:<\/strong>&nbsp;23007.001998\/2009-41<\/p>\n<p><strong>N\u00ba do processo no TCU<\/strong>: Processo TC-015.886\/2009-9<\/p>\n<p><strong>Situa\u00e7\u00e3o junto ao TCU:<\/strong>&nbsp;Aguardando Aceite do MIN-AN (desde 29\/03\/2012)<\/p>\n<p><a href=\"http:\/\/ufrb.edu.br\/wp-content\/uploads\/2017\/04\/orcamento_2008-7fc.pdf\">Or\u00e7amento<\/a><\/p>\n<p><a href=\"http:\/\/sistemas2.cgu.gov.br\/relats\/uploads\/RA224894.pdf\">Relat\u00f3rio Gest\u00e3o<\/a><\/p>\n<p><a href=\"http:\/\/ufrb.edu.br\/wp-content\/uploads\/2017\/04\/Relatorio_auditoria_CGU_2008-f93.pdf\">Relat\u00f3rio de Auditoria<\/a><\/p>\n<p><a href=\"http:\/\/ufrb.edu.br\/wp-content\/uploads\/2017\/04\/Certificado_Aud_Gestao_2008_-_224894_-_UFRB-1af.pdf\">Certificado de Auditoria<\/a><\/p>\n<p><a href=\"http:\/\/ufrb.edu.br\/wp-content\/uploads\/2017\/04\/Parecer_UFRB_2008_-_OS_224894-e7a.pdf\">Parecer do Dirigente de Controle Interno<\/a><\/p>\n<p><a href=\"http:\/\/ufrb.edu.br\/wp-content\/uploads\/2017\/04\/pronunciamento-08-c49.pdf\">Pronunciamento Ministerial<\/a><\/p>\n<p><a href=\"http:\/\/ufrb.edu.br\/wp-content\/uploads\/2017\/04\/acordao-3193-2012-exercicio-2008-d99.pdf\">Ac\u00f3rd\u00e3o N\u00ba 3193\/2012 &#8211; TCU &#8211; 2\u00aa C\u00e2mara<\/a><\/p>\n<p><strong>&nbsp;<\/strong><\/p>\n<p><strong>Exerc\u00edcio:<\/strong>&nbsp;2009<\/p>\n<p><strong>C\u00f3digo e descri\u00e7\u00e3o da unidade:<\/strong>&nbsp;158092 &#8211; Autarquia e Funda\u00e7\u00f5es do Poder Executivo<\/p>\n<p><strong>N\u00ba do processo no \u00f3rg\u00e3o:<\/strong>&nbsp;23007.002542\/2010-32<\/p>\n<p><strong>N\u00ba do processo no TCU:<\/strong>&nbsp;Processo TC-021.344\/2010-8<\/p>\n<p><strong>Situa\u00e7\u00e3o junto ao TCU:<\/strong>&nbsp;Em Instru\u00e7\u00e3o na SECEX-BA (desde 14\/07\/2011\/Lote C\u00f3d. 449347773)<\/p>\n<p><a href=\"http:\/\/ufrb.edu.br\/wp-content\/uploads\/2017\/04\/rg_2009-74c.pdf\">Relat\u00f3rio de Gest\u00e3o 2009<\/a><\/p>\n<p><a href=\"http:\/\/ufrb.edu.br\/wp-content\/uploads\/2017\/04\/Relatorio_Aud_Gestao_2009_-_UFRB-b7c.pdf\">Relat\u00f3rio de Auditoria<\/a><\/p>\n<p><a href=\"http:\/\/ufrb.edu.br\/wp-content\/uploads\/2017\/04\/Certificado_Aud_Gestao_-_245382_-_UFRB_exer._2009-cf0.pdf\">Certificado de Auditoria<\/a><\/p>\n<p><a href=\"http:\/\/ufrb.edu.br\/wp-content\/uploads\/2017\/04\/Parecer_-_BA_-_UFRB_2009_-_OS_245382-654.pdf\">Parecer do Dirigente de Controle Interno<\/a><\/p>\n<p><a href=\"http:\/\/ufrb.edu.br\/wp-content\/uploads\/2017\/04\/pronunciamento-09-628.pdf\">Pronunciamento Ministerial<\/a><\/p>\n<p><a href=\"http:\/\/ufrb.edu.br\/wp-content\/uploads\/2017\/04\/acordao-3251-2012-exercicio-2009-353.pdf\">Ac\u00f3rd\u00e3o N\u00ba 3251\/2012 &#8211; TCU &#8211; 2\u00aa C\u00e2mara<\/a><\/p>\n<p><a href=\"https:\/\/ufrb.edu.br\/auditoria\/documentos-interno\/category\/2-raint?download=5:raint-2009\">Relat\u00f3rio Anual de Atividades de Auditoria Interna<\/a><\/p>\n<p><strong>&nbsp;<\/strong><\/p>\n<p><strong>Exerc\u00edcio:<\/strong>&nbsp;2010<\/p>\n<p><strong>C\u00f3digo e descri\u00e7\u00e3o da unidade:<\/strong>&nbsp;158092 &#8211; Autarquia e Funda\u00e7\u00f5es do Poder Executivo<\/p>\n<p><strong>N\u00ba do processo no \u00f3rg\u00e3o:<\/strong>&nbsp;23007.002780\/2011-29<\/p>\n<p><strong>N\u00ba do processo no TCU:<\/strong>&nbsp;TC- 032.458\/2011-8<\/p>\n<p><strong>Situa\u00e7\u00e3o junto ao TCU:<\/strong>&nbsp;Aguardando distribui\u00e7\u00e3o para Instru\u00e7\u00e3o na SECEX-BA (desde 09\/10\/2011)<\/p>\n<p><a href=\"http:\/\/ufrb.edu.br\/wp-content\/uploads\/2017\/04\/rg_2010-a81.pdf\">Relat\u00f3rio de Gest\u00e3o 2010<\/a><\/p>\n<p><a href=\"http:\/\/ufrb.edu.br\/wp-content\/uploads\/2017\/04\/Relatorio_de_Auditoria_de_Contas_2010_-_UFRB-a9d.pdf\">Relat\u00f3rio de Auditoria<\/a><\/p>\n<p><a href=\"http:\/\/ufrb.edu.br\/wp-content\/uploads\/2017\/04\/Certificado_de_Auditoria_de_Contas-_exerc._2010_-_201108968_-_UFRB-d2a.pdf\">Certificado de Auditoria<\/a><\/p>\n<p><a href=\"http:\/\/ufrb.edu.br\/wp-content\/uploads\/2017\/04\/Parecer_do_Controle_Interno_2010_-_201108968_-_UFRB-8b1.pdf\">Parecer do Dirigente do Controle Interno<\/a><\/p>\n<p><a href=\"https:\/\/ufrb.edu.br\/auditoria\/documentos-interno\/category\/2-raint?download=6:raint-2010\">Relat\u00f3rio Anual de Atividades de Auditoria Interna<\/a><\/p>\n<p><strong>&nbsp;<\/strong><\/p>\n<p><strong>Exerc\u00edcio:<\/strong>&nbsp;2011<\/p>\n<p><strong>C\u00f3digo e descri\u00e7\u00e3o da unidade:<\/strong>&nbsp;158092 &#8211; Autarquia e Funda\u00e7\u00f5es do Poder Executivo<\/p>\n<p><strong>N\u00ba do processo no \u00f3rg\u00e3o:<\/strong>&nbsp;&#8211;<\/p>\n<p><strong>N\u00ba do processo no TCU:<\/strong>&nbsp;&#8211;<\/p>\n<p><strong>Situa\u00e7\u00e3o junto ao TCU:<\/strong>&nbsp;&#8211;<\/p>\n<p><a href=\"http:\/\/ufrb.edu.br\/wp-content\/uploads\/2017\/04\/rg_2011-48e.pdf\">Relat\u00f3rio de Gest\u00e3o 2011<\/a><\/p>\n<p><a href=\"https:\/\/ufrb.edu.br\/auditoria\/documentos-interno\/category\/2-raint?download=49:raint-2011\">Relat\u00f3rio Anual de Atividades de Auditoria Interna<\/a><\/p>\n<p><em>O \u00f3rg\u00e3o&nbsp;n\u00e3o foi contemplado na Decis\u00e3o Normativa do TCU para auditoria anual de contas deste exerc\u00edcio.<\/em><\/p>\n<p><strong>&nbsp;<\/strong><\/p>\n<p><strong>Exerc\u00edcio:<\/strong>&nbsp;2012<\/p>\n<p><strong>C\u00f3digo e descri\u00e7\u00e3o da unidade:<\/strong>&nbsp;158092 &#8211; Autarquia e Funda\u00e7\u00f5es do Poder Executivo<\/p>\n<p><strong>N\u00ba do processo no \u00f3rg\u00e3o:<\/strong>&nbsp;&#8211;<\/p>\n<p><strong>N\u00ba do processo no TCU:<\/strong>&nbsp;&#8211;<\/p>\n<p><strong>Situa\u00e7\u00e3o junto ao TCU:<\/strong>&nbsp;&#8211;<\/p>\n<p><a href=\"http:\/\/ufrb.edu.br\/wp-content\/uploads\/2017\/04\/relatorio-gestao-ufrb-2012-55d.pdf\">Relat\u00f3rio de Gest\u00e3o 2012<\/a><\/p>\n<p><a href=\"https:\/\/ufrb.edu.br\/auditoria\/documentos-interno\/category\/2-raint?download=31:raint-2012\">Relat\u00f3rio Anual de Atividades de Auditoria Interna<\/a><\/p>\n<p><em>O \u00f3rg\u00e3o&nbsp;n\u00e3o foi contemplado na Decis\u00e3o Normativa do TCU para auditoria anual de contas deste exerc\u00edcio.<\/em><\/p>\n<p><strong>&nbsp;<\/strong><\/p>\n<p><strong>Exerc\u00edcio:<\/strong>&nbsp;2013<\/p>\n<p><strong>C\u00f3digo e descri\u00e7\u00e3o da unidade:<\/strong>&nbsp;158092 &#8211; Autarquia e Funda\u00e7\u00f5es do Poder Executivo<\/p>\n<p><strong>N\u00ba do processo no \u00f3rg\u00e3o:<\/strong>&nbsp;&#8211;<\/p>\n<p><strong>N\u00ba do processo no TCU:<\/strong>&nbsp;&#8211;<\/p>\n<p><strong>Situa\u00e7\u00e3o junto ao TCU:<\/strong>&nbsp;&#8211;<\/p>\n<p><a href=\"http:\/\/ufrb.edu.br\/wp-content\/uploads\/2017\/04\/relatorio_de_gestao_2013-a48.pdf\">Relat\u00f3rio de Gest\u00e3o 2013<\/a><\/p>\n<p><a href=\"https:\/\/ufrb.edu.br\/auditoria\/documentos-interno\/category\/2-raint?download=32:raint-2013\">Relat\u00f3rio Anual de Atividades de Auditoria Interna<\/a><\/p>\n<p>O \u00f3rg\u00e3o&nbsp;n\u00e3o foi contemplado na Decis\u00e3o Normativa do TCU para auditoria anual de contas deste exerc\u00edcio.<\/p>\n<p><strong>&nbsp;<\/strong><\/p>\n<p><strong>Exerc\u00edcio:<\/strong>&nbsp;2014<\/p>\n<p><strong>C\u00f3digo e descri\u00e7\u00e3o da unidade:<\/strong>&nbsp;158092 &#8211; Autarquia e Funda\u00e7\u00f5es do Poder Executivo<\/p>\n<p><strong>N\u00ba do processo no \u00f3rg\u00e3o:<\/strong>&nbsp;&#8211;<\/p>\n<p><strong>N\u00ba do processo no TCU:<\/strong>&nbsp;&#8211;<\/p>\n<p><strong>Situa\u00e7\u00e3o junto ao TCU:<\/strong>&nbsp;&#8211;<\/p>\n<p><a href=\"http:\/\/ufrb.edu.br\/wp-content\/uploads\/2017\/04\/relatorio-de-gestao-2014-ufrb-877.pdf\">Relat\u00f3rio de Gest\u00e3o 2014<\/a><\/p>\n<p><a href=\"https:\/\/ufrb.edu.br\/auditoria\/documentos-interno\/category\/2-raint?download=33:raint-2014\">Relat\u00f3rio Anual de Atividades de Auditoria Interna<\/a><\/p>\n<p><a href=\"http:\/\/ufrb.edu.br\/wp-content\/uploads\/2017\/04\/RA201503662-9d1.pdf\">Relat\u00f3rio de Auditoria<\/a><\/p>\n<p>&nbsp;<\/p>\n<p><strong>Exerc\u00edcio:<\/strong>&nbsp;2015<\/p>\n<p><strong>C\u00f3digo e descri\u00e7\u00e3o da unidade:<\/strong>&nbsp;158092 &#8211; Autarquia e Funda\u00e7\u00f5es do Poder Executivo<\/p>\n<p><strong>N\u00ba do processo no \u00f3rg\u00e3o:<\/strong>&nbsp;&#8211;<\/p>\n<p><strong>N\u00ba do processo no TCU:<\/strong>&nbsp;&#8211;<\/p>\n<p><strong>Situa\u00e7\u00e3o junto ao TCU:<\/strong>&nbsp;&#8211;<\/p>\n<p><a href=\"http:\/\/ufrb.edu.br\/wp-content\/uploads\/2017\/04\/relatorio-de-gestao-2015-ufrb-a72.pdf\">Relat\u00f3rio de Gest\u00e3o 2015<\/a><\/p>\n<p><a href=\"https:\/\/ufrb.edu.br\/auditoria\/documentos-interno\/category\/2-raint?download=48:raint-2015\">Relat\u00f3rio Anual de Atividades de Auditoria Interna<\/a><\/p>\n<p>O \u00f3rg\u00e3o&nbsp;n\u00e3o foi contemplado na Decis\u00e3o Normativa do TCU para auditoria anual de contas deste exerc\u00edcio.<\/p>\n<p>&nbsp;<\/p>\n<p><strong>Exerc\u00edcio:<\/strong>&nbsp;2016<\/p>\n<p><strong>C\u00f3digo e descri\u00e7\u00e3o da unidade:<\/strong>&nbsp;158092 &#8211; Autarquia e Funda\u00e7\u00f5es do Poder Executivo<\/p>\n<p><strong>N\u00ba do processo no \u00f3rg\u00e3o:<\/strong>&nbsp;&#8211;<\/p>\n<p><strong>N\u00ba do processo no TCU:<\/strong>&nbsp;&#8211;<\/p>\n<p><strong>Situa\u00e7\u00e3o junto ao TCU:<\/strong>&nbsp;&#8211;<\/p>\n<p><a href=\"http:\/\/ufrb.edu.br\/wp-content\/uploads\/2017\/04\/relatorio-gestao-ufrb-2016-d1d.pdf\">Relat\u00f3rio de Gest\u00e3o 2016<\/a><\/p>\n<p><a href=\"https:\/\/ufrb.edu.br\/auditoria\/documentos-interno\/category\/2-raint?download=43:raint-2016\">Relat\u00f3rio Anual de Atividades de Auditoria Interna<\/a><\/p>\n<p>O \u00f3rg\u00e3o&nbsp;n\u00e3o foi contemplado na Decis\u00e3o Normativa do TCU para auditoria anual de contas deste exerc\u00edcio.<\/p>\n<p>&nbsp;<\/p>\n<p><strong>Exerc\u00edcio:<\/strong>&nbsp;2017<\/p>\n<p><strong>C\u00f3digo e descri\u00e7\u00e3o da unidade:<\/strong>&nbsp;158092 &#8211; Autarquia e Funda\u00e7\u00f5es do Poder Executivo<\/p>\n<p><strong>N\u00ba do processo no \u00f3rg\u00e3o:<\/strong>&nbsp;&#8211;<\/p>\n<p><strong>N\u00ba do processo no TCU:<\/strong>&nbsp;&#8211;<\/p>\n<p><strong>Situa\u00e7\u00e3o junto ao TCU:<\/strong>&nbsp;&#8211;<\/p>\n<p><a href=\"http:\/\/ufrb.edu.br\/wp-content\/uploads\/2017\/04\/rg_2017-674.pdf\">Relat\u00f3rio de Gest\u00e3o 2017<\/a><\/p>\n<p><a href=\"https:\/\/ufrb.edu.br\/auditoria\/documentos-interno\/category\/2-raint?download=54:raint-2017\">Relat\u00f3rio Anual de Atividades de Auditoria Interna<\/a><\/p>\n<p>O \u00f3rg\u00e3o&nbsp;n\u00e3o foi contemplado na Decis\u00e3o Normativa do TCU para auditoria anual de contas deste exerc\u00edcio.<\/p>\n<p>&nbsp;<\/p>\n<p><strong>Exerc\u00edcio:<\/strong>&nbsp;2018<\/p>\n<p><strong>C\u00f3digo e descri\u00e7\u00e3o da unidade:<\/strong>&nbsp;158092 &#8211; Autarquia e Funda\u00e7\u00f5es do Poder Executivo<\/p>\n<p><strong>N\u00ba do processo no \u00f3rg\u00e3o:<\/strong>&nbsp;&#8211;<\/p>\n<p><strong>N\u00ba do processo no TCU:<\/strong>&nbsp;&#8211;<\/p>\n<p><strong>Situa\u00e7\u00e3o junto ao TCU:<\/strong>&nbsp;&#8211;<\/p>\n<p><a href=\"http:\/\/ufrb.edu.br\/wp-content\/uploads\/2017\/04\/rg_2018-c26.pdf\">Relat\u00f3rio de Gest\u00e3o 2018<\/a><\/p>\n<p><a href=\"https:\/\/ufrb.edu.br\/auditoria\/documentos-interno\/category\/2-raint?download=71:raint-2018\">Relat\u00f3rio Anual de Atividades de Auditoria Interna<\/a><\/p>\n<p>O \u00f3rg\u00e3o&nbsp;n\u00e3o foi contemplado na Decis\u00e3o Normativa do TCU para auditoria anual de contas deste exerc\u00edcio.<\/p>\n<p>&nbsp;<\/p>\n<p><strong>Exerc\u00edcio:<\/strong>&nbsp;2019<\/p>\n<p><strong>C\u00f3digo e descri\u00e7\u00e3o da unidade:<\/strong>&nbsp;158092 &#8211; Autarquia e Funda\u00e7\u00f5es do Poder Executivo<\/p>\n<p><strong>N\u00ba do processo no \u00f3rg\u00e3o:<\/strong>&nbsp;&#8211;<\/p>\n<p><strong>N\u00ba do processo no TCU:<\/strong>&nbsp;&#8211;<\/p>\n<p><strong>Situa\u00e7\u00e3o junto ao TCU:<\/strong>&nbsp;&#8211;<\/p>\n<p><a href=\"http:\/\/ufrb.edu.br\/wp-content\/uploads\/2017\/04\/rg_2019-229.pdf\">Relat\u00f3rio de Gest\u00e3o 2019<\/a><\/p>\n<p><a href=\"https:\/\/ufrb.edu.br\/auditoria\/documentos-interno\/category\/2-raint?download=76:raint-2019\">Relat\u00f3rio Anual de Atividades de Auditoria Interna<\/a><\/p>\n<p>O \u00f3rg\u00e3o&nbsp;n\u00e3o foi contemplado na Decis\u00e3o Normativa do TCU para auditoria anual de contas deste exerc\u00edcio.<\/p>\n<p>&nbsp;<\/p>\n<p><strong>Exerc\u00edcio:<\/strong>&nbsp;2020<\/p>\n<p><strong>C\u00f3digo e descri\u00e7\u00e3o da unidade:<\/strong>&nbsp;158092 &#8211; Autarquia e Funda\u00e7\u00f5es do Poder Executivo<\/p>\n<p><strong>N\u00ba do processo no \u00f3rg\u00e3o:<\/strong>&nbsp;&#8211;<\/p>\n<p><strong>N\u00ba do processo no TCU:<\/strong>&nbsp;&#8211;<\/p>\n<p><strong>Situa\u00e7\u00e3o junto ao TCU:<\/strong>&nbsp;&#8211;<\/p>\n<p><a href=\"http:\/\/ufrb.edu.br\/wp-content\/uploads\/2017\/04\/rg_2020-52e.pdf\">Relat\u00f3rio de Gest\u00e3o 2020<\/a><\/p>\n<p><a href=\"https:\/\/ufrb.edu.br\/auditoria\/documentos-interno\/category\/2-raint?download=130:raint-2020\">Relat\u00f3rio Anual de Atividades de Auditoria Interna<\/a><\/p>\n<p>O \u00f3rg\u00e3o&nbsp;n\u00e3o foi contemplado na Decis\u00e3o Normativa do TCU para auditoria anual de contas deste exerc\u00edcio.<\/p>\n<p>&nbsp;<\/p>\n<p><strong>Exerc\u00edcio:<\/strong>&nbsp;2021<\/p>\n<p><strong>C\u00f3digo e descri\u00e7\u00e3o da unidade:<\/strong>&nbsp;158092 &#8211; Autarquia e Funda\u00e7\u00f5es do Poder Executivo<\/p>\n<p><strong>N\u00ba do processo no \u00f3rg\u00e3o:<\/strong>&nbsp;&#8211;<\/p>\n<p><strong>N\u00ba do processo no TCU:<\/strong>&nbsp;&#8211;<\/p>\n<p><strong>Situa\u00e7\u00e3o junto ao TCU:<\/strong>&nbsp;&#8211;<\/p>\n<p><a href=\"http:\/\/ufrb.edu.br\/wp-content\/uploads\/2017\/04\/rg_2021-b21.pdf\">Relat\u00f3rio de Gest\u00e3o 2021<\/a><\/p>\n<p><a href=\"https:\/\/ufrb.edu.br\/auditoria\/documentos-interno\/category\/2-raint?download=217:raint-2021\">Relat\u00f3rio Anual de Atividades de Auditoria Interna<\/a><\/p>\n<p>O \u00f3rg\u00e3o&nbsp;n\u00e3o foi contemplado na Decis\u00e3o Normativa do TCU para auditoria anual de contas deste exerc\u00edcio.<\/p>\n<p>&nbsp;<\/p>\n<p><strong>Exerc\u00edcio:<\/strong>&nbsp;2022<\/p>\n<p><strong>C\u00f3digo e descri\u00e7\u00e3o da unidade:<\/strong>&nbsp;158092 &#8211; Autarquia e Funda\u00e7\u00f5es do Poder Executivo<\/p>\n<p><strong>N\u00ba do processo no \u00f3rg\u00e3o:<\/strong>&nbsp;&#8211;<\/p>\n<p><strong>N\u00ba do processo no TCU:<\/strong>&nbsp;&#8211;<\/p>\n<p><strong>Situa\u00e7\u00e3o junto ao TCU:<\/strong>&nbsp;&#8211;<\/p>\n<p><a href=\"http:\/\/ufrb.edu.br\/wp-content\/uploads\/2017\/04\/rg_2022-487.pdf\">Relat\u00f3rio de Gest\u00e3o 2022<\/a><\/p>\n<p>O \u00f3rg\u00e3o&nbsp;n\u00e3o foi contemplado na Decis\u00e3o Normativa do TCU para auditoria anual de contas deste exerc\u00edcio.<\/p>\n","protected":false},"excerpt":{"rendered":"<p>Exerc\u00edcio:&nbsp;2006 C\u00f3digo e descri\u00e7\u00e3o da unidade:&nbsp;158092 &#8211; Autarquia e Funda\u00e7\u00f5es do Poder Executivo N\u00ba do processo no \u00f3rg\u00e3o:&nbsp;23007.000142\/2007-97 N\u00ba do processo no TCU:&nbsp;Processo TC-015.720\/2007-5 Situa\u00e7\u00e3o junto ao TCU:&nbsp;Julgada regulares com ressalvas Balan\u00e7o Financeiro Balan\u00e7o Or\u00e7ament\u00e1rio Balan\u00e7o Patrimonial Varia\u00e7\u00f5es Patrimoniais Relat\u00f3rio Gest\u00e3o 2006 Relat\u00f3rio e Certificado de Auditoria e Parecer do Dirigente de Controle Interno Pronunciamento [&hellip;]<\/p>\n","protected":false},"author":1,"featured_media":0,"parent":0,"menu_order":8,"comment_status":"closed","ping_status":"closed","template":"","meta":{"_acf_changed":false,"footnotes":""},"class_list":["post-26758","page","type-page","status-publish","hentry"],"acf":[],"_links":{"self":[{"href":"https:\/\/ufrb.edu.br\/portal\/wp-json\/wp\/v2\/pages\/26758","targetHints":{"allow":["GET"]}}],"collection":[{"href":"https:\/\/ufrb.edu.br\/portal\/wp-json\/wp\/v2\/pages"}],"about":[{"href":"https:\/\/ufrb.edu.br\/portal\/wp-json\/wp\/v2\/types\/page"}],"author":[{"embeddable":true,"href":"https:\/\/ufrb.edu.br\/portal\/wp-json\/wp\/v2\/users\/1"}],"replies":[{"embeddable":true,"href":"https:\/\/ufrb.edu.br\/portal\/wp-json\/wp\/v2\/comments?post=26758"}],"version-history":[{"count":0,"href":"https:\/\/ufrb.edu.br\/portal\/wp-json\/wp\/v2\/pages\/26758\/revisions"}],"wp:attachment":[{"href":"https:\/\/ufrb.edu.br\/portal\/wp-json\/wp\/v2\/media?parent=26758"}],"curies":[{"name":"wp","href":"https:\/\/api.w.org\/{rel}","templated":true}]}}