{"id":28170,"date":"2019-01-23T18:44:21","date_gmt":"2019-01-23T18:44:21","guid":{"rendered":"https:\/\/ufrb.edu.br\/2019\/01\/23\/dados-abertos-2\/"},"modified":"2019-01-23T18:44:21","modified_gmt":"2019-01-23T18:44:21","slug":"dados-abertos-2","status":"publish","type":"page","link":"https:\/\/ufrb.edu.br\/portal\/dados-abertos-2\/","title":{"rendered":"Dados Abertos"},"content":{"rendered":"<p>O <a href=\"https:\/\/ufrb.edu.br\/portal\/wp-content\/uploads\/sites\/5\/2025\/09\/20250825165303_PDA_UFRB_2025.pdf\">Plano de Dados Abertos<\/a> tem por finalidade priorit\u00e1ria conferir maior efetividade aos princ\u00edpios constitucionais da publicidade, transpar\u00eancia e efici\u00eancia, na medida em que dissemina dados e informa\u00e7\u00f5es p\u00fablicas produzidas pela Universidade e as divulga para a sociedade em geral.<\/p>\n<p>De acordo com o art. 2\u00ba, III,\u00a0<a href=\"http:\/\/www.planalto.gov.br\/ccivil_03\/_ato2015-2018\/2016\/decreto\/d8777.htm\">Decreto n. 8.777\/2016<\/a>, os dados abertos s\u00e3o &#8220;dados acess\u00edveis ao p\u00fablico, representados em meio digital, estruturados em formato aberto, process\u00e1veis por m\u00e1quina, referenciados na internet e disponibilizados sob licen\u00e7a aberta que permita sua livre utiliza\u00e7\u00e3o, consumo ou cruzamento, limitando-se a creditar a autoria ou a fonte&#8221;.<\/p>\n<p>Acesse o <a href=\"https:\/\/ufrb.edu.br\/portal\/wp-content\/uploads\/sites\/5\/2025\/09\/20250825165303_PDA_UFRB_2025.pdf\">Plano de Dados Abertos 2025-2026<\/a>.<\/p>\n<p>Acesse o <a href=\"https:\/\/dados.gov.br\/dados\/busca?termo=ufrb\">conjunto de dados abertos da UFRB<\/a>.<\/p>\n","protected":false},"excerpt":{"rendered":"<p>O Plano de Dados Abertos tem por finalidade priorit\u00e1ria conferir maior efetividade aos princ\u00edpios constitucionais da publicidade, transpar\u00eancia e efici\u00eancia, na medida em que dissemina dados e informa\u00e7\u00f5es p\u00fablicas produzidas pela Universidade e as divulga para a sociedade em geral. De acordo com o art. 2\u00ba, III,\u00a0Decreto n. 8.777\/2016, os dados abertos s\u00e3o &#8220;dados acess\u00edveis [&hellip;]<\/p>\n","protected":false},"author":1,"featured_media":0,"parent":0,"menu_order":7,"comment_status":"closed","ping_status":"closed","template":"","meta":{"_acf_changed":false,"footnotes":""},"class_list":["post-28170","page","type-page","status-publish","hentry"],"acf":[],"_links":{"self":[{"href":"https:\/\/ufrb.edu.br\/portal\/wp-json\/wp\/v2\/pages\/28170","targetHints":{"allow":["GET"]}}],"collection":[{"href":"https:\/\/ufrb.edu.br\/portal\/wp-json\/wp\/v2\/pages"}],"about":[{"href":"https:\/\/ufrb.edu.br\/portal\/wp-json\/wp\/v2\/types\/page"}],"author":[{"embeddable":true,"href":"https:\/\/ufrb.edu.br\/portal\/wp-json\/wp\/v2\/users\/1"}],"replies":[{"embeddable":true,"href":"https:\/\/ufrb.edu.br\/portal\/wp-json\/wp\/v2\/comments?post=28170"}],"version-history":[{"count":0,"href":"https:\/\/ufrb.edu.br\/portal\/wp-json\/wp\/v2\/pages\/28170\/revisions"}],"wp:attachment":[{"href":"https:\/\/ufrb.edu.br\/portal\/wp-json\/wp\/v2\/media?parent=28170"}],"curies":[{"name":"wp","href":"https:\/\/api.w.org\/{rel}","templated":true}]}}