{"id":28381,"date":"2019-04-24T13:14:54","date_gmt":"2019-04-24T13:14:54","guid":{"rendered":"https:\/\/ufrb.edu.br\/2019\/04\/24\/international-visitors\/"},"modified":"2025-11-18T10:46:30","modified_gmt":"2025-11-18T13:46:30","slug":"international-visitors","status":"publish","type":"page","link":"https:\/\/ufrb.edu.br\/portal\/international-visitors\/","title":{"rendered":"International Visitors"},"content":{"rendered":"\n<p class=\"video-container\"><iframe loading=\"lazy\" width=\"560\" height=\"315\" src=\"https:\/\/www.youtube.com\/embed\/oDDf7el8dbQ?si=lVG_x_RdOU-AFXZA\" title=\"YouTube video player\" frameborder=\"0\" allow=\"accelerometer; autoplay; clipboard-write; encrypted-media; gyroscope; picture-in-picture; web-share\" referrerpolicy=\"strict-origin-when-cross-origin\" allowfullscreen><\/iframe><\/p>\n\n\n\n<p>The Universidade Federal do Rec\u00f4ncavo da Bahia (UFRB) was created in a region that carries a rich history of cultural encounters, contradictions and exchanges. UFRB is part of this history and recognizes itself as such, because it is the result of the aspirations and mobilizations of local communities. Therefore, it is also heir of the cultural traditions of resistance from the people of the Rec\u00f4ncavo. But, as a place shared by encounters and diversity, the Rec\u00f4ncavo has always been a fertile terrain for inventions and reinventions. So, it is not by chance that one of UFRB\u2019s first commitments is the invention of another perspective of development that promotes improvement in the quality of people\u2019s lives and that foments the full exercise of their human capacities.<\/p>\n\n\n\n<p>Founded in 2005, UFRB campuses &nbsp;are located in the cities of Amargosa, Cachoeira, Cruz das Almas, Feira de Santana, Santo Amaro, Santo Ant\u00f4nio de Jesus and S\u00e3o F\u00e9lix. In a region of great historical and cultural significance to Brazil, UFRB is an expression of knowledge for this place, having social inclusion and academic excellence as goals, where knowledge is seen as an instrument for the promotion of equality and strengthening of the people and society.<\/p>\n\n\n\n<h2 class=\"wp-block-heading\">Rec\u00f4ncavo da Bahia<\/h2>\n\n\n\n<figure class=\"wp-block-image size-full\"><img loading=\"lazy\" decoding=\"async\" width=\"1200\" height=\"630\" src=\"https:\/\/ufrb.edu.br\/portal\/wp-content\/uploads\/2024\/11\/reconcavo-2021.png\" alt=\"\" class=\"wp-image-35818\" srcset=\"https:\/\/ufrb.edu.br\/portal\/wp-content\/uploads\/sites\/5\/2024\/11\/reconcavo-2021.png 1200w, https:\/\/ufrb.edu.br\/portal\/wp-content\/uploads\/sites\/5\/2024\/11\/reconcavo-2021-300x158.png 300w, https:\/\/ufrb.edu.br\/portal\/wp-content\/uploads\/sites\/5\/2024\/11\/reconcavo-2021-1024x538.png 1024w, https:\/\/ufrb.edu.br\/portal\/wp-content\/uploads\/sites\/5\/2024\/11\/reconcavo-2021-768x403.png 768w\" sizes=\"auto, (max-width: 1200px) 100vw, 1200px\" \/><\/figure>\n\n\n\n<p>In portuguese, the word \u201cRec\u00f4ncavo\u201d is used to refer to the ground around any bay. In Brazil, it became vinculated to the region that surrounds the Ba\u00eda de Todos os Santos. When the Portuguese monarchy decided to definitively occupy the territory that later would be named Brazil, the Rec\u00f4ncavo was the first region to be systematically colonized.<\/p>\n\n\n\n<p>In 1549, when the city of Salvador was founded, the idea was to build a fortress city that could support the occupation of the territory, following the course of the great Paragua\u00e7u, Jaguaripe and Suba\u00e9 rivers. The first villagers settled close to the shoals formed on the banks of these rivers, especially where navigation was possible . Later, the settlements gave origin to the cities of Cachoeira, S\u00e3o F\u00e9lix, S\u00e3o Francisco do Conde, Maragojipe, Santo Amaro, Jaguaripe and Nazar\u00e9 das Farinhas.<\/p>\n\n\n\n<p>When the first waves of Portuguese settlers arrived in the region, they encountered diverse indigenous peoples and cultures. Their crossing contributed profoundly to the cultural formation of the Rec\u00f4ncavo: traits of indigenous culture are present in eating habits, religiosity and customs, as well as in the names Muritiba, Murutuba, Capivari, Paragua\u00e7u and Iguape, which, still today, identify the local topography.<\/p>\n\n\n\n<p>The Africans came later. The meeting of ethnicities, languages, customs and religiosity took place in the Rec\u00f4ncavo, and was later repeated in other places of Brazil. In the region, they created alliances and established cultural exchanges that shaped the ways of living and feeling of local people.<\/p>\n\n\n\n<p>By the end of the nineteenth century, Africans and their descendants already represented the majority of the population in the Rec\u00f4ncavo &#8211; nearly 70 percent of the local population were black and mestizo. Here exuberant forms of Afro-Brazilian Catholicism emerged. The feasts of saints, gods and goddesses are animated with lots of music, dancing, food and drinks, because popular Catholicism has incorporated an important feature of African religious traditions: the celebration of life.<\/p>\n\n\n\n<p>It was in this region where different African, Indigenous and Portuguese peoples met that a culturally complex and diverse society emerged. This cultural encounter took place in a context of social conflicts and inequalities. The diversity of this encounter &#8211; not always friendly &#8211; is still present today in the ways of living and in the beliefs of the local people. Thus, the legacy of the fight against intolerance is also a cultural trait of the peoples who formed the society of the Rec\u00f4ncavo.<\/p>\n\n\n\n<h2 class=\"wp-block-heading\">Map<\/h2>\n\n\n\n\n\n<h2 class=\"wp-block-heading\">Undergraduate<\/h2>\n\n\n\n<figure class=\"wp-block-image size-full\"><img loading=\"lazy\" decoding=\"async\" width=\"1200\" height=\"630\" src=\"https:\/\/ufrb.edu.br\/portal\/wp-content\/uploads\/2024\/11\/undergraduate-2021.png\" alt=\"\" class=\"wp-image-35820\" srcset=\"https:\/\/ufrb.edu.br\/portal\/wp-content\/uploads\/sites\/5\/2024\/11\/undergraduate-2021.png 1200w, https:\/\/ufrb.edu.br\/portal\/wp-content\/uploads\/sites\/5\/2024\/11\/undergraduate-2021-300x158.png 300w, https:\/\/ufrb.edu.br\/portal\/wp-content\/uploads\/sites\/5\/2024\/11\/undergraduate-2021-1024x538.png 1024w, https:\/\/ufrb.edu.br\/portal\/wp-content\/uploads\/sites\/5\/2024\/11\/undergraduate-2021-768x403.png 768w\" sizes=\"auto, (max-width: 1200px) 100vw, 1200px\" \/><\/figure>\n\n\n\n<figure class=\"wp-block-table table\"><table class=\"has-fixed-layout\"><thead><tr><th>Course<\/th><th>Degree<\/th><th>Center<\/th><th>City<\/th><\/tr><\/thead><tbody><tr><td>Agronomic Engineering<\/td><td>Bachelor<\/td><td>CCAAB<\/td><td>Cruz das Almas<\/td><\/tr><tr><td>Animal Science<\/td><td>Bachelor<\/td><td>CCAAB<\/td><td>Cruz das Almas<\/td><\/tr><tr><td>Bachelors in Mathematics<\/td><td>Bachelor<\/td><td>CETEC<\/td><td>Cruz das Almas<\/td><\/tr><tr><td>Biology&nbsp;<\/td><td>Bachelor<\/td><td>CCAAB<\/td><td>Cruz das Almas<\/td><\/tr><tr><td>Biology&nbsp;<\/td><td>Licenciate<\/td><td>CCAAB<\/td><td>Cruz das Almas<\/td><\/tr><tr><td>Chemistry&nbsp;<\/td><td>Licenciate<\/td><td>CFP<\/td><td>Amargosa<\/td><\/tr><tr><td>Civil Engineering<\/td><td>Bachelor<\/td><td>CETEC<\/td><td>Cruz das Almas<\/td><\/tr><tr><td>Computer Engineering<\/td><td>Bachelor<\/td><td>CETEC<\/td><td>Cruz das Almas<\/td><\/tr><tr><td>Electrical Engineering<\/td><td>Bachelor<\/td><td>CETEC<\/td><td>Cruz das Almas<\/td><\/tr><tr><td>Energy and Sustainability interdisciplinary&nbsp;<\/td><td>Bachelor<\/td><td>CETENS<\/td><td>Feira de Santana<\/td><\/tr><tr><td>Exact and Technological Science&nbsp;<\/td><td>Bachelor<\/td><td>CETEC<\/td><td>Cruz das Almas<\/td><\/tr><tr><td>Film and Media<\/td><td>Bachelor<\/td><td>CAHL<\/td><td>Cachoeira<\/td><\/tr><tr><td>Fishery Engineering<\/td><td>Bachelor<\/td><td>CCAAB<\/td><td>Cruz das Almas<\/td><\/tr><tr><td>Forest Engineering<\/td><td>Bachelor<\/td><td>CCAAB<\/td><td>Cruz das Almas<\/td><\/tr><tr><td>History&nbsp;<\/td><td>Licenciate<\/td><td>CAHL<\/td><td>Cachoeira<\/td><\/tr><tr><td>Interdisciplinary Bachelors in Culture, Languages, and Applied Technologies<\/td><td>Bachelor<\/td><td>CECULT<\/td><td>Santo Amaro<\/td><\/tr><tr><td>Interdisciplinary Bachelors in Health<\/td><td>Bachelor<\/td><td>CCS<\/td><td>Santo Ant\u00f4nio de Jesus<\/td><\/tr><tr><td>Languages, Libras and Foreign Language&nbsp;<\/td><td>Licenciate<\/td><td>CFP<\/td><td>Amargosa<\/td><\/tr><tr><td>Mathematics&nbsp;<\/td><td>Licenciate<\/td><td>CFP<\/td><td>Amargosa<\/td><\/tr><tr><td>Mathematics (Online Education)<\/td><td>Bachelor<\/td><td>CETEC<\/td><td>Cruz das Almas<\/td><\/tr><tr><td>Mechanical Engineering<\/td><td>Bachelor<\/td><td>CETEC<\/td><td>Cruz das Almas<\/td><\/tr><tr><td>Medicine<\/td><td>Bachelor<\/td><td>CCS<\/td><td>Santo Ant\u00f4nio de Jesus<\/td><\/tr><tr><td>Museology<\/td><td>Bachelor<\/td><td>CAHL<\/td><td>Cachoeira<\/td><\/tr><tr><td>Nursing<\/td><td>Bachelor<\/td><td>CCS<\/td><td>Santo Ant\u00f4nio de Jesus<\/td><\/tr><tr><td>Nutrition<\/td><td>Bachelor<\/td><td>CCS<\/td><td>Santo Ant\u00f4nio de Jesus<\/td><\/tr><tr><td>Pedagogy&nbsp;<\/td><td>Licenciate<\/td><td>CFP<\/td><td>Amargosa<\/td><\/tr><tr><td>Philosophy&nbsp;<\/td><td>Licenciate<\/td><td>CFP<\/td><td>Amargosa<\/td><\/tr><tr><td>Physical Education&nbsp;<\/td><td>Licenciate<\/td><td>CFP<\/td><td>Amargosa<\/td><\/tr><tr><td>Physics&nbsp;<\/td><td>Licenciate<\/td><td>CFP<\/td><td>Amargosa<\/td><\/tr><tr><td>Psychology<\/td><td>Bachelor<\/td><td>CCS<\/td><td>Santo Ant\u00f4nio de Jesus<\/td><\/tr><tr><td>Public Management<\/td><td>Bachelor<\/td><td>CAHL<\/td><td>Cachoeira<\/td><\/tr><tr><td>Publicity and Propaganda<\/td><td>Bachelor<\/td><td>CAHL<\/td><td>Cachoeira<\/td><\/tr><tr><td>Rural Education with habilitation in Agricultural Sciences&nbsp;<\/td><td>Licenciate<\/td><td>CFP<\/td><td>Amargosa<\/td><\/tr><tr><td>Rural Education with habilitation in Mathematics and Natural Sciences&nbsp;<\/td><td>Licenciate<\/td><td>CETENS<\/td><td>Feira de Santana<\/td><\/tr><tr><td>Sanitary and Environmental Engineering<\/td><td>Bachelor<\/td><td>CETEC<\/td><td>Cruz das Almas<\/td><\/tr><tr><td>Social Communication &#8211; Journalism<\/td><td>Bachelor<\/td><td>CAHL<\/td><td>Cachoeira<\/td><\/tr><tr><td>Social Sciences<\/td><td>Bachelor<\/td><td>CAHL<\/td><td>Cachoeira<\/td><\/tr><tr><td>Social Sciences<\/td><td>Licenciate<\/td><td>CAHL<\/td><td>Cachoeira<\/td><\/tr><tr><td>Social Service&nbsp;<\/td><td>Bachelor<\/td><td>CAHL<\/td><td>Cachoeira<\/td><\/tr><tr><td>Technology in Agroecology<\/td><td>Technical<\/td><td>CCAAB<\/td><td>Cruz das Almas<\/td><\/tr><tr><td>Technology in Management of Cooperatives<\/td><td>Technical<\/td><td>CCAAB<\/td><td>Cruz das Almas<\/td><\/tr><tr><td>Veterinary Medicine<\/td><td>Bachelor<\/td><td>CCAAB<\/td><td>Cruz das Almas<\/td><\/tr><tr><td>Visual Arts<\/td><td>Bachelor<\/td><td>CAHL<\/td><td>Cachoeira<\/td><\/tr><\/tbody><\/table><\/figure>\n\n\n\n<h2 class=\"wp-block-heading\">Graduate<\/h2>\n\n\n\n<figure class=\"wp-block-image size-full\"><img loading=\"lazy\" decoding=\"async\" width=\"1200\" height=\"630\" src=\"https:\/\/ufrb.edu.br\/portal\/wp-content\/uploads\/2024\/11\/graduate-2021.png\" alt=\"\" class=\"wp-image-35821\" srcset=\"https:\/\/ufrb.edu.br\/portal\/wp-content\/uploads\/sites\/5\/2024\/11\/graduate-2021.png 1200w, https:\/\/ufrb.edu.br\/portal\/wp-content\/uploads\/sites\/5\/2024\/11\/graduate-2021-300x158.png 300w, https:\/\/ufrb.edu.br\/portal\/wp-content\/uploads\/sites\/5\/2024\/11\/graduate-2021-1024x538.png 1024w, https:\/\/ufrb.edu.br\/portal\/wp-content\/uploads\/sites\/5\/2024\/11\/graduate-2021-768x403.png 768w\" sizes=\"auto, (max-width: 1200px) 100vw, 1200px\" \/><\/figure>\n\n\n\n<figure class=\"wp-block-table table\"><table class=\"has-fixed-layout\"><thead><tr><th>Course<\/th><th>Degree<\/th><th>Center<\/th><th>City<\/th><\/tr><\/thead><tbody><tr><td><a href=\"\/portal\/wp-content\/uploads\/2025\/01\/Agricultural-Engineering.pdf\">Agricultural Engineering<\/a><\/td><td>Master<\/td><td>CCAAB<\/td><td>Cruz das Almas<\/td><\/tr><tr><td><a href=\"\/portal\/wp-content\/uploads\/2025\/01\/Agricultural-Engineering.pdf\">Agricultural Engineering<\/a><\/td><td>Doctoral<\/td><td>CCAAB<\/td><td>Cruz das Almas<\/td><\/tr><tr><td><a href=\"\/portal\/wp-content\/uploads\/2025\/01\/Agricultural-Microbiology.pdf\">Agricultural Microbiology<\/a><\/td><td>Master<\/td><td>CCAAB<\/td><td>Cruz das Almas<\/td><\/tr><tr><td><a href=\"\/portal\/wp-content\/uploads\/2025\/01\/Agricultural-Sciences.pdf\">Agricultural Sciences<\/a><\/td><td>Master<\/td><td>CCAAB<\/td><td>Cruz das Almas<\/td><\/tr><tr><td><a href=\"\/portal\/wp-content\/uploads\/2025\/01\/Agricultural-Sciences.pdf\">Agricultural Sciences<\/a><\/td><td>Doctoral<\/td><td>CCAAB<\/td><td>Cruz das Almas<\/td><\/tr><tr><td><a href=\"\/portal\/wp-content\/uploads\/2025\/01\/Animal-and-Plant-Protection.pdf\">Animal and Plant Protection<\/a><\/td><td>Professional Master&nbsp;<\/td><td>CCAAB<\/td><td>Cruz das Almas<\/td><\/tr><tr><td><a href=\"\/portal\/wp-content\/uploads\/2025\/01\/Animal-Science.pdf\">Animal Science<\/a><\/td><td>Master<\/td><td>CCAAB<\/td><td>Cruz das Almas<\/td><\/tr><tr><td><a href=\"\/portal\/wp-content\/uploads\/2025\/01\/Archeology-and-Cultural-Heritage.pdf\">Archeology and Cultural Heritage<\/a><\/td><td>Master<\/td><td>CAHL<\/td><td>Cachoeira<\/td><\/tr><tr><td><a href=\"\/portal\/wp-content\/uploads\/2025\/01\/Communication.pdf\">Communication<\/a><\/td><td>Master<\/td><td>CAHL<\/td><td>Cachoeira<\/td><\/tr><tr><td><a href=\"\/portal\/wp-content\/uploads\/2025\/01\/Farming-Defense.pdf\">Farming Defense<\/a><\/td><td>Professional Master<\/td><td>CCAAB<\/td><td>Cruz das Almas<\/td><\/tr><tr><td><a href=\"\/portal\/wp-content\/uploads\/2025\/01\/History-of-African-Diaspora-and-Indigenous-People.pdf\">History of African, Diaspora and Indigenous People<\/a><\/td><td>Master<\/td><td>CAHL<\/td><td>Cachoeira<\/td><\/tr><tr><td><a href=\"\/portal\/wp-content\/uploads\/2025\/01\/Mathematics.pdf\">Mathematics<\/a><\/td><td>Professional Master&nbsp;<\/td><td>CETEC<\/td><td>Cruz das Almas<\/td><\/tr><tr><td><a href=\"\/portal\/wp-content\/uploads\/2025\/01\/Plant-Breeding-and-Genetic-Resources.pdf\">Plant Breeding and Genetic Resources<\/a><\/td><td>Master<\/td><td>CCAAB<\/td><td>Cruz das Almas<\/td><\/tr><tr><td><a href=\"\/portal\/wp-content\/uploads\/2025\/01\/Public-Policy-Management-and-Social-Security.pdf\">Public Policy Management and Social Security<\/a><\/td><td>Professional Master&nbsp;<\/td><td>CCAAB<\/td><td>Cruz das Almas<\/td><\/tr><tr><td><a href=\"\/portal\/wp-content\/uploads\/2025\/01\/Rural-Education.pdf\">Rural Education<\/a><\/td><td>Professional Master<\/td><td>CFP<\/td><td>Amargosa<\/td><\/tr><tr><td><a href=\"\/portal\/wp-content\/uploads\/2025\/01\/Social-Policy-and-Territories.pdf\">Social Policy and Territories<\/a><\/td><td>Master<\/td><td>CAHL<\/td><td>Cachoeira<\/td><\/tr><tr><td><a href=\"\/portal\/wp-content\/uploads\/2025\/01\/Social-Sciences.pdf\">Social Sciences<\/a><\/td><td>Master<\/td><td>CAHL<\/td><td>Cachoeira<\/td><\/tr><tr><td><a href=\"\/portal\/wp-content\/uploads\/2025\/01\/Soil-and-Ecosystem-Quality.pdf\">Soil and Ecosystem Quality<\/a><\/td><td>Master<\/td><td>CCAAB<\/td><td>Cruz das Almas<\/td><\/tr><\/tbody><\/table><\/figure>\n\n\n\n<h2 class=\"wp-block-heading\">Extension<\/h2>\n\n\n\n<figure class=\"wp-block-image size-full\"><img loading=\"lazy\" decoding=\"async\" width=\"1200\" height=\"630\" src=\"https:\/\/ufrb.edu.br\/portal\/wp-content\/uploads\/2024\/11\/extension-2021.png\" alt=\"\" class=\"wp-image-35822\" srcset=\"https:\/\/ufrb.edu.br\/portal\/wp-content\/uploads\/sites\/5\/2024\/11\/extension-2021.png 1200w, https:\/\/ufrb.edu.br\/portal\/wp-content\/uploads\/sites\/5\/2024\/11\/extension-2021-300x158.png 300w, https:\/\/ufrb.edu.br\/portal\/wp-content\/uploads\/sites\/5\/2024\/11\/extension-2021-1024x538.png 1024w, https:\/\/ufrb.edu.br\/portal\/wp-content\/uploads\/sites\/5\/2024\/11\/extension-2021-768x403.png 768w\" sizes=\"auto, (max-width: 1200px) 100vw, 1200px\" \/><\/figure>\n\n\n\n<p>Extension is developed at UFRB as an interaction link with the society, in which academic knowledge meets with other forms of knowledge-making. From a dialogical stance, it aims at forming more qualified and engaged students.<\/p>\n\n\n\n<p>UFRB seeks to intensify university extension by integrating it with other higher education policies. Therefore, extension should provide an interdisciplinary approach, enabling the interaction between technical, ecological, social, economic, cultural and political knowledge, helping to promote development, with special priority in the Rec\u00f4ncavo region.<\/p>\n\n\n\n<h2 class=\"wp-block-heading\">Research<\/h2>\n\n\n\n<figure class=\"wp-block-image size-full\"><img loading=\"lazy\" decoding=\"async\" width=\"1200\" height=\"630\" src=\"https:\/\/ufrb.edu.br\/portal\/wp-content\/uploads\/2024\/11\/research-2021.png\" alt=\"\" class=\"wp-image-35823\" srcset=\"https:\/\/ufrb.edu.br\/portal\/wp-content\/uploads\/sites\/5\/2024\/11\/research-2021.png 1200w, https:\/\/ufrb.edu.br\/portal\/wp-content\/uploads\/sites\/5\/2024\/11\/research-2021-300x158.png 300w, https:\/\/ufrb.edu.br\/portal\/wp-content\/uploads\/sites\/5\/2024\/11\/research-2021-1024x538.png 1024w, https:\/\/ufrb.edu.br\/portal\/wp-content\/uploads\/sites\/5\/2024\/11\/research-2021-768x403.png 768w\" sizes=\"auto, (max-width: 1200px) 100vw, 1200px\" \/><\/figure>\n\n\n\n<p>Scientific research and the generation of knowledge play a key role both in the quality of education and in the regional development. The consolidation of research, technology and innovation adds value to the processes, products and services, setting the knowledge in favor of scientific advancement and social inclusion.<\/p>\n\n\n\n<p>UFRB understands that universities should be a reference in research within the social context, becoming, therefore, a creative center for the community in which it is located. As a consequence, it stimulates the presence and the performance of researchers in the Rec\u00f4ncavo region of Bahia.<\/p>\n\n\n\n<h2 class=\"wp-block-heading\">Affirmative Actions<\/h2>\n\n\n\n<figure class=\"wp-block-image size-full\"><img loading=\"lazy\" decoding=\"async\" width=\"1200\" height=\"630\" src=\"https:\/\/ufrb.edu.br\/portal\/wp-content\/uploads\/2024\/11\/affirmative-2021.png\" alt=\"\" class=\"wp-image-35824\" srcset=\"https:\/\/ufrb.edu.br\/portal\/wp-content\/uploads\/sites\/5\/2024\/11\/affirmative-2021.png 1200w, https:\/\/ufrb.edu.br\/portal\/wp-content\/uploads\/sites\/5\/2024\/11\/affirmative-2021-300x158.png 300w, https:\/\/ufrb.edu.br\/portal\/wp-content\/uploads\/sites\/5\/2024\/11\/affirmative-2021-1024x538.png 1024w, https:\/\/ufrb.edu.br\/portal\/wp-content\/uploads\/sites\/5\/2024\/11\/affirmative-2021-768x403.png 768w\" sizes=\"auto, (max-width: 1200px) 100vw, 1200px\" \/><\/figure>\n\n\n\n<p>Affirmative actions start from the recognition of the plurality of the society, understanding that all social groups that constitute it have the right of access to public and institutional policies that promote equity.<\/p>\n\n\n\n<p>UFRB made a commitment to assure the access, the permanence and the post-permanence of students from public schools, who declare themselves to be black or mestizo, indigenous or indigenous-descendants, and remnants of quilombos, through the institutional policy of affirmative actions. The principles of this policy are: co-responsibility, mutualism, solidarity and protagonism.<\/p>\n\n\n\n<h2 class=\"wp-block-heading\">Partnerships<\/h2>\n\n\n\n<figure class=\"wp-block-image size-full\"><img loading=\"lazy\" decoding=\"async\" width=\"1200\" height=\"630\" src=\"https:\/\/ufrb.edu.br\/portal\/wp-content\/uploads\/2024\/11\/partnerships-2021.png\" alt=\"\" class=\"wp-image-35825\" srcset=\"https:\/\/ufrb.edu.br\/portal\/wp-content\/uploads\/sites\/5\/2024\/11\/partnerships-2021.png 1200w, https:\/\/ufrb.edu.br\/portal\/wp-content\/uploads\/sites\/5\/2024\/11\/partnerships-2021-300x158.png 300w, https:\/\/ufrb.edu.br\/portal\/wp-content\/uploads\/sites\/5\/2024\/11\/partnerships-2021-1024x538.png 1024w, https:\/\/ufrb.edu.br\/portal\/wp-content\/uploads\/sites\/5\/2024\/11\/partnerships-2021-768x403.png 768w\" sizes=\"auto, (max-width: 1200px) 100vw, 1200px\" \/><\/figure>\n\n\n\n<figure class=\"wp-block-table table\"><table class=\"has-fixed-layout\"><thead><tr><th>Partner<\/th><th>Country<\/th><\/tr><\/thead><tbody><tr><td><a href=\"http:\/\/www.percussionacademy.com.au\/\">Australian Percussion Academy<\/a><\/td><td>Australia<\/td><\/tr><tr><td><a href=\"https:\/\/www.uni-bayreuth.de\/en\/\">University of Bayreuth<\/a><\/td><td>Germany<\/td><\/tr><tr><td><a href=\"http:\/\/www.undav.edu.ar\/\">Universidad Nacional de Avellaneda<\/a><\/td><td>Argentina<\/td><\/tr><tr><td><a href=\"https:\/\/uclouvain.be\">Universit\u00e9 Catholique de Louvain<\/a><\/td><td>Belgium<\/td><\/tr><tr><td><a href=\"http:\/\/www.udec.cl\">Universidad de Concepci\u00f3n<\/a><\/td><td>Chile<\/td><\/tr><tr><td><a href=\"https:\/\/www.zamorano.edu\/\">Universidad Zamorano<\/a><\/td><td>Honduras<\/td><\/tr><tr><td><a href=\"http:\/\/web.chapingo.mx\/\">Universidad Aut\u00f3noma Chapingo<\/a><\/td><td>Mexico<\/td><\/tr><tr><td><a href=\"https:\/\/www.kew.org\/\">Royal Botanic Gardens &#8211; Kew<\/a><\/td><td>United Kingdom<\/td><\/tr><tr><td><a href=\"https:\/\/controlandsafety.org\/\">Control and Safety Foundation<\/a><\/td><td>United States of America<\/td><\/tr><tr><td><a href=\"http:\/\/www.usc.es\/\">Universidade de Santiago de Compostela<\/a><\/td><td>Spain<\/td><\/tr><tr><td><a href=\"http:\/\/www.um.es\">Universidad de Murcia<\/a><\/td><td>Spain<\/td><\/tr><tr><td><a href=\"http:\/\/ua.uart.edu.cu\/\">Universidad de Artemisa<\/a><\/td><td>Cuba<\/td><\/tr><tr><td><a href=\"https:\/\/www.up.ac.mz\/\">Universidade Pedag\u00f3gica<\/a><\/td><td>Mozambique<\/td><\/tr><tr><td><a href=\"https:\/\/www.unizambeze.ac.mz\/\">UniZambeze<\/a><\/td><td>Mozambique<\/td><\/tr><tr><td><a href=\"https:\/\/www.ipb.pt\/\">Instituto Polit\u00e9cnico de Bragan\u00e7a<\/a><\/td><td>Portugal<\/td><\/tr><tr><td><a href=\"https:\/\/portal.uab.pt\/pt\/\">Universidade Aberta de Portugal<\/a><\/td><td>Portugal<\/td><\/tr><tr><td><a href=\"https:\/\/www.ulisboa.pt\/\">Universidade de Lisboa<\/a><\/td><td>Portugal<\/td><\/tr><tr><td><a href=\"https:\/\/www.teluq.ca\">Universit\u00e9 T\u00e9luqniversit\u00e9 T\u00e9luq<\/a><\/td><td>Canada<\/td><\/tr><tr><td><a href=\"https:\/\/www.utad.pt\/\">Universidade de Tr\u00e1s-os-Montes e do Alto Douro<\/a><\/td><td>Portugal<\/td><\/tr><tr><td><a href=\"https:\/\/www.uminho.pt\">Universidade do Minho<\/a><\/td><td>Portugal<\/td><\/tr><\/tbody><\/table><\/figure>\n\n\n\n<h2 class=\"wp-block-heading\">Talk to UFRB<\/h2>\n\n\n\n<p>If you would like to speak to UFRB,&nbsp;please use the contact details below:<\/p>\n\n\n\n<p>&nbsp;+55 75&nbsp;3621-5315<\/p>\n\n\n\n<p>&nbsp;<a href=\"mailto:supai@reitoria.ufrb.edu.br\">supai@reitoria.ufrb.edu.br<\/a><\/p>\n\n\n\n<p>&nbsp;Rua Rui Barbosa, 710 &#8211; Centro &#8211; Cruz das Almas\/BA &#8211; 44.380-000<\/p>\n\n\n","protected":false},"excerpt":{"rendered":"<p>The Universidade Federal do Rec\u00f4ncavo da Bahia (UFRB) was created in a region that carries a rich history of cultural encounters, contradictions and exchanges. UFRB is part of this history and recognizes itself as such, because it is the result of the aspirations and mobilizations of local communities. Therefore, it is also heir of the [&hellip;]<\/p>\n","protected":false},"author":1,"featured_media":0,"parent":0,"menu_order":52,"comment_status":"closed","ping_status":"closed","template":"","meta":{"_acf_changed":false,"footnotes":""},"class_list":["post-28381","page","type-page","status-publish","hentry"],"acf":[],"_links":{"self":[{"href":"https:\/\/ufrb.edu.br\/portal\/wp-json\/wp\/v2\/pages\/28381","targetHints":{"allow":["GET"]}}],"collection":[{"href":"https:\/\/ufrb.edu.br\/portal\/wp-json\/wp\/v2\/pages"}],"about":[{"href":"https:\/\/ufrb.edu.br\/portal\/wp-json\/wp\/v2\/types\/page"}],"author":[{"embeddable":true,"href":"https:\/\/ufrb.edu.br\/portal\/wp-json\/wp\/v2\/users\/1"}],"replies":[{"embeddable":true,"href":"https:\/\/ufrb.edu.br\/portal\/wp-json\/wp\/v2\/comments?post=28381"}],"version-history":[{"count":1,"href":"https:\/\/ufrb.edu.br\/portal\/wp-json\/wp\/v2\/pages\/28381\/revisions"}],"predecessor-version":[{"id":44555,"href":"https:\/\/ufrb.edu.br\/portal\/wp-json\/wp\/v2\/pages\/28381\/revisions\/44555"}],"wp:attachment":[{"href":"https:\/\/ufrb.edu.br\/portal\/wp-json\/wp\/v2\/media?parent=28381"}],"curies":[{"name":"wp","href":"https:\/\/api.w.org\/{rel}","templated":true}]}}