{"id":29161,"date":"2020-04-27T12:32:26","date_gmt":"2020-04-27T12:32:26","guid":{"rendered":"https:\/\/ufrb.edu.br\/2020\/04\/27\/perguntas-frequentes\/"},"modified":"2020-04-27T12:32:26","modified_gmt":"2020-04-27T12:32:26","slug":"perguntas-frequentes","status":"publish","type":"page","link":"https:\/\/ufrb.edu.br\/portal\/perguntas-frequentes\/","title":{"rendered":"Perguntas Frequentes"},"content":{"rendered":"<div class=\"description\">\n<p>Nesta se\u00e7\u00e3o, s\u00e3o divulgadas as perguntas frequentes sobre as atividades desempenhadas pela Universidade Federal do Rec\u00f4ncavo da Bahia ou sobre as a\u00e7\u00f5es no \u00e2mbito de sua compet\u00eancia.<\/p>\n<\/div>\n<p>Acesse as <a href=\"https:\/\/ufrb.edu.br\/portal\/2020\/04\/27\/perguntas-frequentes\/\">Perguntas Frequentes<\/a>.<\/p>\n","protected":false},"excerpt":{"rendered":"<p>Nesta se\u00e7\u00e3o, s\u00e3o divulgadas as perguntas frequentes sobre as atividades desempenhadas pela Universidade Federal do Rec\u00f4ncavo da Bahia ou sobre as a\u00e7\u00f5es no \u00e2mbito de sua compet\u00eancia. Acesse as Perguntas Frequentes.<\/p>\n","protected":false},"author":1,"featured_media":0,"parent":0,"menu_order":5,"comment_status":"closed","ping_status":"closed","template":"","meta":{"_acf_changed":false,"footnotes":""},"class_list":["post-29161","page","type-page","status-publish","hentry"],"acf":[],"_links":{"self":[{"href":"https:\/\/ufrb.edu.br\/portal\/wp-json\/wp\/v2\/pages\/29161","targetHints":{"allow":["GET"]}}],"collection":[{"href":"https:\/\/ufrb.edu.br\/portal\/wp-json\/wp\/v2\/pages"}],"about":[{"href":"https:\/\/ufrb.edu.br\/portal\/wp-json\/wp\/v2\/types\/page"}],"author":[{"embeddable":true,"href":"https:\/\/ufrb.edu.br\/portal\/wp-json\/wp\/v2\/users\/1"}],"replies":[{"embeddable":true,"href":"https:\/\/ufrb.edu.br\/portal\/wp-json\/wp\/v2\/comments?post=29161"}],"version-history":[{"count":0,"href":"https:\/\/ufrb.edu.br\/portal\/wp-json\/wp\/v2\/pages\/29161\/revisions"}],"wp:attachment":[{"href":"https:\/\/ufrb.edu.br\/portal\/wp-json\/wp\/v2\/media?parent=29161"}],"curies":[{"name":"wp","href":"https:\/\/api.w.org\/{rel}","templated":true}]}}