{"id":29170,"date":"2020-04-29T16:52:48","date_gmt":"2020-04-29T16:52:48","guid":{"rendered":"https:\/\/ufrb.edu.br\/2020\/04\/29\/normativos-coronavirus-covid-19\/"},"modified":"2025-12-01T13:52:07","modified_gmt":"2025-12-01T16:52:07","slug":"normativos-coronavirus-covid-19","status":"publish","type":"page","link":"https:\/\/ufrb.edu.br\/portal\/normativos-coronavirus-covid-19\/","title":{"rendered":"Normativos Coronav\u00edrus CoVid-19"},"content":{"rendered":"<p>19\/11\/2021 &#8211;&nbsp;<a href=\"https:\/\/ufrb.edu.br\/soc\/components\/com_chronoforms5\/chronoforms\/uploads\/documento\/20211117100913_Resoluo_007_2021-assinado.pdf\">Resolu\u00e7\u00e3o CONSUNI N\u00ba 007\/2021 &#8211; Disp\u00f5e sobre a autoriza\u00e7\u00e3o para retomada presencial gradual das atividades acad\u00eamicas e administrativas da UFRB, em conformidade com a Resolu\u00e7\u00e3o CONSUNI N\u00ba. 03\/2021<\/a><\/p>\n<p>02\/08\/2021 &#8211;&nbsp;<a href=\"http:\/\/ufrb.edu.br\/wp-content\/uploads\/2020\/04\/diretrizes-covid19-ufrb-95b.pdf\">Diretrizes Institucionais de Medidas de Biosseguran\u00e7a de Enfrentamento \u00e0 COVID-19<\/a><\/p>\n<p>25\/05\/2020 &#8211;&nbsp;<a href=\"https:\/\/ufrb.edu.br\/portal\/2020\/05\/25\/ufrb-divulga-antecipacao-de-feriados-para-atender-a-necessidade-de-isolamento\/\">UFRB divulga antecipa\u00e7\u00e3o de feriados para atender a necessidade de isolamento<\/a><\/p>\n<p>14\/05\/2020 &#8211;&nbsp;<a href=\"https:\/\/www.ufrb.edu.br\/propaae\/noticias\/958-nota-sobre-a-mobilidade-e-circulacao-nas-residencias-universitarias-da-ufrb-no-periodo-de-pandemia-do-covid-19\">Nota sobre a mobilidade e circula\u00e7\u00e3o nas resid\u00eancias universit\u00e1rias da UFRB no per\u00edodo de pandemia do COVID-19<\/a><\/p>\n<p>01\/04\/2020 &#8211;&nbsp;<a href=\"https:\/\/ufrb.edu.br\/ppgci\/nota-tecnica?download=1694:nota-tecnica-01-2020-ppgci\">Nota T\u00e9cnica 01.2020 &#8211; PPGCI &#8211;&nbsp;Orienta a realiza\u00e7\u00e3o de bancas de qualifica\u00e7\u00e3o e de defesa de trabalho de conclus\u00e3o por meio de videoconfer\u00eancia ou outro suporte eletr\u00f4nico \u00e0 dist\u00e2ncia equivalente nos cursos de p\u00f3s-gradua\u00e7\u00e3o<\/a><\/p>\n<p>31\/03\/2020 &#8211;&nbsp;<a href=\"https:\/\/ufrb.edu.br\/progep\/documentos\/category\/72-ano-2020?download=3705:boletim-de-pessoal-n-057-2020\">Portaria N\u00ba 338, de 30 de mar\u00e7o de 2020 &#8211; Disp\u00f5e sobre a altera\u00e7\u00e3o da reda\u00e7\u00e3o por acr\u00e9scimos, no Artigo 1\u00ba da Portaria N\u00ba 322<\/a><\/p>\n<p>31\/03\/2020 &#8211;&nbsp;<a href=\"https:\/\/ufrb.edu.br\/soc\/components\/com_chronoforms5\/chronoforms\/uploads\/documento\/20200331084323_resolucao-conac-09-2020.pdf\">Resolu\u00e7\u00e3o CONAC N\u00ba 009\/2020 &#8211; Disp\u00f5e sobre a altera\u00e7\u00e3o do Artigo 2\u00ba da Resolu\u00e7\u00e3o CONAC N\u00ba 008\/2020<\/a><\/p>\n<p>26\/03\/2020 &#8211;&nbsp;<a href=\"http:\/\/ufrb.edu.br\/wp-content\/uploads\/2020\/03\/plano-contingencia-ufrb-covid19-8d5.pdf\">Plano de Conting\u00eancia<\/a><\/p>\n<p>21\/03\/2020 &#8211;&nbsp;<a href=\"https:\/\/ufrb.edu.br\/soc\/components\/com_chronoforms5\/chronoforms\/uploads\/documento\/20200321130354_resolucao-conac-08-2020.pdf\">Resolu\u00e7\u00e3o CONAC N\u00ba 08\/2020 &#8211; Disp\u00f5e sobre a suspens\u00e3o do Calend\u00e1rio Acad\u00eamico 2020<\/a>&nbsp;<\/p>\n<p>20\/03\/2020 &#8211;&nbsp;<a href=\"https:\/\/www.ufrb.edu.br\/propaae\/editais-e-selecoes\/950-nota-informativa-sobre-o-ppq-2020-1\">Nota Informativa sobre o PPQ 2020.1<\/a><\/p>\n<p>19\/03\/2020 &#8211;&nbsp;<a href=\"https:\/\/www.ufrb.edu.br\/propaae\/noticias\/949-nota-tecnica-para-as-residencias-universitarias\">Nota T\u00e9cnica para as Resid\u00eancias Universit\u00e1rias<\/a><\/p>\n<p>17\/03\/2020 &#8211;&nbsp;<a href=\"https:\/\/ufrb.edu.br\/progep\/documentos\/category\/72-ano-2020?download=3692:boletim-de-pessoal-n-049-2020\">Portaria N\u00ba 322\/2020, de 17 de mar\u00e7o de 2020 &#8211; Suspens\u00e3o de atividades acad\u00eamicas e administrativas<\/a><\/p>\n","protected":false},"excerpt":{"rendered":"<p>19\/11\/2021 &#8211;&nbsp;Resolu\u00e7\u00e3o CONSUNI N\u00ba 007\/2021 &#8211; Disp\u00f5e sobre a autoriza\u00e7\u00e3o para retomada presencial gradual das atividades acad\u00eamicas e administrativas da UFRB, em conformidade com a Resolu\u00e7\u00e3o CONSUNI N\u00ba. 03\/2021 02\/08\/2021 &#8211;&nbsp;Diretrizes Institucionais de Medidas de Biosseguran\u00e7a de Enfrentamento \u00e0 COVID-19 25\/05\/2020 &#8211;&nbsp;UFRB divulga antecipa\u00e7\u00e3o de feriados para atender a necessidade de isolamento 14\/05\/2020 &#8211;&nbsp;Nota sobre [&hellip;]<\/p>\n","protected":false},"author":1,"featured_media":0,"parent":0,"menu_order":38,"comment_status":"closed","ping_status":"closed","template":"","meta":{"_acf_changed":false,"footnotes":""},"class_list":["post-29170","page","type-page","status-publish","hentry"],"acf":[],"_links":{"self":[{"href":"https:\/\/ufrb.edu.br\/portal\/wp-json\/wp\/v2\/pages\/29170","targetHints":{"allow":["GET"]}}],"collection":[{"href":"https:\/\/ufrb.edu.br\/portal\/wp-json\/wp\/v2\/pages"}],"about":[{"href":"https:\/\/ufrb.edu.br\/portal\/wp-json\/wp\/v2\/types\/page"}],"author":[{"embeddable":true,"href":"https:\/\/ufrb.edu.br\/portal\/wp-json\/wp\/v2\/users\/1"}],"replies":[{"embeddable":true,"href":"https:\/\/ufrb.edu.br\/portal\/wp-json\/wp\/v2\/comments?post=29170"}],"version-history":[{"count":1,"href":"https:\/\/ufrb.edu.br\/portal\/wp-json\/wp\/v2\/pages\/29170\/revisions"}],"predecessor-version":[{"id":45015,"href":"https:\/\/ufrb.edu.br\/portal\/wp-json\/wp\/v2\/pages\/29170\/revisions\/45015"}],"wp:attachment":[{"href":"https:\/\/ufrb.edu.br\/portal\/wp-json\/wp\/v2\/media?parent=29170"}],"curies":[{"name":"wp","href":"https:\/\/api.w.org\/{rel}","templated":true}]}}