{"id":29171,"date":"2020-04-29T16:53:26","date_gmt":"2020-04-29T16:53:26","guid":{"rendered":"https:\/\/ufrb.edu.br\/2020\/04\/29\/comite-de-acompanhamento-e-enfrentamento-a-covid-19\/"},"modified":"2025-12-01T13:52:03","modified_gmt":"2025-12-01T16:52:03","slug":"comite-de-acompanhamento-e-enfrentamento-a-covid-19","status":"publish","type":"page","link":"https:\/\/ufrb.edu.br\/portal\/comite-de-acompanhamento-e-enfrentamento-a-covid-19\/","title":{"rendered":"Comit\u00ea de Acompanhamento e Enfrentamento \u00e0 CoVid-19"},"content":{"rendered":"<p><a href=\"https:\/\/ufrb.edu.br\/progep\/documentos\/category\/72-ano-2020?download=3691:boletim-de-pessoal-n-048-2020\">Portaria N\u00ba 319, de 13 de mar\u00e7o de 2020<\/a><\/p>\n<p><a href=\"https:\/\/ufrb.edu.br\/progep\/documentos\/category\/72-ano-2020?download=3720:boletim-de-pessoal-n-069-2020\" data-mce-tmp=\"1\">Portaria N\u00ba 379, de 17 de abril de 2020<\/a><\/p>\n<p><a href=\"https:\/\/docs.google.com\/spreadsheets\/d\/1kfdmBUXJtgF6eXUXlbCCIgvOxG8hQsoOhkgW9kQw6TM\" data-mce-tmp=\"1\">Plano de a\u00e7\u00e3o do Comit\u00ea UFRB para Combate ao COVID-19<\/a><\/p>\n","protected":false},"excerpt":{"rendered":"<p>Portaria N\u00ba 319, de 13 de mar\u00e7o de 2020 Portaria N\u00ba 379, de 17 de abril de 2020 Plano de a\u00e7\u00e3o do Comit\u00ea UFRB para Combate ao COVID-19<\/p>\n","protected":false},"author":1,"featured_media":0,"parent":0,"menu_order":37,"comment_status":"closed","ping_status":"closed","template":"","meta":{"_acf_changed":false,"footnotes":""},"class_list":["post-29171","page","type-page","status-publish","hentry"],"acf":[],"_links":{"self":[{"href":"https:\/\/ufrb.edu.br\/portal\/wp-json\/wp\/v2\/pages\/29171","targetHints":{"allow":["GET"]}}],"collection":[{"href":"https:\/\/ufrb.edu.br\/portal\/wp-json\/wp\/v2\/pages"}],"about":[{"href":"https:\/\/ufrb.edu.br\/portal\/wp-json\/wp\/v2\/types\/page"}],"author":[{"embeddable":true,"href":"https:\/\/ufrb.edu.br\/portal\/wp-json\/wp\/v2\/users\/1"}],"replies":[{"embeddable":true,"href":"https:\/\/ufrb.edu.br\/portal\/wp-json\/wp\/v2\/comments?post=29171"}],"version-history":[{"count":1,"href":"https:\/\/ufrb.edu.br\/portal\/wp-json\/wp\/v2\/pages\/29171\/revisions"}],"predecessor-version":[{"id":45014,"href":"https:\/\/ufrb.edu.br\/portal\/wp-json\/wp\/v2\/pages\/29171\/revisions\/45014"}],"wp:attachment":[{"href":"https:\/\/ufrb.edu.br\/portal\/wp-json\/wp\/v2\/media?parent=29171"}],"curies":[{"name":"wp","href":"https:\/\/api.w.org\/{rel}","templated":true}]}}