{"id":29173,"date":"2020-04-29T16:57:54","date_gmt":"2020-04-29T16:57:54","guid":{"rendered":"https:\/\/ufrb.edu.br\/2020\/04\/29\/podcasts-coronavirus-covid-19\/"},"modified":"2025-12-01T13:51:52","modified_gmt":"2025-12-01T16:51:52","slug":"podcasts-coronavirus-covid-19","status":"publish","type":"page","link":"https:\/\/ufrb.edu.br\/portal\/podcasts-coronavirus-covid-19\/","title":{"rendered":"Podcasts Coronav\u00edrus CoVid-19"},"content":{"rendered":"<h4>Boletim CoVid-19 (Rec\u00f4ncavo)<\/h4>\n<\/p>\n<p>&nbsp;<\/p>\n<h4>Podcast: Pandemia, Vida e Pol\u00edticas P\u00fablicas<\/h4><\/p>\n","protected":false},"excerpt":{"rendered":"<p>Boletim CoVid-19 (Rec\u00f4ncavo) &nbsp; Podcast: Pandemia, Vida e Pol\u00edticas P\u00fablicas<\/p>\n","protected":false},"author":1,"featured_media":0,"parent":0,"menu_order":35,"comment_status":"closed","ping_status":"closed","template":"","meta":{"_acf_changed":false,"footnotes":""},"class_list":["post-29173","page","type-page","status-publish","hentry"],"acf":[],"_links":{"self":[{"href":"https:\/\/ufrb.edu.br\/portal\/wp-json\/wp\/v2\/pages\/29173","targetHints":{"allow":["GET"]}}],"collection":[{"href":"https:\/\/ufrb.edu.br\/portal\/wp-json\/wp\/v2\/pages"}],"about":[{"href":"https:\/\/ufrb.edu.br\/portal\/wp-json\/wp\/v2\/types\/page"}],"author":[{"embeddable":true,"href":"https:\/\/ufrb.edu.br\/portal\/wp-json\/wp\/v2\/users\/1"}],"replies":[{"embeddable":true,"href":"https:\/\/ufrb.edu.br\/portal\/wp-json\/wp\/v2\/comments?post=29173"}],"version-history":[{"count":1,"href":"https:\/\/ufrb.edu.br\/portal\/wp-json\/wp\/v2\/pages\/29173\/revisions"}],"predecessor-version":[{"id":45012,"href":"https:\/\/ufrb.edu.br\/portal\/wp-json\/wp\/v2\/pages\/29173\/revisions\/45012"}],"wp:attachment":[{"href":"https:\/\/ufrb.edu.br\/portal\/wp-json\/wp\/v2\/media?parent=29173"}],"curies":[{"name":"wp","href":"https:\/\/api.w.org\/{rel}","templated":true}]}}