{"id":29208,"date":"2020-05-12T13:24:55","date_gmt":"2020-05-12T13:24:55","guid":{"rendered":"https:\/\/ufrb.edu.br\/2020\/05\/12\/prototipo-de-protetor-facial-de-pvc\/"},"modified":"2025-12-01T13:51:39","modified_gmt":"2025-12-01T16:51:39","slug":"prototipo-de-protetor-facial-de-pvc","status":"publish","type":"page","link":"https:\/\/ufrb.edu.br\/portal\/prototipo-de-protetor-facial-de-pvc\/","title":{"rendered":"Prot\u00f3tipo de Protetor Facial de PVC"},"content":{"rendered":"<figure><figcaption>Prot\u00f3tipo de protetor facial de PVC desenvolvido por professores do Centro de Exatas e Tecnol\u00f3gicas (CETEC) e Centro de Ci\u00eancia e Tecnologia em Energia e Sustentabilidade (CETENS) da UFRB.<\/figcaption><\/figure>\n<p>Temos aqui um proposta de fabrica\u00e7\u00e3o de protetor facial de baixo custo que pode ser produzido pela pr\u00f3pria popula\u00e7\u00e3o utilizando o um tubo de PVC de 100 mm de di\u00e2metro, item encontrado facialmente na maioria dos com\u00e9rcios locais. Semelhante ao que acontece com a fabrica\u00e7\u00e3o da m\u00e1scaras faciais, para construir esse protetor, voc\u00ea ir\u00e1 precisar de um pouco de habilidade e algumas ferramentas, mas n\u00e3o se preocupe n\u00e3o \u00e9 nada de outro mundo.<\/p>\n<p>Para fabricar o protetor, voc\u00ea ir\u00e1 precisar de um serrote, de cola de PVC e um estilete e uma lixa 50, papel, algo cil\u00edndrico com di\u00e2metro de 20 e 15 cm, como, por exemplo, um pote de metal ou uma panela, simples n\u00e3o?! No v\u00eddeo tutorial, n\u00f3s vamos explicar detalhadamente a constru\u00e7\u00e3o do mesmo, mas veja bem, aquele foi nosso primeiro prot\u00f3tipo e ele j\u00e1 est\u00e1 bem legal! Por estar bem legal, n\u00f3s tamb\u00e9m estamos fabricando aqui em nosso laborat\u00f3rio e pensando em maneira para deixar tudo mais simples ainda. Sempre que criarmos uma evolu\u00e7\u00e3o vamos disponibilizar as instru\u00e7\u00f5es, e voc\u00ea tamb\u00e9m pode fazer o mesmo. A ideia \u00e9 unimos for\u00e7a e construirmos algo de forma colaborativa, barata, vi\u00e1vel e f\u00e1cil.<\/p>\n<p>No item abaixo chamado Projeto, est\u00e1 uma planta baixa com medidas mais detalhadas no que foi feito no v\u00eddeo. O item que chamamos de acetato, \u00e9 aquela parte transparente, \u00e9 o nome do material que usamos em nosso prot\u00f3tipo para o caso de voc\u00ea querer comprar. O que \u00e9 importante s\u00e3o as medidas que usamos, porque n\u00e3o precisar ser exatamente um acetato, n\u00e3o \u00e9 mesmo? Basta que seja um material razoavelmente transparente que servir\u00e1 de barreira e que permita que voc\u00ea enxergue para onde vai.<\/p>\n<p>Depois de construir seu pr\u00f3prio protetor, lembre que ele precisa ser higienizado sempre depois do uso, \u00e1gua e detergente para sujidade e \u00e1lcool 70% para desinfec\u00e7\u00e3o, porque se tiver sujo de suor, saliva, s\u00f3 \u00e1gua e sab\u00e3o resolve. Ah!! Voc\u00ea precisa continuar mantendo todas as precau\u00e7\u00f5es orientadas pelas Secretarias de Sa\u00fade, o protetor facial \u00e9 mais um instrumento de enfrentamento ao COVID19, ok?!<\/p>\n<p>Esse projeto que desenvolvemos est\u00e1 alinhado com um grupo chamado <strong>Corona Vidas<\/strong> <a href=\"https:\/\/coronavidas.net\/\">coronavidas.net<\/a>, um grupo de colaboradores volunt\u00e1rios que est\u00e3o unidos para produ\u00e7\u00e3o e doa\u00e7\u00e3o de protetores faciais usando impressoras 3D e pl\u00e1stico injet\u00e1vel, vale a pena voc\u00ea conhecer o site e olhar a proposta do grupo, nossos grupos est\u00e3o l\u00e1 presentados pelo Hub de Cruz das Almas e de Feira de Santana.<\/p>\n<h4>Projetos<\/h4>\n<p><a href=\"http:\/\/ufrb.edu.br\/wp-content\/uploads\/2020\/05\/acetato-656.PDF\">Acetato<\/a><\/p>\n<p><a href=\"http:\/\/ufrb.edu.br\/wp-content\/uploads\/2020\/05\/arco-externo-82a.PDF\">Arco Externo<\/a><\/p>\n<p><a href=\"http:\/\/ufrb.edu.br\/wp-content\/uploads\/2020\/05\/arco-interno-a20.PDF\">Arco Interno<\/a><\/p>\n<p><a href=\"http:\/\/ufrb.edu.br\/wp-content\/uploads\/2020\/05\/separadores-b07.PDF\">Separadores<\/a><\/p>\n<h4>Tutorial<\/h4>\n<p>{youtube}PK8lPRu0Hqs{\/youtube}<\/p>\n<h4>Grupo de Pesquisa<\/h4>\n<p>O MITEC &#8211; Modelagem e Instrumenta\u00e7\u00e3o Tecnol\u00f3gica nas Engenharias e Ci\u00eancia \u00e9 uma grupo de pesquisa que reuni algumas \u00e1reas que representam alguns setores base de tecnologia, temos f\u00edsicos, matem\u00e1ticos e engenheiros em nosso grupo. A ideia do grupo \u00e9 de dissemina\u00e7\u00e3o de conhecimento cient\u00edfico e tecnol\u00f3gico, a partir do desenvolvimento de&nbsp; kit\u00b4s did\u00e1ticos, materiais educacionais e modelagem computacional. Al\u00e9m do docentes pesquisadores, formamos uma equipe com nosso alunos que nos ajudam consideravelmente no desenvolvimento de nosso projetos.<\/p>\n<h4>Contato<\/h4>\n<p>Karina Kodel &#8211; <a href=\"mailto:kkodel@gmail.com\">kkodel@gmail.com<\/a><\/p>\n<h4>Galeria<\/h4>\n<p>{gallery}coronavirus\/protetor{\/gallery}<\/p>\n","protected":false},"excerpt":{"rendered":"<p>Prot\u00f3tipo de protetor facial de PVC desenvolvido por professores do Centro de Exatas e Tecnol\u00f3gicas (CETEC) e Centro de Ci\u00eancia e Tecnologia em Energia e Sustentabilidade (CETENS) da UFRB. Temos aqui um proposta de fabrica\u00e7\u00e3o de protetor facial de baixo custo que pode ser produzido pela pr\u00f3pria popula\u00e7\u00e3o utilizando o um tubo de PVC de [&hellip;]<\/p>\n","protected":false},"author":1,"featured_media":29203,"parent":0,"menu_order":31,"comment_status":"closed","ping_status":"closed","template":"","meta":{"_acf_changed":false,"footnotes":""},"class_list":["post-29208","page","type-page","status-publish","has-post-thumbnail","hentry"],"acf":[],"_links":{"self":[{"href":"https:\/\/ufrb.edu.br\/portal\/wp-json\/wp\/v2\/pages\/29208","targetHints":{"allow":["GET"]}}],"collection":[{"href":"https:\/\/ufrb.edu.br\/portal\/wp-json\/wp\/v2\/pages"}],"about":[{"href":"https:\/\/ufrb.edu.br\/portal\/wp-json\/wp\/v2\/types\/page"}],"author":[{"embeddable":true,"href":"https:\/\/ufrb.edu.br\/portal\/wp-json\/wp\/v2\/users\/1"}],"replies":[{"embeddable":true,"href":"https:\/\/ufrb.edu.br\/portal\/wp-json\/wp\/v2\/comments?post=29208"}],"version-history":[{"count":1,"href":"https:\/\/ufrb.edu.br\/portal\/wp-json\/wp\/v2\/pages\/29208\/revisions"}],"predecessor-version":[{"id":45009,"href":"https:\/\/ufrb.edu.br\/portal\/wp-json\/wp\/v2\/pages\/29208\/revisions\/45009"}],"wp:featuredmedia":[{"embeddable":true,"href":"https:\/\/ufrb.edu.br\/portal\/wp-json\/wp\/v2\/media\/29203"}],"wp:attachment":[{"href":"https:\/\/ufrb.edu.br\/portal\/wp-json\/wp\/v2\/media?parent=29208"}],"curies":[{"name":"wp","href":"https:\/\/api.w.org\/{rel}","templated":true}]}}