{"id":29293,"date":"2020-06-25T18:31:50","date_gmt":"2020-06-25T18:31:50","guid":{"rendered":"https:\/\/ufrb.edu.br\/2020\/06\/25\/agenda-de-autoridades\/"},"modified":"2026-04-10T08:18:07","modified_gmt":"2026-04-10T11:18:07","slug":"agenda-de-autoridades","status":"publish","type":"page","link":"https:\/\/ufrb.edu.br\/portal\/agenda-de-autoridades\/","title":{"rendered":"Agenda de Autoridades"},"content":{"rendered":"\n<p><strong>Reitoria<\/strong><\/p>\n\n\n\n<ul class=\"wp-block-list\">\n<li><strong>Reitor<strong>(a)<\/strong>&nbsp;<\/strong><a href=\"https:\/\/calendar.google.com\/calendar\/embed?src=sec%40reitoria.ufrb.edu.br&amp;ctz=America%2FBahia\">Georgina Gon\u00e7alves dos Santos<\/a>&nbsp;| <a href=\"https:\/\/eagendas.cgu.gov.br\/?_token=RChC8QeQs1ryx2jAhZYwme93dUdQ0hKpVRegxrNC&amp;filtro_orgaos_ativos=on&amp;filtro_orgao=1221&amp;filtro_cargos_ativos=on&amp;filtro_cargo=REITOR+DA+UNIVERSIDADE+FEDERAL+DO+REC%C3%94NCAVO+DA+BAHIA&amp;filtro_apos_ativos=on&amp;filtro_servidor=23954&amp;cargo_confianca_id=&amp;is_cargo_vago=false#divcalendar\">e-Agenda CGU<\/a><\/li>\n\n\n\n<li><strong>Vice-Reitor<strong>(a)<\/strong>&nbsp;<\/strong><a href=\"https:\/\/calendar.google.com\/calendar\/embed?src=vice%40reitoria.ufrb.edu.br&amp;ctz=America%2FBahia\">F\u00e1bio Josu\u00e9 Souza dos Santos<\/a>&nbsp;| <a href=\"https:\/\/eagendas.cgu.gov.br\/?_token=RChC8QeQs1ryx2jAhZYwme93dUdQ0hKpVRegxrNC&amp;filtro_orgaos_ativos=on&amp;filtro_orgao=1221&amp;filtro_cargos_ativos=on&amp;filtro_cargo=VICE-REITOR+DA+UNIVERSIDADE+FEDERAL+DO+REC%C3%94NCAVO+DA+BAHIA&amp;filtro_apos_ativos=on&amp;filtro_servidor=24431&amp;cargo_confianca_id=&amp;is_cargo_vago=false\">e-Agenda CGU<\/a><\/li>\n\n\n\n<li><strong>Chefe do Gabinete do<strong>(a)<\/strong> Reitor(a)<\/strong> <a href=\"https:\/\/calendar.google.com\/calendar\/u\/0\/embed?src=gabi@reitoria.ufrb.edu.br\">Fabricio Fontes de Andrade<\/a><\/li>\n\n\n\n<li><strong>Coordenador<strong>(a)<\/strong> da Assessoria de Comunica\u00e7\u00e3o<\/strong> <a href=\"https:\/\/calendar.google.com\/calendar\/u\/0\/embed?src=ascom@ascom.ufrb.edu.br\" target=\"_blank\" rel=\"noopener\">C\u00e9sar Velame de Carvalho<\/a><\/li>\n\n\n\n<li><strong>Assessor<strong>(a)<\/strong> de Rela\u00e7\u00f5es Acad\u00eamicas-Institucionais<\/strong> <a href=\"https:\/\/calendar.google.com\/calendar\/u\/0\/embed?src=slsoglia@ufrb.edu.br\" target=\"_blank\" rel=\"noopener\">Silvio Luiz de Oliveira Soglia<\/a><\/li>\n\n\n\n<li><strong>Assessor<strong>(a)<\/strong> de Planejamento Acad\u00eamico, Pesquisa e Inova\u00e7\u00e3o<\/strong>&nbsp;<a href=\"https:\/\/calendar.google.com\/calendar\/u\/0\/embed?src=mauriciosilva@ufrb.edu.br\" target=\"_blank\" rel=\"noopener\">Mauricio Ferreira da Silva<\/a><\/li>\n\n\n\n<li><strong>Assessor(a) de Projetos Estrat\u00e9gicos<\/strong> <a href=\"https:\/\/calendar.google.com\/calendar\/u\/0\/embed?src=eniel@ufrb.edu.br\">Eniel do Esp\u00edrito Santo<\/a><\/li>\n<\/ul>\n\n\n\n<p><strong>Pr\u00f3-Reitoria de Administra\u00e7\u00e3o &#8211; PROAD<\/strong><\/p>\n\n\n\n<ul class=\"wp-block-list\">\n<li><strong>Pr\u00f3-Reitor(a)<\/strong>&nbsp;<a href=\"https:\/\/calendar.google.com\/calendar\/u\/0\/embed?src=proad@proad.ufrb.edu.br\">Emerson Franco Santa B\u00e1rbara<\/a>&nbsp;| <a href=\"https:\/\/eagendas.cgu.gov.br\/?_token=X9vcfyseovA92IUcGwMCcmLx07jDXL5lXcGg1WBO&amp;filtro_orgao=1221&amp;filtro_cargo=PR%C3%93-REITOR+%28A%29++DE+ADMINISTRA%C3%87%C3%83O&amp;filtro_servidor=3074\">e-Agenda CGU<\/a><\/li>\n\n\n\n<li><strong>Coordenador<strong>(a)<\/strong> de Contratos<\/strong> <a href=\"https:\/\/calendar.google.com\/calendar\/u\/0\/embed?src=ccont@proad.ufrb.edu.br\">Sidiney Ferreira Sardinha<\/a><\/li>\n\n\n\n<li><strong>Coordenador<strong>(a)<\/strong> de Licita\u00e7\u00e3o e Compras<\/strong> <a href=\"https:\/\/calendar.google.com\/calendar\/u\/0\/embed?src=ccl@proad.ufrb.edu.br\">Claudio Antonio Faria Vargas<\/a><\/li>\n\n\n\n<li><strong>Coordenador<strong>(a)<\/strong> de Material e Patrim\u00f4nio<\/strong> <a href=\"https:\/\/calendar.google.com\/calendar\/u\/0\/embed?src=cmp@proad.ufrb.edu.br\">Jos\u00e9 Roberto dos Santos Barbosa<\/a><\/li>\n\n\n\n<li><strong>Coordenador<strong>(a)<\/strong> de Servi\u00e7os Operacionais<\/strong> <a href=\"https:\/\/calendar.google.com\/calendar\/u\/0\/embed?src=cso@proad.ufrb.edu.br\">Jarbas Queiroz dos Santos<\/a><\/li>\n<\/ul>\n\n\n\n<p><strong>Pr\u00f3-Reitoria de Gest\u00e3o de Pessoas &#8211; PROGEP<\/strong><\/p>\n\n\n\n<ul class=\"wp-block-list\">\n<li><strong>Pr\u00f3-Reitor<strong>(a)<\/strong><\/strong> <a href=\"https:\/\/calendar.google.com\/calendar\/u\/0\/embed?src=progep@progep.ufrb.edu.br\">Fl\u00e1via Sabina da Silva<\/a>&nbsp;| <a href=\"https:\/\/eagendas.cgu.gov.br\/?_token=RChC8QeQs1ryx2jAhZYwme93dUdQ0hKpVRegxrNC&amp;filtro_orgaos_ativos=on&amp;filtro_orgao=1221&amp;filtro_cargos_ativos=on&amp;filtro_cargo=PR%C3%93-REITOR+%28A%29+DE+GEST%C3%83O+DE+PESSOAL&amp;filtro_apos_ativos=on&amp;filtro_servidor=24900&amp;cargo_confianca_id=&amp;is_cargo_vago=false#divcalendar\">e-Agenda CGU<\/a><\/li>\n\n\n\n<li><strong>Coordenador(a) de Administra\u00e7\u00e3o de Pessoal<\/strong> <a href=\"https:\/\/calendar.google.com\/calendar\/u\/0\/embed?src=administracao@progep.ufrb.edu.br\">Mirella Prazeres Rodrigues<\/a><\/li>\n\n\n\n<li><strong>Coordenador<strong>(a)<\/strong> de Desenvolvimento de Pessoal<\/strong> <a href=\"https:\/\/calendar.google.com\/calendar\/u\/0\/embed?src=desenvolvimento@progep.ufrb.edu.br\">Welington Silva de Souza<\/a><\/li>\n<\/ul>\n\n\n\n<p><strong>Pr\u00f3-Reitoria de Gradua\u00e7\u00e3o &#8211; PROGRAD<\/strong><\/p>\n\n\n\n<ul class=\"wp-block-list\">\n<li><strong>Pr\u00f3-Reitor<strong>(a)<\/strong><\/strong> <a href=\"https:\/\/calendar.google.com\/calendar\/u\/0\/embed?src=prograd@prograd.ufrb.edu.br\">Carolina Fialho Silva<\/a>&nbsp;| <a href=\"https:\/\/eagendas.cgu.gov.br\/?_token=RChC8QeQs1ryx2jAhZYwme93dUdQ0hKpVRegxrNC&amp;filtro_orgaos_ativos=on&amp;filtro_orgao=1221&amp;filtro_cargos_ativos=on&amp;filtro_cargo=PR%C3%93-REITOR+%28A%29+DE+GRADUA%C3%87%C3%83O&amp;filtro_apos_ativos=on&amp;filtro_servidor=24355&amp;cargo_confianca_id=&amp;is_cargo_vago=false#divcalendar\">e-Agenda CGU<\/a><\/li>\n\n\n\n<li><strong>Coordenador<strong>(a)<\/strong> de Ensino e Integra\u00e7\u00e3o Acad\u00eamica<\/strong> <a href=\"https:\/\/calendar.google.com\/calendar\/u\/0\/embed?src=ceiac@prograd.ufrb.edu.br\">Alessandra Queiroz de Almeida<\/a><\/li>\n\n\n\n<li><strong>Coordenador<strong>(a)<\/strong> de Pol\u00edticas e Planejamento da Gradua\u00e7\u00e3o<\/strong> <a href=\"https:\/\/calendar.google.com\/calendar\/u\/0\/embed?src=copeg@prograd.ufrb.edu.br\">Janete dos Santos<\/a><\/li>\n<\/ul>\n\n\n\n<p><strong>Pr\u00f3-Reitoria de Pesquisa, P\u00f3s-Gradua\u00e7\u00e3o, Cria\u00e7\u00e3o e Inova\u00e7\u00e3o &#8211; PPGCI<\/strong><\/p>\n\n\n\n<ul class=\"wp-block-list\">\n<li><strong>Pr\u00f3-Reitor<strong>(a)<\/strong><\/strong> <a href=\"https:\/\/calendar.google.com\/calendar\/embed?src=c_rgota8pd6kq91cdc0j9j80dfls%40group.calendar.google.com&amp;ctz=America%2FBahia\">Simone Alves Silva<\/a>&nbsp;| <a href=\"https:\/\/eagendas.cgu.gov.br\/?_token=RChC8QeQs1ryx2jAhZYwme93dUdQ0hKpVRegxrNC&amp;filtro_orgaos_ativos=on&amp;filtro_orgao=1221&amp;filtro_cargos_ativos=on&amp;filtro_cargo=PR%C3%93-REITOR+%28A%29+DE+PESQUISA%2C+P%C3%93S-GRADUA%C3%87%C3%83O%2C+CRIA%C3%87%C3%83O+E+INOVA%C3%87%C3%83O&amp;filtro_apos_ativos=on&amp;filtro_servidor=24877&amp;cargo_confianca_id=&amp;is_cargo_vago=false#divcalendar\">e-Agenda CGU<\/a><\/li>\n\n\n\n<li><strong>Coordenador<strong>(a)<\/strong> de Cria\u00e7\u00e3o e Inova\u00e7\u00e3o<\/strong> <a href=\"https:\/\/calendar.google.com\/calendar\/u\/0\/embed?src=cinova@ppgci.ufrb.edu.br\">Nilson Weisheimer<\/a><\/li>\n\n\n\n<li><strong>Coordenador<strong>(a)<\/strong> de Ensino de P\u00f3s-Gradua\u00e7\u00e3o<\/strong> <a href=\"https:\/\/calendar.google.com\/calendar\/u\/0\/embed?src=cepg@ppgci.ufrb.edu.br\">Lucas Santos Cerqueira<\/a><\/li>\n\n\n\n<li><strong>Coordenador<strong>(a)<\/strong> de Pesquisa<\/strong> <a href=\"https:\/\/calendar.google.com\/calendar\/u\/0\/embed?src=cpesq@ppgci.ufrb.edu.br\">Soraia Barreto Aguiar Fonteles<\/a><\/li>\n<\/ul>\n\n\n\n<p><strong>Pr\u00f3-Reitoria de Extens\u00e3o e Cultura &#8211; PROEXC<\/strong><\/p>\n\n\n\n<ul class=\"wp-block-list\">\n<li><strong>Pr\u00f3-Reitor(a)<\/strong>&nbsp;<a href=\"https:\/\/calendar.google.com\/calendar\/u\/0\/embed?src=proext@proext.ufrb.edu.br\">Danillo Silva Barata<\/a>&nbsp;| <a href=\"https:\/\/eagendas.cgu.gov.br\/?_token=RChC8QeQs1ryx2jAhZYwme93dUdQ0hKpVRegxrNC&amp;filtro_orgaos_ativos=on&amp;filtro_orgao=1221&amp;filtro_cargos_ativos=on&amp;filtro_cargo=PR%C3%93-REITOR+%28A%29+DE+EXTENS%C3%83O&amp;filtro_apos_ativos=on&amp;filtro_servidor=24432&amp;cargo_confianca_id=&amp;is_cargo_vago=false#divcalendar\">e-Agenda CGU<\/a><\/li>\n\n\n\n<li><strong>Coordenador<strong>(a)<\/strong> de Cultura e Universidade<\/strong> <a href=\"https:\/\/calendar.google.com\/calendar\/u\/0\/embed?src=ccu@proext.ufrb.edu.br\">Fabiana Comerlato<\/a><\/li>\n\n\n\n<li><strong>Coordenador<strong>(a)<\/strong> de Extens\u00e3o Universit\u00e1ria<\/strong> <a href=\"https:\/\/calendar.google.com\/calendar\/u\/0\/embed?src=coproext@proext.ufrb.edu.br\">Maria da Concei\u00e7\u00e3o Menezes Soglia<\/a><\/li>\n<\/ul>\n\n\n\n<p><strong>Pr\u00f3-Reitoria de Planejamento &#8211; PROPLAN<\/strong><\/p>\n\n\n\n<ul class=\"wp-block-list\">\n<li><strong>Pr\u00f3-Reitor(a)<\/strong> <a href=\"https:\/\/calendar.google.com\/calendar\/u\/0\/embed?src=proplan@proplan.ufrb.edu.br\">Jos\u00e9 Joaquim da Silva Ramos<\/a>&nbsp;| <a href=\"https:\/\/eagendas.cgu.gov.br\/?_token=X9vcfyseovA92IUcGwMCcmLx07jDXL5lXcGg1WBO&amp;filtro_orgao=1221&amp;filtro_cargo=PR%C3%93-REITOR+%28A%29+DE+PLANEJAMENTO&amp;filtro_servidor=3064#divcalendar\">e-Agenda CGU<\/a><\/li>\n\n\n\n<li><strong>Coordenador<strong>(a)<\/strong> Cont\u00e1bil e Financeiro<\/strong>&nbsp;<a href=\"https:\/\/calendar.google.com\/calendar\/u\/0\/embed?src=cocfi@proplan.ufrb.edu.br\">Diego dos Santos Rodrigues<\/a><\/li>\n\n\n\n<li><strong>Coordenador<strong>(a)<\/strong> de Biblioteca Central<\/strong> <a href=\"https:\/\/calendar.google.com\/calendar\/u\/0\/embed?src=\">Marcia Cristina Passos da Paix\u00e3o Carneiro<\/a><\/li>\n\n\n\n<li><strong>Coordenador<strong>(a)<\/strong> de Infraestrutura e Meio Ambiente<\/strong> <a href=\"https:\/\/calendar.google.com\/calendar\/u\/0\/embed?src=cimam@proplan.ufrb.edu.br\">Joel Souza dos Santos<\/a><\/li>\n\n\n\n<li><strong>Coordenador<strong>(a)<\/strong> de Or\u00e7amento e Desenvolvimento Institucional<\/strong> <a href=\"https:\/\/calendar.google.com\/calendar\/u\/0\/embed?src=codin@proplan.ufrb.edu.br\">Cristiano Barbosa da Silva<\/a><\/li>\n\n\n\n<li><strong>Coordenador<strong>(a)<\/strong> de Projetos e Conv\u00eanios<\/strong> <a href=\"https:\/\/calendar.google.com\/calendar\/u\/0\/embed?src=coopc@proplan.ufrb.edu.br\">Gilmar Emanoel Silva de Oliveira<\/a><\/li>\n\n\n\n<li><strong>Coordenador<strong>(a)<\/strong> de Tecnologia da Informa\u00e7\u00e3o<\/strong> <a href=\"https:\/\/calendar.google.com\/calendar\/u\/0\/embed?src=cotec@proplan.ufrb.edu.br\">Anderson Lago Gomes<\/a><\/li>\n<\/ul>\n\n\n\n<p><strong>Pr\u00f3-Reitoria de Pol\u00edticas Afirmativas e Assuntos Estudantis &#8211; PROPAAE<\/strong><\/p>\n\n\n\n<ul class=\"wp-block-list\">\n<li><strong>Pr\u00f3-Reitor<strong>(a)<\/strong><\/strong> <a href=\"https:\/\/calendar.google.com\/calendar\/u\/0\/embed?src=propaae@propaae.ufrb.edu.br\">Denize de Almeida Ribeiro<\/a>&nbsp;| <a href=\"https:\/\/eagendas.cgu.gov.br\/?_token=RChC8QeQs1ryx2jAhZYwme93dUdQ0hKpVRegxrNC&amp;filtro_orgaos_ativos=on&amp;filtro_orgao=1221&amp;filtro_cargos_ativos=on&amp;filtro_cargo=PR%C3%93-REITOR+%28A%29+DE+POL%C3%8DTICAS+AFIRMATIVAS+E+ASSUNTOS+ESTUDANTIS&amp;filtro_apos_ativos=on&amp;filtro_servidor=24878&amp;cargo_confianca_id=&amp;is_cargo_vago=false#divcalendar\">e-Agenda CGU<\/a><\/li>\n\n\n\n<li><strong>Coordenador<strong>(a)<\/strong> de Pol\u00edticas Afirmativas<\/strong> <a href=\"https:\/\/calendar.google.com\/calendar\/u\/0\/embed?src=copaf@propaae.ufrb.edu.br\">Rafaela dos Santos Lima<\/a><\/li>\n\n\n\n<li><strong>Coordenador<strong>(a)<\/strong> de Assuntos Estudantis<\/strong>&nbsp;<a href=\"https:\/\/calendar.google.com\/calendar\/u\/0\/embed?src=cae@propaae.ufrb.edu.br\">Ariane Sousa Mendes<\/a><\/li>\n<\/ul>\n\n\n\n<p><strong>Centro de Artes, Humanidades e Letras &#8211; CAHL<\/strong><\/p>\n\n\n\n<ul class=\"wp-block-list\">\n<li><strong>Diretor<strong>(a)<\/strong><\/strong> <a href=\"https:\/\/calendar.google.com\/calendar\/u\/0\/embed?src=direcao@cahl.ufrb.edu.br\">Dyane Brito Reis Santos<\/a><\/li>\n\n\n\n<li><strong>Vice-Diretor(a)<\/strong> <a href=\"https:\/\/calendar.google.com\/calendar\/u\/0\/embed?src=ascahl@cahl.ufrb.edu.br\">Silvia de Oliveira Pereira<\/a><\/li>\n\n\n\n<li><strong>Gerente T\u00e9cnico<strong>(a)<\/strong> Administrativo(a)<\/strong> <a href=\"https:\/\/calendar.google.com\/calendar\/u\/0\/embed?src=gta@cahl.ufrb.edu.br\">Danuza Santana dos Santos Chaves<\/a><\/li>\n<\/ul>\n\n\n\n<p><strong>Centro de Ci\u00eancias Agr\u00e1rias, Ambientais e Biol\u00f3gicas &#8211; CCAAB<\/strong><\/p>\n\n\n\n<ul class=\"wp-block-list\">\n<li><strong>Diretor(a)<\/strong> <a href=\"https:\/\/calendar.google.com\/calendar\/u\/0\/embed?src=diretoria@ccaab.ufrb.edu.br\">Josival Santos Souza<\/a><\/li>\n\n\n\n<li><strong>Vice-Diretor(a)<\/strong> <a href=\"https:\/\/calendar.google.com\/calendar\/u\/0\/embed?src=roberto.borges@ufrb.edu.br&amp;ctz=America\/Bahia\">Roberto Robson Borges dos Santos<\/a><\/li>\n\n\n\n<li><strong>Gerente T\u00e9cnico<strong>(a)<\/strong> Administrativo(a)<\/strong> <a href=\"https:\/\/calendar.google.com\/calendar\/u\/0\/embed?src=gta@ccaab.ufrb.edu.br\">M\u00e1rcio Eloy Machado da Silva<\/a><\/li>\n<\/ul>\n\n\n\n<p><strong>Centro de Ci\u00eancias da Sa\u00fade &#8211; CCS<\/strong><\/p>\n\n\n\n<ul class=\"wp-block-list\">\n<li><strong>Diretor<strong>(a)<\/strong><\/strong> <a href=\"https:\/\/calendar.google.com\/calendar\/u\/0\/embed?src=ccs@ccs.ufrb.edu.br\">Rosa C\u00e2ndida Cordeiro<\/a><\/li>\n\n\n\n<li><strong>Vice-Diretor<strong>(a)<\/strong><\/strong>&nbsp;<a href=\"https:\/\/calendar.google.com\/calendar\/u\/0\/embed?src=assessoria@ccs.ufrb.edu.br\">Hermes Pedreira da Silva Filho<\/a><\/li>\n\n\n\n<li><strong>Gerente T\u00e9cnico<strong>(a)<\/strong> Administrativo<strong>(a)<\/strong><\/strong> <a href=\"https:\/\/calendar.google.com\/calendar\/u\/0\/embed?src=gta@ccs.ufrb.edu.br\">Pamela Moura da Rocha<\/a><\/li>\n<\/ul>\n\n\n\n<p><strong>Centro de Ci\u00eancias Exatas e Tecnol\u00f3gicas &#8211; CETEC<\/strong><\/p>\n\n\n\n<ul class=\"wp-block-list\">\n<li><strong>Diretor<strong>(a)<\/strong><\/strong> <a href=\"https:\/\/calendar.google.com\/calendar\/u\/0\/embed?src=cetec@cetec.ufrb.edu.br\">Maria Amelia de Pinho Barbosa Hohlenwerger<\/a><\/li>\n\n\n\n<li><strong>Vice-Diretor(a)<\/strong> <a href=\"https:\/\/calendar.google.com\/calendar\/u\/0\/embed?src=assessoria@cetec.ufrb.edu.br\">Vinicius Santos da Silva<\/a><\/li>\n\n\n\n<li><strong>Gerente T\u00e9cnico<strong>(a)<\/strong> Administrativo(a)<\/strong>&nbsp;<a href=\"https:\/\/calendar.google.com\/calendar\/u\/0\/embed?src=gta@cetec.ufrb.edu.br\">Jamile Machado da Fran\u00e7a Saturnino<\/a><\/li>\n<\/ul>\n\n\n\n<p><strong>Centro de Forma\u00e7\u00e3o de Professores &#8211; CFP<\/strong><\/p>\n\n\n\n<ul class=\"wp-block-list\">\n<li><strong>Diretor<strong>(a)<\/strong><\/strong> <a href=\"https:\/\/calendar.google.com\/calendar\/u\/0\/embed?src=diretoria@cfp.ufrb.edu.br\">Creuza Souza Silva<\/a><\/li>\n\n\n\n<li><strong>Vice-Diretor(a)<\/strong> <a href=\"https:\/\/calendar.google.com\/calendar\/u\/0\/embed?src=assessoria@cfp.ufrb.edu.br\">Fernando Henrique Tisque dos Santos<\/a><\/li>\n\n\n\n<li><strong>Gerente T\u00e9cnico<strong>(a)<\/strong> Administrativo(a)<\/strong> <a href=\"https:\/\/calendar.google.com\/calendar\/u\/0\/embed?src=gta@cfp.ufrb.edu.br\">Josevando Santos Pereira<\/a><\/li>\n<\/ul>\n\n\n\n<p><strong>Centro de Ci\u00eancia e Tecnologia em Energia e Sustentabilidade &#8211; CETENS<\/strong><\/p>\n\n\n\n<ul class=\"wp-block-list\">\n<li><strong>Diretor(a)<\/strong> <a href=\"https:\/\/calendar.google.com\/calendar\/u\/0\/embed?src=direcao@cetens.ufrb.edu.br\">Jacson Machado Nunes<\/a><\/li>\n\n\n\n<li><strong>Vice-Diretor(a)<\/strong> <a href=\"https:\/\/calendar.google.com\/calendar\/u\/0\/embed?src=assessoria@cetens.ufrb.edu.br\">Odair Vieira dos Santos<\/a><\/li>\n\n\n\n<li><strong>Gerente T\u00e9cnico<strong>(a)<\/strong> Administrativo<strong>(a)<\/strong><\/strong> <a href=\"https:\/\/calendar.google.com\/calendar\/u\/0\/embed?src=gta@cetens.ufrb.edu.br\">Lorena dos Santos Santana Coutinho<\/a><\/li>\n<\/ul>\n\n\n\n<p><strong>Centro de Cultura, Linguagens e Tecnologias Aplicadas &#8211; CECULT<\/strong><\/p>\n\n\n\n<ul class=\"wp-block-list\">\n<li><strong>Diretor<strong>(a)<\/strong><\/strong>&nbsp;<a href=\"https:\/\/calendar.google.com\/calendar\/u\/0\/embed?src=diretoria@cecult.ufrb.edu.br\">Rita de C\u00e1ssia Dias Pereira de Jesus<\/a><\/li>\n\n\n\n<li><strong>Vice-Diretor<strong>(a)<\/strong><\/strong>&nbsp;<a href=\"https:\/\/calendar.google.com\/calendar\/u\/0\/embed?src=assessoria@cecult.ufrb.edu.br\">Viviane Ramos de Freitas<\/a><\/li>\n\n\n\n<li><strong>Gerente T\u00e9cnico<strong>(a)<\/strong> Administrativo(a)<\/strong>&nbsp;<a href=\"https:\/\/calendar.google.com\/calendar\/u\/0\/embed?src=gta@cecult.ufrb.edu.br\"><\/a><a href=\"https:\/\/calendar.google.com\/calendar\/u\/0\/embed?src=gta@cecult.ufrb.edu.br\" target=\"_blank\" rel=\"noreferrer noopener\">M<\/a>arcos Jos\u00e9 de Oliveira Silva<\/li>\n<\/ul>\n\n\n\n<p><strong>Superintend\u00eancia de Assuntos Internacionais &#8211; SUPAI<\/strong><\/p>\n\n\n\n<ul class=\"wp-block-list\">\n<li><strong>Superintendente<\/strong> <a href=\"https:\/\/calendar.google.com\/calendar\/u\/0\/embed?src=supai@reitoria.ufrb.edu.br\">Marcilio Delan Baliza Fernandes<\/a><\/li>\n<\/ul>\n\n\n\n<p><strong>Superintend\u00eancia de&nbsp;Educa\u00e7\u00e3o Aberta e a Dist\u00e2ncia &#8211; SEAD<\/strong><\/p>\n\n\n\n<ul class=\"wp-block-list\">\n<li><strong>Superintendente<\/strong> <a href=\"https:\/\/calendar.google.com\/calendar\/u\/0\/embed?src=sead@sead.ufrb.edu.br\">Katia Silene Ferreira Lima Rocha<\/a><\/li>\n<\/ul>\n\n\n\n<p><strong>Superintend\u00eancia da Editora<\/strong><\/p>\n\n\n\n<ul class=\"wp-block-list\">\n<li><strong>Superintendente<\/strong> <a href=\"https:\/\/calendar.google.com\/calendar\/u\/0\/embed?src=editora@reitoria.ufrb.edu.br\">Rosineide Pereira Mubarack Garcia<\/a><\/li>\n<\/ul>\n\n\n\n<p><strong>Superintend\u00eancia de Registro das Atividades Acad\u00eamicos &#8211; SURAC<\/strong><\/p>\n\n\n\n<ul class=\"wp-block-list\">\n<li><strong>Superintendente<\/strong> <a href=\"https:\/\/calendar.google.com\/calendar\/u\/0\/embed?src=surrac@surrac.ufrb.edu.br\">Marcus Pimentel Oliveira<\/a><\/li>\n<\/ul>\n\n\n\n<p><strong>Superintend\u00eancia de Regula\u00e7\u00e3o e Avalia\u00e7\u00e3o Institucional &#8211; SURAI<\/strong><\/p>\n\n\n\n<ul class=\"wp-block-list\">\n<li><strong>Superintendente<\/strong>&nbsp;<a href=\"https:\/\/calendar.google.com\/calendar\/u\/0\/embed?src=pei@reitoria.ufrb.edu.br\">Delma Ferreira de Oliveira<\/a><\/li>\n<\/ul>\n\n\n\n<p><strong>Hospital Universit\u00e1rio de Medicina Veterin\u00e1ria &#8211; HUMV<\/strong><\/p>\n\n\n\n<ul class=\"wp-block-list\">\n<li><strong>Diretor<strong>(a)<\/strong><\/strong> <a href=\"https:\/\/calendar.google.com\/calendar\/u\/0\/embed?src=direcao@hmv.ufrb.edu.br\">Leticia Santos Rezende<\/a><\/li>\n<\/ul>\n","protected":false},"excerpt":{"rendered":"<p>Reitoria Pr\u00f3-Reitoria de Administra\u00e7\u00e3o &#8211; PROAD Pr\u00f3-Reitoria de Gest\u00e3o de Pessoas &#8211; PROGEP Pr\u00f3-Reitoria de Gradua\u00e7\u00e3o &#8211; PROGRAD Pr\u00f3-Reitoria de Pesquisa, P\u00f3s-Gradua\u00e7\u00e3o, Cria\u00e7\u00e3o e Inova\u00e7\u00e3o &#8211; PPGCI Pr\u00f3-Reitoria de Extens\u00e3o e Cultura &#8211; PROEXC Pr\u00f3-Reitoria de Planejamento &#8211; PROPLAN Pr\u00f3-Reitoria de Pol\u00edticas Afirmativas e Assuntos Estudantis &#8211; PROPAAE Centro de Artes, Humanidades e Letras &#8211; [&hellip;]<\/p>\n","protected":false},"author":1,"featured_media":0,"parent":0,"menu_order":2,"comment_status":"closed","ping_status":"closed","template":"","meta":{"_acf_changed":false,"footnotes":""},"class_list":["post-29293","page","type-page","status-publish","hentry"],"acf":[],"_links":{"self":[{"href":"https:\/\/ufrb.edu.br\/portal\/wp-json\/wp\/v2\/pages\/29293","targetHints":{"allow":["GET"]}}],"collection":[{"href":"https:\/\/ufrb.edu.br\/portal\/wp-json\/wp\/v2\/pages"}],"about":[{"href":"https:\/\/ufrb.edu.br\/portal\/wp-json\/wp\/v2\/types\/page"}],"author":[{"embeddable":true,"href":"https:\/\/ufrb.edu.br\/portal\/wp-json\/wp\/v2\/users\/1"}],"replies":[{"embeddable":true,"href":"https:\/\/ufrb.edu.br\/portal\/wp-json\/wp\/v2\/comments?post=29293"}],"version-history":[{"count":5,"href":"https:\/\/ufrb.edu.br\/portal\/wp-json\/wp\/v2\/pages\/29293\/revisions"}],"predecessor-version":[{"id":45816,"href":"https:\/\/ufrb.edu.br\/portal\/wp-json\/wp\/v2\/pages\/29293\/revisions\/45816"}],"wp:attachment":[{"href":"https:\/\/ufrb.edu.br\/portal\/wp-json\/wp\/v2\/media?parent=29293"}],"curies":[{"name":"wp","href":"https:\/\/api.w.org\/{rel}","templated":true}]}}