{"id":29332,"date":"2020-07-13T17:29:58","date_gmt":"2020-07-13T17:29:58","guid":{"rendered":"https:\/\/ufrb.edu.br\/2020\/07\/13\/15anos\/"},"modified":"2025-12-01T13:51:30","modified_gmt":"2025-12-01T16:51:30","slug":"15anos","status":"publish","type":"page","link":"https:\/\/ufrb.edu.br\/portal\/15anos\/","title":{"rendered":"UFRB 15 anos &#8211; Nossa hist\u00f3ria tem um bocado da gente"},"content":{"rendered":"<p><img decoding=\"async\" src=\"\/portal\/portal\/images\/conteudo\/header-15anos.jpeg\" alt=\"UFRB 15 Anos\" \/><\/p>\n<p>A UFRB completa seu 15\u00ba anivers\u00e1rio no dia 29 de julho de 2020 e temos muito a celebrar. Nesses 15 anos a Federal do Rec\u00f4ncavo se consolidou como universidade inclusiva, de qualidade e socialmente referenciada.<\/p>\n<p>A campanha &#8220;UFRB 15 anos &#8211; Nossa hist\u00f3ria tem um bocado da gente&#8221; tem o objetivo de retratar a hist\u00f3ria da Institui\u00e7\u00e3o, destacando os elementos formadores de sua identidade. Convidamos voc\u00ea para acompanhar essa jornada, vem com a gente!<\/p>\n<p><i class=\"icon-download\"><\/i> <a href=\"\/portal\/portal\/images\/conteudo\/marca-15anos.zip\">Baixe a Identidade Visual<\/a>.<\/p>\n<div class=\"row\">\n<div class=\"span4\">https:\/\/www.instagram.com\/p\/CDOjyJTJm4u\/<\/div>\n<div class=\"span4\">https:\/\/www.instagram.com\/p\/CDM40vAJsRL\/<\/div>\n<div class=\"span4\">https:\/\/www.instagram.com\/p\/CDKN7MqJ5AL\/<\/div>\n<\/div>\n<div class=\"row\">\n<div class=\"span4\">https:\/\/www.instagram.com\/p\/CDCAv2fJbAq\/<\/div>\n<div class=\"span4\">https:\/\/www.instagram.com\/p\/CC_3ncOp7GM\/<\/div>\n<div class=\"span4\">https:\/\/www.instagram.com\/p\/CC9V9fwpXav\/<\/div>\n<\/div>\n<div class=\"row\">\n<div class=\"span4\">https:\/\/www.instagram.com\/p\/CC6wHwgp1kk\/<\/div>\n<div class=\"span4\">https:\/\/www.instagram.com\/p\/CC4LrnGJpsY\/<\/div>\n<div class=\"span4\">https:\/\/www.instagram.com\/p\/CCv_vICpb9S\/<\/div>\n<\/div>\n<div class=\"row\">\n<div class=\"span4\">https:\/\/www.instagram.com\/p\/CCtz6PDpNPJ\/<\/div>\n<div class=\"span4\">https:\/\/www.instagram.com\/p\/CCrVQuAJlYD\/<\/div>\n<div class=\"span4\">https:\/\/www.instagram.com\/p\/CCo4MTCJOtq\/<\/div>\n<\/div>\n<div class=\"row\">\n<div class=\"span4\">https:\/\/www.instagram.com\/p\/CCmNSqnJIZQ\/<\/div>\n<div class=\"span4\">https:\/\/www.instagram.com\/p\/CCd4xbZJEmj\/<\/div>\n<div class=\"span4\">https:\/\/www.instagram.com\/p\/CCb4HlEp_az\/<\/div>\n<\/div>\n<div class=\"row\">\n<div class=\"span4\">https:\/\/www.instagram.com\/p\/CCZSNNsJVCK\/<\/div>\n<div class=\"span4\">https:\/\/www.instagram.com\/p\/CCWuBFlJO-8\/<\/div>\n<div class=\"span4\">https:\/\/www.instagram.com\/p\/CCUMoAeJaPx\/<\/div>\n<\/div>\n<div class=\"row\">\n<div class=\"span4\">https:\/\/www.instagram.com\/p\/CCL1JBQJ8ue\/<\/div>\n<div class=\"span4\">https:\/\/www.instagram.com\/p\/CCJsq-zJnrc\/<\/div>\n<div class=\"span4\">https:\/\/www.instagram.com\/p\/CCHaP50pZsX\/<\/div>\n<\/div>\n","protected":false},"excerpt":{"rendered":"<p>A UFRB completa seu 15\u00ba anivers\u00e1rio no dia 29 de julho de 2020 e temos muito a celebrar. Nesses 15 anos a Federal do Rec\u00f4ncavo se consolidou como universidade inclusiva, de qualidade e socialmente referenciada. A campanha &#8220;UFRB 15 anos &#8211; Nossa hist\u00f3ria tem um bocado da gente&#8221; tem o objetivo de retratar a hist\u00f3ria [&hellip;]<\/p>\n","protected":false},"author":1,"featured_media":29331,"parent":0,"menu_order":28,"comment_status":"closed","ping_status":"closed","template":"","meta":{"_acf_changed":false,"footnotes":""},"class_list":["post-29332","page","type-page","status-publish","has-post-thumbnail","hentry"],"acf":[],"_links":{"self":[{"href":"https:\/\/ufrb.edu.br\/portal\/wp-json\/wp\/v2\/pages\/29332","targetHints":{"allow":["GET"]}}],"collection":[{"href":"https:\/\/ufrb.edu.br\/portal\/wp-json\/wp\/v2\/pages"}],"about":[{"href":"https:\/\/ufrb.edu.br\/portal\/wp-json\/wp\/v2\/types\/page"}],"author":[{"embeddable":true,"href":"https:\/\/ufrb.edu.br\/portal\/wp-json\/wp\/v2\/users\/1"}],"replies":[{"embeddable":true,"href":"https:\/\/ufrb.edu.br\/portal\/wp-json\/wp\/v2\/comments?post=29332"}],"version-history":[{"count":1,"href":"https:\/\/ufrb.edu.br\/portal\/wp-json\/wp\/v2\/pages\/29332\/revisions"}],"predecessor-version":[{"id":45007,"href":"https:\/\/ufrb.edu.br\/portal\/wp-json\/wp\/v2\/pages\/29332\/revisions\/45007"}],"wp:featuredmedia":[{"embeddable":true,"href":"https:\/\/ufrb.edu.br\/portal\/wp-json\/wp\/v2\/media\/29331"}],"wp:attachment":[{"href":"https:\/\/ufrb.edu.br\/portal\/wp-json\/wp\/v2\/media?parent=29332"}],"curies":[{"name":"wp","href":"https:\/\/api.w.org\/{rel}","templated":true}]}}