{"id":29453,"date":"2020-09-04T13:28:59","date_gmt":"2020-09-04T13:28:59","guid":{"rendered":"https:\/\/ufrb.edu.br\/2020\/09\/04\/acervos-da-ufrb\/"},"modified":"2020-09-04T13:28:59","modified_gmt":"2020-09-04T13:28:59","slug":"acervos-da-ufrb","status":"publish","type":"page","link":"https:\/\/ufrb.edu.br\/portal\/acervos-da-ufrb\/","title":{"rendered":"Acervos da UFRB"},"content":{"rendered":"\n<p><strong>Acervo de Mem\u00f3ria e Documenta\u00e7\u00e3o Clemente Mariani (AMEDOC)<\/strong><\/p>\n\n\n\n<p>Site: <a href=\"http:\/\/www.ufrb.edu.br\/amedoc\">ufrb.edu.br\/amedoc<\/a><\/p>\n\n\n\n<p><strong>Memorial do Ensino Agr\u00edcola Superior da Bahia (MEASB)<\/strong><\/p>\n\n\n\n<p>Site: <a href=\"http:\/\/www.ufrb.edu.br\/memorial\">ufrb.edu.br\/memorial<\/a><\/p>\n\n\n\n<p><strong>N\u00facleo de Mem\u00f3ria e Documenta\u00e7\u00e3o (NUDOC)<\/strong><\/p>\n\n\n\n<p>Site:&nbsp;<a href=\"http:\/\/www.ufrb.edu.br\/nudoc\">ufrb.edu.br\/nudoc<\/a><\/p>\n","protected":false},"excerpt":{"rendered":"<p>Acervo de Mem\u00f3ria e Documenta\u00e7\u00e3o Clemente Mariani (AMEDOC) Site: ufrb.edu.br\/amedoc Memorial do Ensino Agr\u00edcola Superior da Bahia (MEASB) Site: ufrb.edu.br\/memorial N\u00facleo de Mem\u00f3ria e Documenta\u00e7\u00e3o (NUDOC) Site:&nbsp;ufrb.edu.br\/nudoc<\/p>\n","protected":false},"author":1,"featured_media":38071,"parent":0,"menu_order":27,"comment_status":"closed","ping_status":"closed","template":"","meta":{"_acf_changed":false,"footnotes":""},"class_list":["post-29453","page","type-page","status-publish","has-post-thumbnail","hentry"],"acf":[],"_links":{"self":[{"href":"https:\/\/ufrb.edu.br\/portal\/wp-json\/wp\/v2\/pages\/29453","targetHints":{"allow":["GET"]}}],"collection":[{"href":"https:\/\/ufrb.edu.br\/portal\/wp-json\/wp\/v2\/pages"}],"about":[{"href":"https:\/\/ufrb.edu.br\/portal\/wp-json\/wp\/v2\/types\/page"}],"author":[{"embeddable":true,"href":"https:\/\/ufrb.edu.br\/portal\/wp-json\/wp\/v2\/users\/1"}],"replies":[{"embeddable":true,"href":"https:\/\/ufrb.edu.br\/portal\/wp-json\/wp\/v2\/comments?post=29453"}],"version-history":[{"count":0,"href":"https:\/\/ufrb.edu.br\/portal\/wp-json\/wp\/v2\/pages\/29453\/revisions"}],"wp:featuredmedia":[{"embeddable":true,"href":"https:\/\/ufrb.edu.br\/portal\/wp-json\/wp\/v2\/media\/38071"}],"wp:attachment":[{"href":"https:\/\/ufrb.edu.br\/portal\/wp-json\/wp\/v2\/media?parent=29453"}],"curies":[{"name":"wp","href":"https:\/\/api.w.org\/{rel}","templated":true}]}}