{"id":29645,"date":"2020-12-28T12:45:04","date_gmt":"2020-12-28T12:45:04","guid":{"rendered":"https:\/\/ufrb.edu.br\/2020\/12\/28\/objetivos-metas-e-resultados\/"},"modified":"2020-12-28T12:45:04","modified_gmt":"2020-12-28T12:45:04","slug":"objetivos-metas-e-resultados","status":"publish","type":"page","link":"https:\/\/ufrb.edu.br\/portal\/objetivos-metas-e-resultados\/","title":{"rendered":"Objetivos, Metas e Resultados"},"content":{"rendered":"<p>Nesta se\u00e7\u00e3o encontram-se os Objetivos, Metas e Resultados alcan\u00e7ados pela Universidade Federal do Rec\u00f4ncavo da Bahia.<\/p>\n<p>A Universidade Federal do Rec\u00f4ncavo da Bahia, de acordo com seu Estatuto, tem por finalidade&nbsp;gerar e compartilhar conhecimento, promover forma\u00e7\u00e3o continuada, diplomar nas diferentes \u00e1reas&nbsp;do saber, contribuir com amplo e diversificado interc\u00e2mbio de conhecimento com a sociedade&nbsp;atrav\u00e9s da extens\u00e3o aberta e inclusiva, melhorar o ensino em todos os n\u00edveis e modalidades, visando&nbsp;ao exerc\u00edcio de atividades profissionais e \u00e0 participa\u00e7\u00e3o no desenvolvimento do Rec\u00f4ncavo, do&nbsp;Estado e do Pa\u00eds.<\/p>\n<p>A seguir, est\u00e3o expostos miss\u00e3o, vis\u00e3o e valores que norteiam as atividades da UFRB, conforme PDI 2019-2030:<\/p>\n<p><strong>Miss\u00e3o<\/strong><\/p>\n<p>Formar cidad\u00e3os criativos, empreendedores e inovadores, contribuindo para o desenvolvimento social, tecnol\u00f3gico e sustent\u00e1vel, promovendo a inclus\u00e3o e valorizando as culturas locais.<\/p>\n<p><strong>Vis\u00e3o<\/strong><\/p>\n<p>Ser reconhecida como institui\u00e7\u00e3o de excel\u00eancia e referenciada pela gera\u00e7\u00e3o e difus\u00e3o do conhecimento.<\/p>\n<p><strong>Valores<\/strong><\/p>\n<p>O funcionamento da UFRB \u00e9 regido pelos seguintes princ\u00edpios:<\/p>\n<p>a) Excel\u00eancia Acad\u00eamica \u2013 a\u00e7\u00f5es socialmente relevantes voltadas principalmente para a Regi\u00e3o do Rec\u00f4ncavo da Bahia, tendo compromisso com a forma\u00e7\u00e3o humana, em suas dimens\u00f5es \u00e9tica, cultural, cient\u00edfica, art\u00edstica, t\u00e9cnica, profissional, social e intelectual, e na atua\u00e7\u00e3o competente, comprometida e respons\u00e1vel de seus docentes, e corpo t\u00e9cnico-administrativo. Al\u00e9m disso, diz respeito \u00e0 compet\u00eancia institucional para produzir, inovar e difundir conhecimentos e \u00e0 capacidade de participar de transforma\u00e7\u00f5es que conduzam ao aperfei\u00e7oamento da sociedade por meio de a\u00e7\u00f5es extensionistas acionadas por uma gest\u00e3o universit\u00e1ria competente.<\/p>\n<p>b) Inclus\u00e3o Social \u2013 compromisso de garantir \u00e0s pessoas e aos grupos ainda \u00e0 margem do ensino superior o acesso, a perman\u00eancia, a integra\u00e7\u00e3o \u00e0 vida universit\u00e1ria e o sucesso acad\u00eamico.<\/p>\n<p>c) Desenvolvimento Regional \u2013 a Universidade atua para desenvolver uma rela\u00e7\u00e3o que integre as diferentes inst\u00e2ncias representativas das comunidades ao seu entorno, devendo seu trabalho contribuir para a valoriza\u00e7\u00e3o da diversidade e do patrim\u00f4nio cultural e natural da regi\u00e3o, al\u00e9m de agir em sua defesa, dispondo-se \u00e0 constru\u00e7\u00e3o conjunta de solu\u00e7\u00f5es para os principais problemas regionais, em prol do desenvolvimento sustent\u00e1vel e da justi\u00e7a social.<\/p>\n<p>d) Internacionaliza\u00e7\u00e3o \u2013 promo\u00e7\u00e3o do interc\u00e2mbio cultural, cient\u00edfico e t\u00e9cnico, com institui\u00e7\u00f5es brasileiras e estrangeiras, por meio da mobilidade de professores, servidores e estudantes. \u00c9 do seu interesse o desenvolvimento de programas educacionais para construir um ambiente acad\u00eamico multilingu\u00edstico, a investiga\u00e7\u00e3o cient\u00edfica com base em parcerias e redes de pesquisa e o est\u00edmulo \u00e0 coopera\u00e7\u00e3o internacional, para a diversidade, inova\u00e7\u00e3o tecnol\u00f3gica e pedag\u00f3gica no contexto da educa\u00e7\u00e3o digital, aberta e flex\u00edvel, com destaque para pa\u00edses da Am\u00e9rica Latina e de l\u00edngua oficial portuguesa.<\/p>\n<p><strong>PLANO DE DESENVOLVIMENTO INSTITUCIONAL<br \/><\/strong><\/p>\n<p>Aprovado em 2019 atrav\u00e9s do seu Conselho Curador, o <a href=\"http:\/\/ufrb.edu.br\/wp-content\/uploads\/2020\/12\/pdi_2019-2030-502.pdf\">Plano de Desenvolvimento Institucional da UFRB<\/a> veio com a proposta de ser o documento norteador da institui\u00e7\u00e3o durante seus pr\u00f3ximos 12 anos. Atrav\u00e9s dele fica definido quais dire\u00e7\u00f5es as unidades executivas e acad\u00eamicas devem seguir e se lastrear at\u00e9 2030. Nele est\u00e1 contido o projeto pedag\u00f3gico institucional, o perfil institucional, as fontes de financiamento, as pol\u00edticas de ensino, pesquisa, extens\u00e3o, atendimento a discentes, a\u00e7\u00f5es afirmativas, internacionaliza\u00e7\u00e3o, bem como o perfil do corpo t\u00e9cnico-administrativo e docente; al\u00e9m de disciplinar a constru\u00e7\u00e3o do Plano de Gest\u00e3o do Reitorado e dos Planos de Gest\u00e3o dos Centros de Ensino. E, por fim, cumpre destacar seus 4 pilares fundamentais: Programas Estruturantes, Objetivos Estrat\u00e9gicos, Linhas de A\u00e7\u00e3o e Metas.&nbsp;<\/p>\n<p><span style=\"background-color: inherit;color: inherit;font-family: inherit;font-size: 1rem\"><b>RESULTADOS<\/b><\/span><\/p>\n<p>Os resultados alcan\u00e7ados no exerc\u00edcio de 2022 est\u00e3o apresentados nos itens <strong>1.5<\/strong>, <strong>1.6<\/strong> e no <strong>anexo I<\/strong> do <a href=\"http:\/\/ufrb.edu.br\/wp-content\/uploads\/2020\/12\/Relatorio_de_Gestao_2022-6d8.pdf\">Relat\u00f3rio de Gest\u00e3o 2022<\/a>..<\/p>\n<p>&nbsp;<\/p>\n<p><strong>Unidade Respons\u00e1vel pela atualiza\u00e7\u00e3o:<\/strong>&nbsp; Coordenadoria de Or\u00e7amento e Desenvolvimento Institucional \u2013 CODIN\/PROPLAN.<br \/> <strong>Contato com a Unidade Respons\u00e1vel:<\/strong>&nbsp;<a href=\"mailto:codin@proplan.ufrb.edu.br\">codin@proplan.ufrb.edu.br<\/a><br \/><strong>Data da \u00faltima atualiza\u00e7\u00e3o:<\/strong>&nbsp;31\/03\/2023<br \/> <strong>Fonte da informa\u00e7\u00e3o:<\/strong>&nbsp;Gabinete da Reitoria, Pr\u00f3-Reitoria de Planejamento (PROPLAN)<\/p>\n<p>&nbsp;<\/p>\n","protected":false},"excerpt":{"rendered":"<p>Nesta se\u00e7\u00e3o encontram-se os Objetivos, Metas e Resultados alcan\u00e7ados pela Universidade Federal do Rec\u00f4ncavo da Bahia. A Universidade Federal do Rec\u00f4ncavo da Bahia, de acordo com seu Estatuto, tem por finalidade&nbsp;gerar e compartilhar conhecimento, promover forma\u00e7\u00e3o continuada, diplomar nas diferentes \u00e1reas&nbsp;do saber, contribuir com amplo e diversificado interc\u00e2mbio de conhecimento com a sociedade&nbsp;atrav\u00e9s da extens\u00e3o [&hellip;]<\/p>\n","protected":false},"author":1,"featured_media":0,"parent":0,"menu_order":14,"comment_status":"closed","ping_status":"closed","template":"","meta":{"_acf_changed":false,"footnotes":""},"class_list":["post-29645","page","type-page","status-publish","hentry"],"acf":[],"_links":{"self":[{"href":"https:\/\/ufrb.edu.br\/portal\/wp-json\/wp\/v2\/pages\/29645","targetHints":{"allow":["GET"]}}],"collection":[{"href":"https:\/\/ufrb.edu.br\/portal\/wp-json\/wp\/v2\/pages"}],"about":[{"href":"https:\/\/ufrb.edu.br\/portal\/wp-json\/wp\/v2\/types\/page"}],"author":[{"embeddable":true,"href":"https:\/\/ufrb.edu.br\/portal\/wp-json\/wp\/v2\/users\/1"}],"replies":[{"embeddable":true,"href":"https:\/\/ufrb.edu.br\/portal\/wp-json\/wp\/v2\/comments?post=29645"}],"version-history":[{"count":0,"href":"https:\/\/ufrb.edu.br\/portal\/wp-json\/wp\/v2\/pages\/29645\/revisions"}],"wp:attachment":[{"href":"https:\/\/ufrb.edu.br\/portal\/wp-json\/wp\/v2\/media?parent=29645"}],"curies":[{"name":"wp","href":"https:\/\/api.w.org\/{rel}","templated":true}]}}