{"id":29647,"date":"2020-12-28T12:45:40","date_gmt":"2020-12-28T12:45:40","guid":{"rendered":"https:\/\/ufrb.edu.br\/2020\/12\/28\/valor-publico\/"},"modified":"2025-12-01T11:24:55","modified_gmt":"2025-12-01T14:24:55","slug":"valor-publico","status":"publish","type":"page","link":"https:\/\/ufrb.edu.br\/portal\/valor-publico\/","title":{"rendered":"Valor P\u00fablico"},"content":{"rendered":"<p>Nesta se\u00e7\u00e3o relacionamos o Valor P\u00fablico dos servi\u00e7os ofertados \u00e0 sociedade pela Universidade Federal do Rec\u00f4ncavo da Bahia.<\/p>\n<p><strong>Modelo de neg\u00f3cio<\/strong><\/p>\n<p>Al\u00e9m de oferecer cursos de gradua\u00e7\u00e3o e p\u00f3s-gradua\u00e7\u00e3o, a UFRB realiza a investiga\u00e7\u00e3o e a pesquisa cient\u00edfica, bem como atua na presta\u00e7\u00e3o de servi\u00e7os a institui\u00e7\u00f5es de interesse p\u00fablico ou privado, em assuntos relativos aos diversos campos do saber. Maiores informa\u00e7\u00f5es est\u00e3o dispon\u00edveis no PDI 2019 \u2013 2030.<\/p>\n<p>A proposta or\u00e7ament\u00e1ria da UFRB \u00e9 elaborada pela Pr\u00f3-Reitoria de Planejamento, \u00f3rg\u00e3o central do sistema de planejamento da institui\u00e7\u00e3o. Os instrumentos norteadores da proposta or\u00e7ament\u00e1ria s\u00e3o: externamente a LDO e o PPA, e internamente o Plano de Desenvolvimento Institucional (PDI), e o Plano de A\u00e7\u00e3o Anual, em que est\u00e3o consubstanciados os objetivos, a\u00e7\u00f5es, metas, atividades, projetos, prioridades e indicadores tra\u00e7ados para a institui\u00e7\u00e3o.<\/p>\n<p>No PDI 2019 \u2013 2030 encontram-se os planos de a\u00e7\u00e3o relacionados aos seus respectivos objetivos e metas, contemplando, entre outras informa\u00e7\u00f5es, prazos e respons\u00e1veis pelas a\u00e7\u00f5es evidenciadas.<\/p>\n<p><em><strong>&nbsp;<\/strong><\/em><\/p>\n<p><strong>Cadeia de valor<\/strong><\/p>\n<p>Com o objetivo de atender as demandas por conhecimento das cidades de Amargosa, Cruz das Almas, Cachoeira, Feira de Santana, Santo Amaro da Purifica\u00e7\u00e3o, Santo Ant\u00f4nio de Jesus e Cachoeira\/S\u00e3o F\u00e9lix, todas no Estado da Bahia, a Universidade Federal do Rec\u00f4ncavo da Bahia consolida suas demandas em quatro macroprocessos final\u00edsticos: o ensino, a pesquisa, extens\u00e3o e pol\u00edticas afirmativas.<\/p>\n<p>Todos os espa\u00e7os institucionais que integram a UFRB est\u00e3o inseridos nas suas diferentes unidades administrativas. Estas unidades s\u00e3o respons\u00e1veis por gerir a administra\u00e7\u00e3o de cada um desses espa\u00e7os, atendendo as demandas, obedecendo \u00e0s orienta\u00e7\u00f5es legais, respeitando a conveni\u00eancia e finalidade de utiliza\u00e7\u00e3o e garantindo a preserva\u00e7\u00e3o da coisa p\u00fablica.<\/p>\n<p>Vale ressaltar que a UFRB assume como princ\u00edpio \u00e9tico-pol\u00edtico o prop\u00f3sito de assegurar institucionalmente a formula\u00e7\u00e3o e execu\u00e7\u00e3o de pol\u00edticas afirmativas e estudantis. \u00c9 nesse sentido que a Pr\u00f3-Reitoria de Pol\u00edticas Afirmativas e Assuntos Estudantis (PROPAAE) vem seguindo os princ\u00edpios democr\u00e1ticos, a participa\u00e7\u00e3o coletiva e constru\u00e7\u00e3o mutualista, que v\u00eam norteando o trabalho de forma\u00e7\u00e3o e as defini\u00e7\u00f5es de pol\u00edticas e pr\u00e1ticas de a\u00e7\u00f5es afirmativas e assuntos estudantis.<\/p>\n<p>As Pol\u00edticas Afirmativas, vinculadas \u00e0s a\u00e7\u00f5es da pol\u00edtica institucional relativa aos Assuntos Estudantis, versam sobre o acesso, a perman\u00eancia e a p\u00f3s-perman\u00eancia no ensino superior p\u00fablico brasileiro de estudantes oriundos das escolas p\u00fablicas, de afrodescendentes e de indiodescendentes, tendo-se como foco o desenvolvimento regional, e, por essa raz\u00e3o, integram as atividades final\u00edsticas da UFRB.<\/p>\n<\/p>\n<p>&nbsp;<\/p>\n<p><strong>Unidade Respons\u00e1vel pela atualiza\u00e7\u00e3o:<\/strong>&nbsp; Coordenadoria de Or\u00e7amento e Desenvolvimento Institucional \u2013 CODIN\/PROPLAN.<br \/> <strong>Contato com a Unidade Respons\u00e1vel:<\/strong>&nbsp;<a href=\"mailto:codin@proplan.ufrb.edu.br\">codin@proplan.ufrb.edu.br<\/a><br \/><strong>Data da \u00faltima atualiza\u00e7\u00e3o:<\/strong>&nbsp;31\/03\/2022.<br \/> <strong>Fonte da informa\u00e7\u00e3o:<\/strong>&nbsp;Gabinete da Reitoria, Pr\u00f3-Reitoria de Planejamento (PROPLAN).&nbsp;<\/p>\n","protected":false},"excerpt":{"rendered":"<p>Nesta se\u00e7\u00e3o relacionamos o Valor P\u00fablico dos servi\u00e7os ofertados \u00e0 sociedade pela Universidade Federal do Rec\u00f4ncavo da Bahia. Modelo de neg\u00f3cio Al\u00e9m de oferecer cursos de gradua\u00e7\u00e3o e p\u00f3s-gradua\u00e7\u00e3o, a UFRB realiza a investiga\u00e7\u00e3o e a pesquisa cient\u00edfica, bem como atua na presta\u00e7\u00e3o de servi\u00e7os a institui\u00e7\u00f5es de interesse p\u00fablico ou privado, em assuntos relativos [&hellip;]<\/p>\n","protected":false},"author":1,"featured_media":29646,"parent":0,"menu_order":13,"comment_status":"closed","ping_status":"closed","template":"","meta":{"_acf_changed":false,"footnotes":""},"class_list":["post-29647","page","type-page","status-publish","has-post-thumbnail","hentry"],"acf":[],"_links":{"self":[{"href":"https:\/\/ufrb.edu.br\/portal\/wp-json\/wp\/v2\/pages\/29647","targetHints":{"allow":["GET"]}}],"collection":[{"href":"https:\/\/ufrb.edu.br\/portal\/wp-json\/wp\/v2\/pages"}],"about":[{"href":"https:\/\/ufrb.edu.br\/portal\/wp-json\/wp\/v2\/types\/page"}],"author":[{"embeddable":true,"href":"https:\/\/ufrb.edu.br\/portal\/wp-json\/wp\/v2\/users\/1"}],"replies":[{"embeddable":true,"href":"https:\/\/ufrb.edu.br\/portal\/wp-json\/wp\/v2\/comments?post=29647"}],"version-history":[{"count":1,"href":"https:\/\/ufrb.edu.br\/portal\/wp-json\/wp\/v2\/pages\/29647\/revisions"}],"predecessor-version":[{"id":44981,"href":"https:\/\/ufrb.edu.br\/portal\/wp-json\/wp\/v2\/pages\/29647\/revisions\/44981"}],"wp:featuredmedia":[{"embeddable":true,"href":"https:\/\/ufrb.edu.br\/portal\/wp-json\/wp\/v2\/media\/29646"}],"wp:attachment":[{"href":"https:\/\/ufrb.edu.br\/portal\/wp-json\/wp\/v2\/media?parent=29647"}],"curies":[{"name":"wp","href":"https:\/\/api.w.org\/{rel}","templated":true}]}}