{"id":29650,"date":"2020-12-28T12:46:13","date_gmt":"2020-12-28T12:46:13","guid":{"rendered":"https:\/\/ufrb.edu.br\/2020\/12\/28\/principais-acoes-de-supervisao-controle-e-correicao\/"},"modified":"2020-12-28T12:46:13","modified_gmt":"2020-12-28T12:46:13","slug":"principais-acoes-de-supervisao-controle-e-correicao","status":"publish","type":"page","link":"https:\/\/ufrb.edu.br\/portal\/principais-acoes-de-supervisao-controle-e-correicao\/","title":{"rendered":"Principais A\u00e7\u00f5es de Supervis\u00e3o, Controle e Correi\u00e7\u00e3o"},"content":{"rendered":"<p><strong>AUDITORIA INTERNA<\/strong><br \/>A Auditoria Interna da Universidade Federal do Rec\u00f4ncavo da Bahia \u00e9 unidade t\u00e9cnica de assessoramento da gest\u00e3o com subordina\u00e7\u00e3o hier\u00e1rquica ao Conselho Curador e administrativa \u00e0 Reitoria da UFRB. Sem preju\u00edzo de sua subordina\u00e7\u00e3o, vincula-se \u00e0 orienta\u00e7\u00e3o normativa e supervis\u00e3o t\u00e9cnica do Sistema de Controle Interno do Poder Executivo Federal, prestando apoio aos \u00f3rg\u00e3os e unidades que o integram.&nbsp;<br \/>&nbsp;<br \/>Miss\u00e3o:&nbsp;Aumentar e proteger o valor organizacional, fornecendo avalia\u00e7\u00e3o, assessoria<br \/>e aconselhamento baseados em risco.<\/p>\n<p>Prop\u00f3sitos:<br \/>I- Representar a terceira linha de defesa da estrutura dos controles internos dos \u00f3rg\u00e3os e entidades da Administra\u00e7\u00e3o P\u00fablica Federal.<br \/>II- Prestar servi\u00e7os de avalia\u00e7\u00e3o e de consultoria com base nos pressupostos de autonomia t\u00e9cnica e de objetividade.<br \/>III- Apoiar a gest\u00e3o da UFRB na estrutura\u00e7\u00e3o e efetivo funcionamento da primeira e da segunda linha de defesa da gest\u00e3o, por meio da presta\u00e7\u00e3o de servi\u00e7os de consultoria e avalia\u00e7\u00e3o e melhoria dos processos de governan\u00e7a, gerenciamento de riscos e controles internos.<\/p>\n<p>Compet\u00eancias:<br \/>As compet\u00eancias da Auditoria Interna da UFRB podem ser lidas no Cap\u00edtulo V, artigo 9\u00ba do&nbsp;<a href=\"https:\/\/ufrb.edu.br\/auditoria\/images\/Regimento_Interno_Auditoria_AtualizadoIN13-convertido_4.pdf\">Regimento Interno da Auditoria Interna.&nbsp;&nbsp;<\/a><\/p>\n<p><strong>GEST\u00c3O DE RISCOS<\/strong><br \/>A <a href=\"http:\/\/ufrb.edu.br\/wp-content\/uploads\/2020\/12\/RESOLUCAO_COMITE_RISCOS_E_GOVERNANCA-27f.pdf\">Pol\u00edtica de Gest\u00e3o de Riscos<\/a>&nbsp;da UFRB&nbsp;tem como objetivo orientar os processos de identifica\u00e7\u00e3o, avalia\u00e7\u00e3o, tratamento, monitoramento e comunica\u00e7\u00e3o dos riscos inerentes \u00e0s atividades da universidade. A pol\u00edtica visa ainda auxiliar na tomada de decis\u00e3o em todos os n\u00edveis da institui\u00e7\u00e3o e contribuir para o alcance dos objetivos estabelecidos no Plano de Desenvolvimento Institucional (PDI).<\/p>\n<p><strong>CORREI\u00c7\u00c3O<\/strong><br \/>A atividade de correi\u00e7\u00e3o, tamb\u00e9m chamada de atividade disciplinar, que&nbsp;se origina do poder disciplinar da administra\u00e7\u00e3o,&nbsp;est\u00e1 relacionada \u00e0 apura\u00e7\u00e3o de poss\u00edveis irregularidades funcionais cometidas por servidores p\u00fablicos (efetivos ou comissionados) ou empregados p\u00fablicos. Ela tamb\u00e9m d\u00e1 conta da&nbsp;aplica\u00e7\u00e3o das devidas penalidades, caso seja confirmado o cometimento do il\u00edcito funcional. Essas informa\u00e7\u00f5es podem ser consultadas nos&nbsp;relat\u00f3rios de correi\u00e7\u00e3o de cada ano.<\/p>\n<p>&nbsp;<img loading=\"lazy\" decoding=\"async\" class=\" size-full wp-image-29649\" src=\"http:\/\/ufrb.edu.br\/wp-content\/uploads\/2020\/12\/tabela-a65.png\" alt=\"tabela.png\" width=\"680\" height=\"356\" srcset=\"https:\/\/ufrb.edu.br\/portal\/wp-content\/uploads\/sites\/5\/2020\/12\/tabela-a65.png 680w, https:\/\/ufrb.edu.br\/portal\/wp-content\/uploads\/sites\/5\/2020\/12\/tabela-a65-300x157.png 300w\" sizes=\"auto, (max-width: 680px) 100vw, 680px\" \/><\/p>\n<p>&nbsp;<\/p>\n<p><strong>GEST\u00c3O DE INTEGRIDADE<\/strong><br \/>Para fomentar boas pr\u00e1ticas e garantir o interesse p\u00fablico sobre os interesses privados em todas as atividades universit\u00e1rias, a UFRB desenvolveu o <a href=\"https:\/\/www.ufrb.edu.br\/proplan\/images\/integridade\/PLANO_DE_INTEGRIDADE_P%C3%9ABLICA_UFRB.pdf\">Plano de Integridade<\/a>. O documento representa um importante instrumento de gest\u00e3o, alinhado aos princ\u00edpios da boa governan\u00e7a, da promo\u00e7\u00e3o da \u00e9tica, da transpar\u00eancia e do controle social, a partir do envolvimento de toda a comunidade universit\u00e1ria.<\/p>\n<p>&nbsp;<\/p>\n<p>&nbsp;<\/p>\n<p><strong><strong>Unidade Respons\u00e1vel pela atualiza\u00e7\u00e3o:<\/strong>&nbsp; Coordenadoria de Or\u00e7amento e Desenvolvimento Institucional \u2013 CODIN\/PROPLAN.<br \/> <strong>Contato com a Unidade Respons\u00e1vel:<\/strong>&nbsp;<a href=\"mailto:codin@proplan.ufrb.edu.br\">codin@proplan.ufrb.edu.br<\/a><br \/><strong>Data da \u00faltima atualiza\u00e7\u00e3o:<\/strong>&nbsp;31\/03\/2023.<br \/> <strong>Fonte da informa\u00e7\u00e3o:<\/strong>&nbsp;Gabinete da Reitoria, Pr\u00f3-Reitoria de Planejamento (PROPLAN).<\/strong><\/p>\n","protected":false},"excerpt":{"rendered":"<p>AUDITORIA INTERNAA Auditoria Interna da Universidade Federal do Rec\u00f4ncavo da Bahia \u00e9 unidade t\u00e9cnica de assessoramento da gest\u00e3o com subordina\u00e7\u00e3o hier\u00e1rquica ao Conselho Curador e administrativa \u00e0 Reitoria da UFRB. Sem preju\u00edzo de sua subordina\u00e7\u00e3o, vincula-se \u00e0 orienta\u00e7\u00e3o normativa e supervis\u00e3o t\u00e9cnica do Sistema de Controle Interno do Poder Executivo Federal, prestando apoio aos \u00f3rg\u00e3os [&hellip;]<\/p>\n","protected":false},"author":1,"featured_media":0,"parent":0,"menu_order":12,"comment_status":"closed","ping_status":"closed","template":"","meta":{"_acf_changed":false,"footnotes":""},"class_list":["post-29650","page","type-page","status-publish","hentry"],"acf":[],"_links":{"self":[{"href":"https:\/\/ufrb.edu.br\/portal\/wp-json\/wp\/v2\/pages\/29650","targetHints":{"allow":["GET"]}}],"collection":[{"href":"https:\/\/ufrb.edu.br\/portal\/wp-json\/wp\/v2\/pages"}],"about":[{"href":"https:\/\/ufrb.edu.br\/portal\/wp-json\/wp\/v2\/types\/page"}],"author":[{"embeddable":true,"href":"https:\/\/ufrb.edu.br\/portal\/wp-json\/wp\/v2\/users\/1"}],"replies":[{"embeddable":true,"href":"https:\/\/ufrb.edu.br\/portal\/wp-json\/wp\/v2\/comments?post=29650"}],"version-history":[{"count":0,"href":"https:\/\/ufrb.edu.br\/portal\/wp-json\/wp\/v2\/pages\/29650\/revisions"}],"wp:attachment":[{"href":"https:\/\/ufrb.edu.br\/portal\/wp-json\/wp\/v2\/media?parent=29650"}],"curies":[{"name":"wp","href":"https:\/\/api.w.org\/{rel}","templated":true}]}}