{"id":29651,"date":"2020-12-28T12:47:01","date_gmt":"2020-12-28T12:47:01","guid":{"rendered":"https:\/\/ufrb.edu.br\/2020\/12\/28\/estrutura-organizacional-2\/"},"modified":"2020-12-28T12:47:01","modified_gmt":"2020-12-28T12:47:01","slug":"estrutura-organizacional-2","status":"publish","type":"page","link":"https:\/\/ufrb.edu.br\/portal\/estrutura-organizacional-2\/","title":{"rendered":"Estrutura Organizacional"},"content":{"rendered":"<p>Todas as informa\u00e7\u00f5es relativas \u00e0 estrutura organizacional da UFRB est\u00e3o disponibilizadas em: <a href=\"https:\/\/ufrb.edu.br\/portal\/institucional\/40-lei-de-acesso-a-informacao\/88-estrutura-organizacional\"><\/a><a href=\"https:\/\/ufrb.edu.br\/portal\/institucional\/40-lei-de-acesso-a-informacao\/88-estrutura-organizacional\">https:\/\/ufrb.edu.br\/portal\/institucional\/40-lei-de-acesso-a-informacao\/88-estrutura-organizacional<\/a><\/p>\n<p> <strong>Unidade Respons\u00e1vel pela atualiza\u00e7\u00e3o:<\/strong>&nbsp; Coordenadoria de Or\u00e7amento e Desenvolvimento Institucional \u2013 CODIN\/PROPLAN<br \/> <strong>Contato com a Unidade Respons\u00e1vel:<\/strong>&nbsp;<a href=\"mailto:codin@proplan.ufrb.edu.br\">codin@proplan.ufrb.edu.br<\/a><br \/><strong>Data da \u00faltima atualiza\u00e7\u00e3o:<\/strong>&nbsp;31\/03\/2022<br \/> <strong>Fonte da informa\u00e7\u00e3o:<\/strong>&nbsp;Gabinete da Reitoria, Pr\u00f3-Reitoria de Planejamento (PROPLAN)<\/p>\n","protected":false},"excerpt":{"rendered":"<p>Todas as informa\u00e7\u00f5es relativas \u00e0 estrutura organizacional da UFRB est\u00e3o disponibilizadas em: https:\/\/ufrb.edu.br\/portal\/institucional\/40-lei-de-acesso-a-informacao\/88-estrutura-organizacional Unidade Respons\u00e1vel pela atualiza\u00e7\u00e3o:&nbsp; Coordenadoria de Or\u00e7amento e Desenvolvimento Institucional \u2013 CODIN\/PROPLAN Contato com a Unidade Respons\u00e1vel:&nbsp;codin@proplan.ufrb.edu.brData da \u00faltima atualiza\u00e7\u00e3o:&nbsp;31\/03\/2022 Fonte da informa\u00e7\u00e3o:&nbsp;Gabinete da Reitoria, Pr\u00f3-Reitoria de Planejamento (PROPLAN)<\/p>\n","protected":false},"author":1,"featured_media":0,"parent":0,"menu_order":11,"comment_status":"closed","ping_status":"closed","template":"","meta":{"_acf_changed":false,"footnotes":""},"class_list":["post-29651","page","type-page","status-publish","hentry"],"acf":[],"_links":{"self":[{"href":"https:\/\/ufrb.edu.br\/portal\/wp-json\/wp\/v2\/pages\/29651","targetHints":{"allow":["GET"]}}],"collection":[{"href":"https:\/\/ufrb.edu.br\/portal\/wp-json\/wp\/v2\/pages"}],"about":[{"href":"https:\/\/ufrb.edu.br\/portal\/wp-json\/wp\/v2\/types\/page"}],"author":[{"embeddable":true,"href":"https:\/\/ufrb.edu.br\/portal\/wp-json\/wp\/v2\/users\/1"}],"replies":[{"embeddable":true,"href":"https:\/\/ufrb.edu.br\/portal\/wp-json\/wp\/v2\/comments?post=29651"}],"version-history":[{"count":0,"href":"https:\/\/ufrb.edu.br\/portal\/wp-json\/wp\/v2\/pages\/29651\/revisions"}],"wp:attachment":[{"href":"https:\/\/ufrb.edu.br\/portal\/wp-json\/wp\/v2\/media?parent=29651"}],"curies":[{"name":"wp","href":"https:\/\/api.w.org\/{rel}","templated":true}]}}