{"id":29652,"date":"2020-12-28T12:47:45","date_gmt":"2020-12-28T12:47:45","guid":{"rendered":"https:\/\/ufrb.edu.br\/2020\/12\/28\/programas-projetos-e-acoes\/"},"modified":"2020-12-28T12:47:45","modified_gmt":"2020-12-28T12:47:45","slug":"programas-projetos-e-acoes","status":"publish","type":"page","link":"https:\/\/ufrb.edu.br\/portal\/programas-projetos-e-acoes\/","title":{"rendered":"Programas, Projetos e A\u00e7\u00f5es"},"content":{"rendered":"<p>Nesta se\u00e7\u00e3o, s\u00e3o divulgadas informa\u00e7\u00f5es pertinentes aos programas, projetos, a\u00e7\u00f5es, obras e atividades, com indica\u00e7\u00e3o da unidade respons\u00e1vel, principais metas e resultados e, quando existentes, indicadores de resultado e impacto, com indica\u00e7\u00e3o dos valores alcan\u00e7ados no per\u00edodo e acumulado no exerc\u00edcio.<\/p>\n<p><a href=\"https:\/\/www.ufrb.edu.br\/proplan\/relatorios-de-gestao\">Relat\u00f3rios de Gest\u00e3o<\/a><\/p>\n<p><a href=\"https:\/\/www.ufrb.edu.br\/proplan\/plano-de-desenvolvimento-institucional-pdi\">Plano de Desenvolvimento Institucional (PDI) \u2013 2019-2030<\/a><\/p>\n<p><strong>Despesas de Programas e A\u00e7\u00f5es<\/strong><\/p>\n<article>\n<p>Passo a passo:<br \/> 1. Acessar o&nbsp;<a href=\"https:\/\/transparencia.gov.br\/\">Portal da Transpar\u00eancia<\/a>.<br \/> 2. Selecionar o \u00edcone \u201cDespesas e Receitas\u201d e clicar na op\u00e7\u00e3o &#8220;Consulta&#8221;, localizada no t\u00f3pico &#8220;Despesas&#8221;<br \/>3. Selecionar a op\u00e7\u00e3o &#8220;Por programa\/a\u00e7\u00e3o or\u00e7ament\u00e1ria&#8221;.<br \/>4. No filtro: &#8220;\u00d3rg\u00e3o&#8221;, digitar UFRB e adicionar.<br \/>5. Consultar os dados.<\/p>\n<h5><strong>Unidade Respons\u00e1vel pela atualiza\u00e7\u00e3o:<\/strong>&nbsp; Coordenadoria de Or\u00e7amento e Desenvolvimento Institucional \u2013 CODIN\/PROPLAN.<br \/><strong>Contato com a Unidade Respons\u00e1vel:<\/strong>&nbsp;<a href=\"mailto:codin@proplan.ufrb.edu.br\">codin@proplan.ufrb.edu.br<br \/><\/a><strong>Data da \u00faltima atualiza\u00e7\u00e3o:<\/strong>&nbsp;31\/03\/2023.<br \/><strong>Fonte da informa\u00e7\u00e3o:<\/strong>&nbsp;Gabinete da Reitoria, Pr\u00f3-Reitoria de Planejamento (PROPLAN).&nbsp;<\/h5>\n<\/article>\n","protected":false},"excerpt":{"rendered":"<p>Nesta se\u00e7\u00e3o, s\u00e3o divulgadas informa\u00e7\u00f5es pertinentes aos programas, projetos, a\u00e7\u00f5es, obras e atividades, com indica\u00e7\u00e3o da unidade respons\u00e1vel, principais metas e resultados e, quando existentes, indicadores de resultado e impacto, com indica\u00e7\u00e3o dos valores alcan\u00e7ados no per\u00edodo e acumulado no exerc\u00edcio. Relat\u00f3rios de Gest\u00e3o Plano de Desenvolvimento Institucional (PDI) \u2013 2019-2030 Despesas de Programas e [&hellip;]<\/p>\n","protected":false},"author":1,"featured_media":0,"parent":0,"menu_order":10,"comment_status":"closed","ping_status":"closed","template":"","meta":{"_acf_changed":false,"footnotes":""},"class_list":["post-29652","page","type-page","status-publish","hentry"],"acf":[],"_links":{"self":[{"href":"https:\/\/ufrb.edu.br\/portal\/wp-json\/wp\/v2\/pages\/29652","targetHints":{"allow":["GET"]}}],"collection":[{"href":"https:\/\/ufrb.edu.br\/portal\/wp-json\/wp\/v2\/pages"}],"about":[{"href":"https:\/\/ufrb.edu.br\/portal\/wp-json\/wp\/v2\/types\/page"}],"author":[{"embeddable":true,"href":"https:\/\/ufrb.edu.br\/portal\/wp-json\/wp\/v2\/users\/1"}],"replies":[{"embeddable":true,"href":"https:\/\/ufrb.edu.br\/portal\/wp-json\/wp\/v2\/comments?post=29652"}],"version-history":[{"count":0,"href":"https:\/\/ufrb.edu.br\/portal\/wp-json\/wp\/v2\/pages\/29652\/revisions"}],"wp:attachment":[{"href":"https:\/\/ufrb.edu.br\/portal\/wp-json\/wp\/v2\/media?parent=29652"}],"curies":[{"name":"wp","href":"https:\/\/api.w.org\/{rel}","templated":true}]}}