{"id":29654,"date":"2020-12-28T12:49:06","date_gmt":"2020-12-28T12:49:06","guid":{"rendered":"https:\/\/ufrb.edu.br\/2020\/12\/28\/execucao-orcamentaria-e-financeira-detalhada\/"},"modified":"2020-12-28T12:49:06","modified_gmt":"2020-12-28T12:49:06","slug":"execucao-orcamentaria-e-financeira-detalhada","status":"publish","type":"page","link":"https:\/\/ufrb.edu.br\/portal\/execucao-orcamentaria-e-financeira-detalhada\/","title":{"rendered":"Execu\u00e7\u00e3o Or\u00e7ament\u00e1ria e Financeira Detalhada"},"content":{"rendered":"<p>&nbsp;<\/p>\n<p>As informa\u00e7\u00f5es sobre&nbsp;as&nbsp;receitas da UFRB podem ser&nbsp;obtidas por meio do Portal da Transpar\u00eancia, conforme o seguinte passo a passo:<\/p>\n<p>1\u00ba) Acessar o link do Portal da Transpar\u00eancia (<a href=\"http:\/\/www.portaltransparencia.gov.br\/\">http:\/\/www.portaltransparencia.gov.br\/<\/a>);<br \/>2\u00ba) No Menu Superior, acesse &#8220;Consultas Detalhadas&#8221; -&gt; &#8220;Receitas P\u00fablicas&#8221;<br \/>3\u00ba) Utilizar a barra lateral esquerda de filtros para adicionar um filtro de \u00d3rg\u00e3o\/Entidade. Pode ser utilizado o c\u00f3digo de \u00d3rg\u00e3o Superior do SIAFI, ou o nome do \u00f3rg\u00e3o;<br \/>4\u00ba) Clicar no bot\u00e3o &#8220;Adicionar&#8221;; e<br \/>5\u00ba) Clicar em &#8220;Consultar&#8221; e os dados ser\u00e3o mostrados na tela.<br \/>&nbsp;<br \/>As informa\u00e7\u00f5es sobre&nbsp;o or\u00e7amento&nbsp;da UFRB podem ser&nbsp;obtidas por meio do Portal da Transpar\u00eancia, conforme o seguinte passo a passo:<br \/>1\u00ba) Acessar o link do Portal da Transpar\u00eancia (<a href=\"http:\/\/www.portaltransparencia.gov.br\/\">http:\/\/www.portaltransparencia.gov.br\/<\/a>);<br \/>2\u00ba) No Menu Superior, acesse &#8220;Consultas Detalhadas&#8221; -&gt; &#8220;Or\u00e7amento&#8221;;<br \/>3\u00ba) Na tela seguinte, escolher &#8220;Or\u00e7amento da Despesa&#8221;;<br \/>4\u00ba) Utilizar a barra lateral esquerda de filtros para adicionar um filtro de \u00d3rg\u00e3o\/Entidade. Pode ser utilizado o c\u00f3digo de \u00d3rg\u00e3o Superior do SIAFI, ou o nome do \u00f3rg\u00e3o;<br \/>5\u00ba) Clicar no bot\u00e3o &#8220;Adicionar&#8221;; e<br \/>6\u00ba) Clicar em &#8220;Consultar&#8221;; e os dados ser\u00e3o mostrados na tela.<br \/>&nbsp;<br \/>As informa\u00e7\u00f5es sobre&nbsp;as despesas&nbsp;da UFRB podem ser&nbsp;obtidas por meio do Portal da Transpar\u00eancia, conforme o seguinte passo a passo:<br \/>1\u00ba) Acessar o link do Portal da Transpar\u00eancia (<a href=\"http:\/\/www.portaltransparencia.gov.br\/\">http:\/\/www.portaltransparencia.gov.br\/<\/a>);<br \/>2\u00ba) No Menu Superior, acesse &#8220;Consultas Detalhadas&#8221; -&gt; &#8220;Despesas P\u00fablicas&#8221;;<br \/>3\u00ba) Na tela seguinte, escolher &#8220;Pela classifica\u00e7\u00e3o cont\u00e1bil da despesa&#8221;;<br \/>4\u00ba) Utilizar a barra lateral esquerda de filtros para adicionar um filtro de \u00d3rg\u00e3o\/Entidade. Pode ser utilizado o c\u00f3digo de&nbsp;Unidade Or\u00e7ament\u00e1ria&nbsp;do SIAFI, ou o nome do \u00f3rg\u00e3o;<br \/>5\u00ba) Clicar no bot\u00e3o &#8220;Adicionar&#8221;; e<br \/>6\u00ba) Clicar em &#8220;Consultar&#8221; e os dados ser\u00e3o mostrados na tela.<\/p>\n<p>&nbsp;<br \/>As informa\u00e7\u00f5es sobre as di\u00e1rias e passagens dos servidores da UFRB podem ser&nbsp;obtidas por meio do Portal da Transpar\u00eancia, conforme o seguinte passo a passo:<br \/>1\u00ba) Acessar o link do Portal da Transpar\u00eancia (<a href=\"http:\/\/www.portaltransparencia.gov.br\/\">http:\/\/www.portaltransparencia.gov.br\/<\/a>);<br \/>2\u00ba) No Menu Superior, acesse &#8220;Consultas Detalhadas&#8221; -&gt; &#8220;Viagens a servi\u00e7o&#8221;<br \/>3\u00ba) Utilizar a barra lateral esquerda de filtros para adicionar um filtro de \u00d3rg\u00e3o\/Entidade. Pode ser utilizado o c\u00f3digo de \u00d3rg\u00e3o Superior do SIAFI, ou o nome do \u00f3rg\u00e3o;<br \/>4\u00ba) Clicar no bot\u00e3o &#8220;Adicionar&#8221;; e<br \/>5\u00ba) Clicar em &#8220;Consultar&#8221;; e os dados ser\u00e3o mostrados na tela.<\/p>\n<p>&nbsp;<\/p>\n<p><strong>Unidade Respons\u00e1vel pela atualiza\u00e7\u00e3o:<\/strong>&nbsp; Coordenadoria de Or\u00e7amento e Desenvolvimento Institucional \u2013 CODIN\/PROPLAN<br \/> <strong>Contato com a Unidade Respons\u00e1vel:<\/strong>&nbsp;<a href=\"mailto:codin@proplan.ufrb.edu.br\">codin@proplan.ufrb.edu.br<\/a><br \/><strong>Data da \u00faltima atualiza\u00e7\u00e3o:<\/strong>&nbsp;19\/01\/2023<br \/> <strong>Fonte da informa\u00e7\u00e3o:<\/strong>&nbsp;Gabinete da Reitoria, Pr\u00f3-Reitoria de Planejamento (PROPLAN)<\/p>\n","protected":false},"excerpt":{"rendered":"<p>&nbsp; As informa\u00e7\u00f5es sobre&nbsp;as&nbsp;receitas da UFRB podem ser&nbsp;obtidas por meio do Portal da Transpar\u00eancia, conforme o seguinte passo a passo: 1\u00ba) Acessar o link do Portal da Transpar\u00eancia (http:\/\/www.portaltransparencia.gov.br\/);2\u00ba) No Menu Superior, acesse &#8220;Consultas Detalhadas&#8221; -&gt; &#8220;Receitas P\u00fablicas&#8221;3\u00ba) Utilizar a barra lateral esquerda de filtros para adicionar um filtro de \u00d3rg\u00e3o\/Entidade. Pode ser utilizado o [&hellip;]<\/p>\n","protected":false},"author":1,"featured_media":0,"parent":0,"menu_order":8,"comment_status":"closed","ping_status":"closed","template":"","meta":{"_acf_changed":false,"footnotes":""},"class_list":["post-29654","page","type-page","status-publish","hentry"],"acf":[],"_links":{"self":[{"href":"https:\/\/ufrb.edu.br\/portal\/wp-json\/wp\/v2\/pages\/29654","targetHints":{"allow":["GET"]}}],"collection":[{"href":"https:\/\/ufrb.edu.br\/portal\/wp-json\/wp\/v2\/pages"}],"about":[{"href":"https:\/\/ufrb.edu.br\/portal\/wp-json\/wp\/v2\/types\/page"}],"author":[{"embeddable":true,"href":"https:\/\/ufrb.edu.br\/portal\/wp-json\/wp\/v2\/users\/1"}],"replies":[{"embeddable":true,"href":"https:\/\/ufrb.edu.br\/portal\/wp-json\/wp\/v2\/comments?post=29654"}],"version-history":[{"count":0,"href":"https:\/\/ufrb.edu.br\/portal\/wp-json\/wp\/v2\/pages\/29654\/revisions"}],"wp:attachment":[{"href":"https:\/\/ufrb.edu.br\/portal\/wp-json\/wp\/v2\/media?parent=29654"}],"curies":[{"name":"wp","href":"https:\/\/api.w.org\/{rel}","templated":true}]}}