{"id":29655,"date":"2020-12-28T12:49:38","date_gmt":"2020-12-28T12:49:38","guid":{"rendered":"https:\/\/ufrb.edu.br\/2020\/12\/28\/licitacoes-realizadas-e-em-andamento\/"},"modified":"2020-12-28T12:49:38","modified_gmt":"2020-12-28T12:49:38","slug":"licitacoes-realizadas-e-em-andamento","status":"publish","type":"page","link":"https:\/\/ufrb.edu.br\/portal\/licitacoes-realizadas-e-em-andamento\/","title":{"rendered":"Licita\u00e7\u00f5es Realizadas e em Andamento"},"content":{"rendered":"<p>Nesta se\u00e7\u00e3o s\u00e3o divulgadas informa\u00e7\u00f5es sobre as&nbsp;licita\u00e7\u00f5es realizadas e em andamento, por modalidade, com editais, anexos e resultados, al\u00e9m dos contratos firmados e notas de empenho emitidas pela Universidade Federal do Rec\u00f4ncavo da Bahia (UFRB).<\/p>\n<p><a href=\"https:\/\/portaldatransparencia.gov.br\/licitacoes\/consulta?paginacaoSimples=true&amp;tamanhoPagina=&amp;offset=&amp;direcaoOrdenacao=asc&amp;de=01%2F01%2F2022&amp;ate=31%2F12%2F2022&amp;orgaos=OR26351&amp;colunasSelecionadas=detalhar%2CdataResultadoCompra%2CdataAbertura%2CorgaoSuperior%2CorgaoEntidadeVinculada%2CunidadeGestora%2Csituacao%2Cmodalidade%2CinstrumentoLegal%2CnumeroLicitacao%2Cobjeto\"><strong>Licita\u00e7\u00e3o por meio de consulta \u00e0 P\u00e1gina de Transpar\u00eancia da CGU<\/strong><\/a><\/p>\n<p><a href=\"http:\/\/transparencia.gov.br\/contratos\/consulta?paginacaoSimples=true&amp;tamanhoPagina=&amp;offset=&amp;direcaoOrdenacao=asc&amp;assinaturaDe=01%2F01%2F2020&amp;assinaturaAte=03%2F10%2F2020&amp;orgaos=UG158092&amp;colunasSelecionadas=linkDetalhamento%2CdataAssinatura%2CdataPublicacaoDOU%2CdataInicioVigencia%2CdataFimVigencia%2CorgaoSuperior%2CorgaoEntidadeVinculada%2CunidadeGestora%2CformaContratacao%2CgrupoObjetoContratacao%2CnumeroContrato%2CnomeFornecedor%2CcpfCnpjFornecedor%2Csituacao%2CvalorContratado\"><strong>Contrato por meio de consulta \u00e0 P\u00e1gina de Transpar\u00eancia da CGU<\/strong><\/a><\/p>\n<p>Para encontrar as informa\u00e7\u00f5es sobre licita\u00e7\u00f5es e contratos da UFRB no Portal da Transpar\u00eancia, basta acessar os links acima, ou efetuar o passo a passo a seguir:<\/p>\n<p>1 &#8211; Acessar o Portal da Transpar\u00eancia:&nbsp;<a href=\"http:\/\/transparencia.gov.br\/\">transparencia.gov.br<\/a>;<\/p>\n<p>2 &#8211; No menu superior, localizar \u201cConsultas Detalhadas\u201d<\/p>\n<p>3 &#8211; Selecionar &#8220;Licita\u00e7\u00f5es&#8221; ou \u201cContratos\u201d;<\/p>\n<p>4 &#8211; Colocar no filtro \u201c\u00d3rg\u00e3o\u201d o nome Universidade Federal do Rec\u00f4ncavo da Bahia;<\/p>\n<p>5 &#8211; Depois, \u00e9 s\u00f3 clicar em \u201cConsultar\u201d.<\/p>\n<p><strong>As licita\u00e7\u00f5es realizadas e em andamento pela UFRB <\/strong>podem ser acessadas<strong> <a href=\"https:\/\/www.ufrb.edu.br\/clc\">aqui<\/a>,&nbsp;<\/strong>ou atrav\u00e9s&nbsp;da consulta ao&nbsp;<strong><a href=\"https:\/\/www.gov.br\/compras\/pt-br\/assuntos\/consultas-1\/capa-consulta\">Portal de Compras Governamentais<\/a>, <\/strong>conforme as orienta\u00e7\u00f5es abaixo:<\/p>\n<p><strong>Licita\u00e7\u00f5es em andamento:<\/strong>&nbsp;Para ter acesso \u00e0s licita\u00e7\u00f5es em andamento pela UFRB, clique em &#8220;Em andamento&#8221;. Nos filtros da tela seguinte, selecione a situa\u00e7\u00e3o&nbsp;&#8220;Todas&#8221; e em&nbsp;UASG digite o c\u00f3digo 158092.<\/p>\n<p><strong>Licita\u00e7\u00f5es finalizadas:<\/strong>&nbsp;Para ter acesso \u00e0s licita\u00e7\u00f5es finalizadas, bem como aos anexos e resultados clique em &#8220;Atas\/anexos&#8221;. Nos filtros da tela seguinte, selecione a UASG&nbsp;158092.<\/p>\n<p><strong>Editais: <\/strong>Para ter acesso \u00e0s \u00edntegras dos&nbsp;editais das licita\u00e7\u00f5es, <a href=\"http:\/\/comprasnet.gov.br\/acesso.asp?url=\/ConsultaLicitacoes\/ConsLicitacao_Filtro.asp\">clique&nbsp;aqui<\/a>&nbsp;. Selecione o per\u00edodo de publica\u00e7\u00e3o (deve ser no m\u00e1ximo de 15 dias), a(s) modalidade(s) de licita\u00e7\u00e3o e em UASG digite o c\u00f3digo 158092.<\/p>\n<p>&nbsp;<\/p>\n<p><strong>Unidade Respons\u00e1vel pela atualiza\u00e7\u00e3o:<\/strong>&nbsp; Coordenadoria de Or\u00e7amento e Desenvolvimento Institucional \u2013 CODIN\/PROPLAN<br \/> <strong>Contato com a Unidade Respons\u00e1vel:<\/strong>&nbsp;<a href=\"mailto:codin@proplan.ufrb.edu.br\">codin@proplan.ufrb.edu.br<\/a><br \/><strong>Data da \u00faltima atualiza\u00e7\u00e3o:<\/strong>&nbsp;31\/03\/2022<br \/> <strong>Fonte da informa\u00e7\u00e3o:<\/strong>&nbsp;Pr\u00f3-Reitoria de Administra\u00e7\u00e3o (PROAD)<\/p>\n","protected":false},"excerpt":{"rendered":"<p>Nesta se\u00e7\u00e3o s\u00e3o divulgadas informa\u00e7\u00f5es sobre as&nbsp;licita\u00e7\u00f5es realizadas e em andamento, por modalidade, com editais, anexos e resultados, al\u00e9m dos contratos firmados e notas de empenho emitidas pela Universidade Federal do Rec\u00f4ncavo da Bahia (UFRB). Licita\u00e7\u00e3o por meio de consulta \u00e0 P\u00e1gina de Transpar\u00eancia da CGU Contrato por meio de consulta \u00e0 P\u00e1gina de Transpar\u00eancia [&hellip;]<\/p>\n","protected":false},"author":1,"featured_media":0,"parent":0,"menu_order":7,"comment_status":"closed","ping_status":"closed","template":"","meta":{"_acf_changed":false,"footnotes":""},"class_list":["post-29655","page","type-page","status-publish","hentry"],"acf":[],"_links":{"self":[{"href":"https:\/\/ufrb.edu.br\/portal\/wp-json\/wp\/v2\/pages\/29655","targetHints":{"allow":["GET"]}}],"collection":[{"href":"https:\/\/ufrb.edu.br\/portal\/wp-json\/wp\/v2\/pages"}],"about":[{"href":"https:\/\/ufrb.edu.br\/portal\/wp-json\/wp\/v2\/types\/page"}],"author":[{"embeddable":true,"href":"https:\/\/ufrb.edu.br\/portal\/wp-json\/wp\/v2\/users\/1"}],"replies":[{"embeddable":true,"href":"https:\/\/ufrb.edu.br\/portal\/wp-json\/wp\/v2\/comments?post=29655"}],"version-history":[{"count":0,"href":"https:\/\/ufrb.edu.br\/portal\/wp-json\/wp\/v2\/pages\/29655\/revisions"}],"wp:attachment":[{"href":"https:\/\/ufrb.edu.br\/portal\/wp-json\/wp\/v2\/media?parent=29655"}],"curies":[{"name":"wp","href":"https:\/\/api.w.org\/{rel}","templated":true}]}}