{"id":29656,"date":"2020-12-28T12:50:10","date_gmt":"2020-12-28T12:50:10","guid":{"rendered":"https:\/\/ufrb.edu.br\/2020\/12\/28\/remuneracao-e-subsidio\/"},"modified":"2020-12-28T12:50:10","modified_gmt":"2020-12-28T12:50:10","slug":"remuneracao-e-subsidio","status":"publish","type":"page","link":"https:\/\/ufrb.edu.br\/portal\/remuneracao-e-subsidio\/","title":{"rendered":"Remunera\u00e7\u00e3o e Subs\u00eddio"},"content":{"rendered":"<p><span style=\"font-family: arial, helvetica, sans-serif\"><a href=\"https:\/\/www.portaltransparencia.gov.br\/servidores\/consulta?orgaosServidorLotacao=OR26351&amp;orgaosServidorExercicio=OR26351&amp;ordenarPor=nome&amp;direcao=asc\">Acesse aqui<\/a> informa\u00e7\u00f5es sobre remunera\u00e7\u00e3o e subs\u00eddio recebidos por ocupante de cargo, posto, gradua\u00e7\u00e3o, fun\u00e7\u00e3o e emprego p\u00fablico, inclu\u00eddos os aux\u00edlios, as ajudas de custo, os jetons e outras vantagens pecuni\u00e1rias, al\u00e9m dos proventos de aposentadoria e das pens\u00f5es daqueles servidores e empregados p\u00fablicos ativos, inativos e pensionistas, de maneira individualizada.<\/span><\/p>\n<p>&nbsp;<\/p>\n<p><strong>Unidade Respons\u00e1vel pela atualiza\u00e7\u00e3o:<\/strong>&nbsp; Coordenadoria de Or\u00e7amento e Desenvolvimento Institucional \u2013 CODIN\/PROPLAN<br \/> <strong>Contato com a Unidade Respons\u00e1vel:<\/strong>&nbsp;<a href=\"mailto:codin@proplan.ufrb.edu.br\">codin@proplan.ufrb.edu.br<\/a><br \/><strong>Data da \u00faltima atualiza\u00e7\u00e3o:<\/strong>&nbsp;31\/03\/2022<br \/> <strong>Fonte da informa\u00e7\u00e3o:<\/strong>&nbsp;Gabinete da Reitoria<\/p>\n<p>&nbsp;<\/p>\n<p>&nbsp;<\/p>\n","protected":false},"excerpt":{"rendered":"<p>Acesse aqui informa\u00e7\u00f5es sobre remunera\u00e7\u00e3o e subs\u00eddio recebidos por ocupante de cargo, posto, gradua\u00e7\u00e3o, fun\u00e7\u00e3o e emprego p\u00fablico, inclu\u00eddos os aux\u00edlios, as ajudas de custo, os jetons e outras vantagens pecuni\u00e1rias, al\u00e9m dos proventos de aposentadoria e das pens\u00f5es daqueles servidores e empregados p\u00fablicos ativos, inativos e pensionistas, de maneira individualizada. &nbsp; Unidade Respons\u00e1vel pela [&hellip;]<\/p>\n","protected":false},"author":1,"featured_media":0,"parent":0,"menu_order":6,"comment_status":"closed","ping_status":"closed","template":"","meta":{"_acf_changed":false,"footnotes":""},"class_list":["post-29656","page","type-page","status-publish","hentry"],"acf":[],"_links":{"self":[{"href":"https:\/\/ufrb.edu.br\/portal\/wp-json\/wp\/v2\/pages\/29656","targetHints":{"allow":["GET"]}}],"collection":[{"href":"https:\/\/ufrb.edu.br\/portal\/wp-json\/wp\/v2\/pages"}],"about":[{"href":"https:\/\/ufrb.edu.br\/portal\/wp-json\/wp\/v2\/types\/page"}],"author":[{"embeddable":true,"href":"https:\/\/ufrb.edu.br\/portal\/wp-json\/wp\/v2\/users\/1"}],"replies":[{"embeddable":true,"href":"https:\/\/ufrb.edu.br\/portal\/wp-json\/wp\/v2\/comments?post=29656"}],"version-history":[{"count":0,"href":"https:\/\/ufrb.edu.br\/portal\/wp-json\/wp\/v2\/pages\/29656\/revisions"}],"wp:attachment":[{"href":"https:\/\/ufrb.edu.br\/portal\/wp-json\/wp\/v2\/media?parent=29656"}],"curies":[{"name":"wp","href":"https:\/\/api.w.org\/{rel}","templated":true}]}}