{"id":29657,"date":"2020-12-28T12:51:00","date_gmt":"2020-12-28T12:51:00","guid":{"rendered":"https:\/\/ufrb.edu.br\/2020\/12\/28\/contato-da-autoridade-de-monitoramento\/"},"modified":"2020-12-28T12:51:00","modified_gmt":"2020-12-28T12:51:00","slug":"contato-da-autoridade-de-monitoramento","status":"publish","type":"page","link":"https:\/\/ufrb.edu.br\/portal\/contato-da-autoridade-de-monitoramento\/","title":{"rendered":"Contato da Autoridade de Monitoramento"},"content":{"rendered":"<p>O contato da Autoridade de Monitoramento no \u00e2mbito da UFRB poder\u00e1 ser acessado por meio do link:&nbsp;<a href=\"https:\/\/ufrb.edu.br\/portal\/servico-de-informacao-ao-cidadao-sic\" data-saferedirecturl=\"https:\/\/www.google.com\/url?q=https:\/\/ufrb.edu.br\/portal\/servico-de-informacao-ao-cidadao-sic&amp;source=gmail&amp;ust=1680025803807000&amp;usg=AOvVaw3RkytVEKL42mrWXP_dU7mI\">https:\/\/ufrb.edu.br\/portal\/servico-de-informacao-ao-cidadao-sic<\/a><\/p>\n<p>&nbsp;<\/p>\n<p>&nbsp;<\/p>\n<p><strong>Unidade Respons\u00e1vel pela atualiza\u00e7\u00e3o:<\/strong>&nbsp; Coordenadoria de Or\u00e7amento e Desenvolvimento Institucional \u2013 CODIN\/PROPLAN<br \/> <strong>Contato com a Unidade Respons\u00e1vel:<\/strong>&nbsp;<a href=\"mailto:codin@proplan.ufrb.edu.br\">codin@proplan.ufrb.edu.br<\/a><br \/><strong>Data da \u00faltima atualiza\u00e7\u00e3o:<\/strong>&nbsp;27\/03\/2023<br \/> <strong>Fonte da informa\u00e7\u00e3o:<\/strong> Gabinete da Reitoria<\/p>\n","protected":false},"excerpt":{"rendered":"<p>O contato da Autoridade de Monitoramento no \u00e2mbito da UFRB poder\u00e1 ser acessado por meio do link:&nbsp;https:\/\/ufrb.edu.br\/portal\/servico-de-informacao-ao-cidadao-sic &nbsp; &nbsp; Unidade Respons\u00e1vel pela atualiza\u00e7\u00e3o:&nbsp; Coordenadoria de Or\u00e7amento e Desenvolvimento Institucional \u2013 CODIN\/PROPLAN Contato com a Unidade Respons\u00e1vel:&nbsp;codin@proplan.ufrb.edu.brData da \u00faltima atualiza\u00e7\u00e3o:&nbsp;27\/03\/2023 Fonte da informa\u00e7\u00e3o: Gabinete da Reitoria<\/p>\n","protected":false},"author":1,"featured_media":0,"parent":0,"menu_order":5,"comment_status":"closed","ping_status":"closed","template":"","meta":{"_acf_changed":false,"footnotes":""},"class_list":["post-29657","page","type-page","status-publish","hentry"],"acf":[],"_links":{"self":[{"href":"https:\/\/ufrb.edu.br\/portal\/wp-json\/wp\/v2\/pages\/29657","targetHints":{"allow":["GET"]}}],"collection":[{"href":"https:\/\/ufrb.edu.br\/portal\/wp-json\/wp\/v2\/pages"}],"about":[{"href":"https:\/\/ufrb.edu.br\/portal\/wp-json\/wp\/v2\/types\/page"}],"author":[{"embeddable":true,"href":"https:\/\/ufrb.edu.br\/portal\/wp-json\/wp\/v2\/users\/1"}],"replies":[{"embeddable":true,"href":"https:\/\/ufrb.edu.br\/portal\/wp-json\/wp\/v2\/comments?post=29657"}],"version-history":[{"count":0,"href":"https:\/\/ufrb.edu.br\/portal\/wp-json\/wp\/v2\/pages\/29657\/revisions"}],"wp:attachment":[{"href":"https:\/\/ufrb.edu.br\/portal\/wp-json\/wp\/v2\/media?parent=29657"}],"curies":[{"name":"wp","href":"https:\/\/api.w.org\/{rel}","templated":true}]}}