{"id":29696,"date":"2020-12-28T12:53:14","date_gmt":"2020-12-28T12:53:14","guid":{"rendered":"https:\/\/ufrb.edu.br\/2020\/12\/28\/demonstracoes-contabeis\/"},"modified":"2026-03-30T11:53:54","modified_gmt":"2026-03-30T14:53:54","slug":"demonstracoes-contabeis","status":"publish","type":"page","link":"https:\/\/ufrb.edu.br\/portal\/demonstracoes-contabeis\/","title":{"rendered":"Demonstra\u00e7\u00f5es Cont\u00e1beis"},"content":{"rendered":"\n<p><strong>2025<\/strong><\/p>\n\n\n\n<p><a href=\"https:\/\/ufrb.edu.br\/portal\/wp-content\/uploads\/sites\/5\/2026\/03\/BGU-BF-Anual-Orgao26351-1.pdf\">Balan\u00e7o Financeiro<\/a><\/p>\n\n\n\n<p><a href=\"https:\/\/ufrb.edu.br\/portal\/wp-content\/uploads\/sites\/5\/2026\/03\/BGU-BO-Anual-Orgao26351-1.pdf\">Balan\u00e7o Or\u00e7ament\u00e1rio<\/a><\/p>\n\n\n\n<p><a href=\"https:\/\/ufrb.edu.br\/portal\/wp-content\/uploads\/sites\/5\/2026\/03\/BGU-DVP-Anual-Orgao26351-1.pdf\">Demonstrativo de Varia\u00e7\u00f5es Patrimoniais<\/a><\/p>\n\n\n\n<p><a href=\"https:\/\/ufrb.edu.br\/portal\/wp-content\/uploads\/sites\/5\/2026\/03\/BGU-DFC-Anual-Orgao26351-1.pdf\">Demonstrativo dos Fluxos de Caixa<\/a><\/p>\n\n\n\n<p><a href=\"https:\/\/ufrb.edu.br\/portal\/wp-content\/uploads\/sites\/5\/2026\/03\/BGU-BP-Anual-Orgao26351-1.pdf\">Balan\u00e7o Patrimonial<\/a><\/p>\n\n\n\n<p><a href=\"https:\/\/ufrb.edu.br\/portal\/wp-content\/uploads\/sites\/5\/2026\/03\/BGU-DMPL-Mes12-Orgao26351.pdf\">Demonstrativo das Muta\u00e7\u00f5es do Patrim\u00f4nio L\u00edquido<\/a><\/p>\n\n\n\n<p><a href=\"https:\/\/ufrb.edu.br\/portal\/wp-content\/uploads\/sites\/5\/2026\/03\/Declaracao-Contador-oficio-ex-2025.pdf\">Declara\u00e7\u00e3o do Contador<\/a><\/p>\n\n\n\n<p><a href=\"https:\/\/ufrb.edu.br\/portal\/wp-content\/uploads\/sites\/5\/2026\/03\/RG-Relatorio-Contabil-2025-Declaracao-Notas-e-demonst.pdf\">Notas Explicativas \u00e0s Demonstra\u00e7\u00f5es Cont\u00e1beis<\/a><\/p>\n\n\n\n<hr class=\"wp-block-separator has-alpha-channel-opacity\"\/>\n\n\n\n<p><strong>2024<\/strong><\/p>\n\n\n\n<p><a href=\"https:\/\/ufrb.edu.br\/portal\/wp-content\/uploads\/sites\/5\/2026\/03\/BGU-BF-Anual-Orgao26351.pdf\">Balan\u00e7o Financeiro<\/a><\/p>\n\n\n\n<p><a href=\"https:\/\/ufrb.edu.br\/portal\/wp-content\/uploads\/sites\/5\/2026\/03\/BGU-BO-Anual-Orgao26351.pdf\">Balan\u00e7o Or\u00e7ament\u00e1rio<\/a><\/p>\n\n\n\n<p><a href=\"https:\/\/ufrb.edu.br\/portal\/wp-content\/uploads\/sites\/5\/2026\/03\/BGU-DVP-Anual-Orgao26351.pdf\">Demonstrativo de Varia\u00e7\u00f5es Patrimoniais<\/a><\/p>\n\n\n\n<p><a href=\"https:\/\/ufrb.edu.br\/portal\/wp-content\/uploads\/sites\/5\/2026\/03\/BGU-DFC-Anual-Orgao26351.pdf\">Demonstrativo dos Fluxos de Caixa<\/a><\/p>\n\n\n\n<p><a href=\"https:\/\/ufrb.edu.br\/portal\/wp-content\/uploads\/sites\/5\/2026\/03\/BGU-BP-Anual-Orgao26351.pdf\">Balan\u00e7o Patrimonial<\/a><\/p>\n\n\n\n<p><a href=\"https:\/\/ufrb.edu.br\/portal\/wp-content\/uploads\/sites\/5\/2026\/03\/BGU-DMPL-Mes12-Encerrado-Orgao26351.pdf\">Demonstrativo das Muta\u00e7\u00f5es do Patrim\u00f4nio L\u00edquido<\/a><\/p>\n\n\n\n<p><a href=\"https:\/\/ufrb.edu.br\/portal\/wp-content\/uploads\/sites\/5\/2026\/03\/Declaracao-Contador-oficio-ex-2024-assinad1o.pdf\">Declara\u00e7\u00e3o do Contador<\/a><\/p>\n\n\n\n<p><a href=\"https:\/\/ufrb.edu.br\/portal\/wp-content\/uploads\/sites\/5\/2026\/03\/RG-Relatorio-Contabil-2024-Declaracao-notas-e-demonst.pdf\">Notas Explicativas \u00e0s Demonstra\u00e7\u00f5es Cont\u00e1beis<\/a><\/p>\n\n\n\n<hr class=\"wp-block-separator has-alpha-channel-opacity\"\/>\n\n\n\n<p><strong>2023<\/strong><\/p>\n\n\n\n<p><a href=\"https:\/\/ufrb.edu.br\/portal\/wp-content\/uploads\/sites\/5\/2020\/12\/BGU-BF-Anual-Orgao26351-1fc.pdf\">Balan\u00e7o Financeiro<\/a><\/p>\n\n\n\n<p><a href=\"https:\/\/ufrb.edu.br\/portal\/wp-content\/uploads\/sites\/5\/2020\/12\/BGU-BO-Anual-Orgao26351-b1a.pdf\">Balan\u00e7o Or\u00e7ament\u00e1rio<\/a><\/p>\n\n\n\n<p><a href=\"https:\/\/ufrb.edu.br\/portal\/wp-content\/uploads\/sites\/5\/2020\/12\/BGU-DVP-Anual-Orgao26351-0bc.pdf\">Demonstrativo de Varia\u00e7\u00f5es Patrimoniais<\/a><\/p>\n\n\n\n<p><a href=\"https:\/\/ufrb.edu.br\/portal\/wp-content\/uploads\/sites\/5\/2020\/12\/BGU-DVP-Anual-Orgao26351-37a.pdf\">Demonstrativo dos Fluxos de Caixa<\/a><\/p>\n\n\n\n<p><a href=\"https:\/\/ufrb.edu.br\/portal\/wp-content\/uploads\/sites\/5\/2020\/12\/BGU-BP-Anual-Orgao26351-c4c.pdf\">Balan\u00e7o Patrimonial<\/a><\/p>\n\n\n\n<p><a href=\"https:\/\/ufrb.edu.br\/portal\/wp-content\/uploads\/sites\/5\/2020\/12\/BGU-DMPL-Mes12-Encerrado-Orgao26351-a15.pdf\">Demonstrativo das Muta\u00e7\u00f5es do Patrim\u00f4nio L\u00edquido<\/a><\/p>\n\n\n\n<p><a href=\"https:\/\/ufrb.edu.br\/portal\/wp-content\/uploads\/sites\/5\/2020\/12\/RG_Nota-Explicativa-2022-assinado1-719.pdf\">Notas Explicativas \u00e0s Demonstra\u00e7\u00f5es Cont\u00e1beis<\/a><\/p>\n\n\n\n<p><a href=\"https:\/\/ufrb.edu.br\/portal\/wp-content\/uploads\/sites\/5\/2020\/12\/Declaracao_Contador_oficio_ex_2022-assinado1-231.pdf\">Declara\u00e7\u00e3o do Contador<\/a><\/p>\n\n\n\n<hr class=\"wp-block-separator has-alpha-channel-opacity\"\/>\n\n\n\n<p><strong>2022<\/strong><\/p>\n\n\n\n<p><a href=\"https:\/\/www.ufrb.edu.br\/proplan\/images\/demonstracoes_contabeis_2021\/BGU-Balan\u00e7o_Financeiro-Anual-Orgao26351.pdf\">Balan\u00e7o Financeiro<\/a><\/p>\n\n\n\n<p><a href=\"https:\/\/www.ufrb.edu.br\/proplan\/images\/demonstracoes_contabeis_2021\/BGU-Balan\u00e7o_Or\u00e7ament\u00e1rio-Anual-Orgao26351_1.pdf\">Balan\u00e7o Or\u00e7ament\u00e1rio<\/a><\/p>\n\n\n\n<p><a href=\"https:\/\/www.ufrb.edu.br\/proplan\/images\/demonstracoes_contabeis_2021\/BGU-Demonstra\u00e7\u00e3o_das_Varia\u00e7\u00f5es_Patrimoniais-Anual-Orgao26351.pdf\">Demonstrativo de Varia\u00e7\u00f5es Patrimoniais<\/a><\/p>\n\n\n\n<p><a href=\"https:\/\/www.ufrb.edu.br\/proplan\/images\/demonstracoes_contabeis_2021\/BGU-Demonstra\u00e7\u00e3o_dos_Fluxos_de_Caixa-Anual-Orgao26351.pdf\">Demonstrativo dos Fluxos de Caixa<\/a><\/p>\n\n\n\n<p><a href=\"https:\/\/www.ufrb.edu.br\/proplan\/images\/demonstracoes_contabeis_2021\/BGU-Balan\u00e7o_Patrimonial-Anual-Orgao26351.pdf\">Bala<\/a><a href=\"https:\/\/www.ufrb.edu.br\/proplan\/images\/demonstracoes_contabeis_2021\/BGU-Balan\u00e7o_Patrimonial-Anual-Orgao26351.pdf\">n\u00e7o Patrimonial<\/a>&nbsp;<\/p>\n\n\n\n<hr class=\"wp-block-separator has-alpha-channel-opacity\"\/>\n\n\n\n<p><strong>2021<\/strong><\/p>\n\n\n\n<p><a href=\"https:\/\/ufrb.edu.br\/portal\/wp-content\/uploads\/sites\/5\/2020\/12\/BGU-Bal._Financeiro-Anual-Orgao26351-574.pdf\">Balan\u00e7o Financeiro<\/a><\/p>\n\n\n\n<p><a href=\"https:\/\/ufrb.edu.br\/portal\/wp-content\/uploads\/sites\/5\/2020\/12\/BGU-Bal._Orcamentario-Anual-Orgao26351-d7b.pdf\">Balan\u00e7o Or\u00e7ament\u00e1rio<\/a><\/p>\n\n\n\n<p><a href=\"https:\/\/ufrb.edu.br\/portal\/wp-content\/uploads\/sites\/5\/2020\/12\/BGU-Dem_Variacoes_Patriominiais-Anual-Orgao26351-f85.pdf\">Demonstrativo de Varia\u00e7\u00f5es Patrimoniais<\/a><\/p>\n\n\n\n<p><a href=\"https:\/\/ufrb.edu.br\/portal\/wp-content\/uploads\/sites\/5\/2020\/12\/BGU-Dem._Fluxos_de_Caixa-Anual-Orgao26351-985.pdf\">Demonstrativo dos Fluxos de Caixa<\/a><\/p>\n\n\n\n<p><a href=\"https:\/\/ufrb.edu.br\/portal\/wp-content\/uploads\/sites\/5\/2020\/12\/BGU-Bal._Patrimonial-Anual-Orgao26351-461.pdf\">Balan\u00e7o Patrimonial<\/a>&nbsp;<\/p>\n\n\n\n<hr class=\"wp-block-separator has-alpha-channel-opacity\"\/>\n\n\n\n<p><strong>2020<\/strong><\/p>\n\n\n\n<p><a href=\"https:\/\/ufrb.edu.br\/portal\/wp-content\/uploads\/sites\/5\/2020\/12\/BGU-BF-Anual-Orgao26351-10d.pdf\">Balan\u00e7o Financeiro<\/a><\/p>\n\n\n\n<p><a href=\"https:\/\/ufrb.edu.br\/portal\/wp-content\/uploads\/sites\/5\/2020\/12\/BGU-BO-Anual-Orgao26351-beb.pdf\">Balan\u00e7o Or\u00e7ament\u00e1rio<\/a><\/p>\n\n\n\n<p><a href=\"https:\/\/ufrb.edu.br\/portal\/wp-content\/uploads\/sites\/5\/2020\/12\/BGU-DVP-Anual-Orgao26351-92c.pdf\">Demonstrativo de Varia\u00e7\u00f5es Patrimoniais<\/a><\/p>\n\n\n\n<p><a href=\"https:\/\/ufrb.edu.br\/portal\/wp-content\/uploads\/2020\/12\/BGU-DFC-Anual-Orgao26351-033.pdf\">Demonstrativo dos Fluxos de Caixa<\/a><\/p>\n\n\n\n<p><a href=\"https:\/\/ufrb.edu.br\/portal\/wp-content\/uploads\/sites\/5\/2020\/12\/BGU-BP-Anual-Orgao26351-cbd.pdf\">Balan\u00e7o Patrimonial<\/a><\/p>\n\n\n\n<hr class=\"wp-block-separator has-alpha-channel-opacity\"\/>\n\n\n\n<p><strong>2019<\/strong><\/p>\n\n\n\n<p><a href=\"https:\/\/ufrb.edu.br\/portal\/wp-content\/uploads\/sites\/5\/2020\/12\/BGU-BF-Anual-Orgao26351-33b.pdf\">Balan\u00e7o Financeiro<\/a><\/p>\n\n\n\n<p><a href=\"https:\/\/ufrb.edu.br\/portal\/wp-content\/uploads\/sites\/5\/2020\/12\/BGU-BO-Anual-Orgao26351-9dd.pdf\">Balan\u00e7o Or\u00e7ament\u00e1rio<\/a><\/p>\n\n\n\n<p><a href=\"https:\/\/ufrb.edu.br\/portal\/wp-content\/uploads\/sites\/5\/2020\/12\/BGU-DVP-Anual-Orgao26351-585.pdf\">Demonstrativo de Varia\u00e7\u00f5es Patrimoniais<\/a><\/p>\n\n\n\n<p><a href=\"https:\/\/ufrb.edu.br\/portal\/wp-content\/uploads\/sites\/5\/2020\/12\/BGU-DFC-Anual-Orgao26351-c9a.pdf\">Demonstrativo dos Fluxos de Caixa<\/a><\/p>\n\n\n\n<p><a href=\"https:\/\/ufrb.edu.br\/portal\/wp-content\/uploads\/sites\/5\/2020\/12\/BGU-BP-Anual-Orgao26351-e8b.pdf\">Balan\u00e7o Patrimonial<\/a><\/p>\n\n\n\n<hr class=\"wp-block-separator has-alpha-channel-opacity\"\/>\n\n\n\n<p><strong>2018<\/strong><\/p>\n\n\n\n<p><a href=\"https:\/\/ufrb.edu.br\/portal\/wp-content\/uploads\/sites\/5\/2020\/12\/BGU-BF-Anual-Orgao26351-6f0.pdf\">Balan\u00e7o Financeiro<\/a><\/p>\n\n\n\n<p><a href=\"https:\/\/ufrb.edu.br\/portal\/wp-content\/uploads\/sites\/5\/2020\/12\/BGU-BO-Anual-Orgao26351-c16.pdf\">Balan\u00e7o Or\u00e7ament\u00e1rio<\/a><\/p>\n\n\n\n<p><a href=\"https:\/\/ufrb.edu.br\/portal\/wp-content\/uploads\/sites\/5\/2020\/12\/BGU-DVP-Anual-Orgao26351-d50.pdf\">Demonstrativo de Varia\u00e7\u00f5es Patrimoniais<\/a><\/p>\n\n\n\n<p><a href=\"https:\/\/ufrb.edu.br\/portal\/wp-content\/uploads\/sites\/5\/2020\/12\/BGU-DFC-Anual-Orgao26351-44f.pdf\">Demonstrativo dos Fluxos de Caixa<\/a><\/p>\n\n\n\n<p><a href=\"https:\/\/ufrb.edu.br\/portal\/wp-content\/uploads\/sites\/5\/2020\/12\/BGU-BP-Anual-Orgao26351-b40.pdf\">Balan\u00e7o Patrimonial<\/a><\/p>\n\n\n\n<hr class=\"wp-block-separator has-alpha-channel-opacity\"\/>\n\n\n\n<p><strong>Unidade Respons\u00e1vel pela atualiza\u00e7\u00e3o:<\/strong>&nbsp; Coordenadoria de Or\u00e7amento e Desenvolvimento Institucional \u2013 CODIN\/PROPLAN<\/p>\n\n\n\n<p><strong>Contato com a Unidade Respons\u00e1vel:<\/strong>&nbsp;<a href=\"mailto:codin@proplan.ufrb.edu.br\">codin@proplan.ufrb.edu.br<\/a><\/p>\n\n\n\n<p><strong>Data da \u00faltima atualiza\u00e7\u00e3o:<\/strong>&nbsp;03\/04\/2023<\/p>\n\n\n\n<p><strong>Fonte da informa\u00e7\u00e3o:&nbsp;<\/strong>Pr\u00f3-Reitoria de Planejamento (PROPLAN)<\/p>\n","protected":false},"excerpt":{"rendered":"<p>2025 Balan\u00e7o Financeiro Balan\u00e7o Or\u00e7ament\u00e1rio Demonstrativo de Varia\u00e7\u00f5es Patrimoniais Demonstrativo dos Fluxos de Caixa Balan\u00e7o Patrimonial Demonstrativo das Muta\u00e7\u00f5es do Patrim\u00f4nio L\u00edquido Declara\u00e7\u00e3o do Contador Notas Explicativas \u00e0s Demonstra\u00e7\u00f5es Cont\u00e1beis 2024 Balan\u00e7o Financeiro Balan\u00e7o Or\u00e7ament\u00e1rio Demonstrativo de Varia\u00e7\u00f5es Patrimoniais Demonstrativo dos Fluxos de Caixa Balan\u00e7o Patrimonial Demonstrativo das Muta\u00e7\u00f5es do Patrim\u00f4nio L\u00edquido Declara\u00e7\u00e3o do Contador [&hellip;]<\/p>\n","protected":false},"author":1,"featured_media":0,"parent":0,"menu_order":2,"comment_status":"closed","ping_status":"closed","template":"","meta":{"_acf_changed":false,"footnotes":""},"class_list":["post-29696","page","type-page","status-publish","hentry"],"acf":[],"_links":{"self":[{"href":"https:\/\/ufrb.edu.br\/portal\/wp-json\/wp\/v2\/pages\/29696","targetHints":{"allow":["GET"]}}],"collection":[{"href":"https:\/\/ufrb.edu.br\/portal\/wp-json\/wp\/v2\/pages"}],"about":[{"href":"https:\/\/ufrb.edu.br\/portal\/wp-json\/wp\/v2\/types\/page"}],"author":[{"embeddable":true,"href":"https:\/\/ufrb.edu.br\/portal\/wp-json\/wp\/v2\/users\/1"}],"replies":[{"embeddable":true,"href":"https:\/\/ufrb.edu.br\/portal\/wp-json\/wp\/v2\/comments?post=29696"}],"version-history":[{"count":11,"href":"https:\/\/ufrb.edu.br\/portal\/wp-json\/wp\/v2\/pages\/29696\/revisions"}],"predecessor-version":[{"id":45783,"href":"https:\/\/ufrb.edu.br\/portal\/wp-json\/wp\/v2\/pages\/29696\/revisions\/45783"}],"wp:attachment":[{"href":"https:\/\/ufrb.edu.br\/portal\/wp-json\/wp\/v2\/media?parent=29696"}],"curies":[{"name":"wp","href":"https:\/\/api.w.org\/{rel}","templated":true}]}}