{"id":29698,"date":"2020-12-28T12:53:46","date_gmt":"2020-12-28T12:53:46","guid":{"rendered":"https:\/\/ufrb.edu.br\/2020\/12\/28\/relatorio-de-gestao\/"},"modified":"2020-12-28T12:53:46","modified_gmt":"2020-12-28T12:53:46","slug":"relatorio-de-gestao","status":"publish","type":"page","link":"https:\/\/ufrb.edu.br\/portal\/relatorio-de-gestao\/","title":{"rendered":"Relat\u00f3rio de Gest\u00e3o"},"content":{"rendered":"<p>Anualmente a UFRB realiza a sua presta\u00e7\u00e3o de contas \u00e0 sociedade e aos \u00f3rg\u00e3os de controle, atrav\u00e9s do Relat\u00f3rio de Gest\u00e3o, que deve contemplar o planejamento, as realiza\u00e7\u00f5es e dificuldades da Gest\u00e3o naquele exerc\u00edcio de refer\u00eancia. E, com base no art. 15 da Instru\u00e7\u00e3o Normativa CGU n\u00ba 05\/2021, a Auditoria Interna emite seu Parecer sobre a presta\u00e7\u00e3o de contas.<\/p>\n<p>Para acessar todos os relat\u00f3rios de gest\u00e3o da Universidade Federal do Rec\u00f4ncavo da Bahia, basta clicar no link:&nbsp;<a href=\"https:\/\/www.ufrb.edu.br\/proplan\/relatorios-de-gestao\"><\/a><a href=\"https:\/\/www.ufrb.edu.br\/proplan\/relatorios-de-gestao\">https:\/\/www.ufrb.edu.br\/proplan\/relatorios-de-gestao<\/a><\/p>\n<p><a href=\"http:\/\/ufrb.edu.br\/wp-content\/uploads\/2020\/12\/Parecer_Auditoria_Interna_PRESTACAO_DE_CONTAS_2022._3-97b.pdf\">Acesse aqui<\/a> o parecer da Auditoria Interna acerca da Presta\u00e7\u00e3o de Contas do exerc\u00edcio de 2021 da Universidade Federal do Rec\u00f4ncavo da Bahia \u2013 UFRB.<\/p>\n<p> <strong>Unidade Respons\u00e1vel pela atualiza\u00e7\u00e3o:<\/strong>&nbsp;Coordenadoria de Or\u00e7amento e Desenvolvimento Institucional \u2013 CODIN\/PROPLAN<br \/> <strong>Contato com a Unidade Respons\u00e1vel:<\/strong>&nbsp;<a href=\"mailto:codin@proplan.ufrb.edu.br\">codin@proplan.ufrb.edu.br<\/a><br \/><strong>Data da \u00faltima atualiza\u00e7\u00e3o:<\/strong>&nbsp;31\/03\/2023<br \/> <strong>Fonte da informa\u00e7\u00e3o:<\/strong>&nbsp;Pr\u00f3-Reitoria de Planejamento (PROPLAN)<\/p>\n<p>&nbsp;<\/p>\n<p>&nbsp;<\/p>\n","protected":false},"excerpt":{"rendered":"<p>Anualmente a UFRB realiza a sua presta\u00e7\u00e3o de contas \u00e0 sociedade e aos \u00f3rg\u00e3os de controle, atrav\u00e9s do Relat\u00f3rio de Gest\u00e3o, que deve contemplar o planejamento, as realiza\u00e7\u00f5es e dificuldades da Gest\u00e3o naquele exerc\u00edcio de refer\u00eancia. E, com base no art. 15 da Instru\u00e7\u00e3o Normativa CGU n\u00ba 05\/2021, a Auditoria Interna emite seu Parecer sobre [&hellip;]<\/p>\n","protected":false},"author":1,"featured_media":0,"parent":0,"menu_order":1,"comment_status":"closed","ping_status":"closed","template":"","meta":{"_acf_changed":false,"footnotes":""},"class_list":["post-29698","page","type-page","status-publish","hentry"],"acf":[],"_links":{"self":[{"href":"https:\/\/ufrb.edu.br\/portal\/wp-json\/wp\/v2\/pages\/29698","targetHints":{"allow":["GET"]}}],"collection":[{"href":"https:\/\/ufrb.edu.br\/portal\/wp-json\/wp\/v2\/pages"}],"about":[{"href":"https:\/\/ufrb.edu.br\/portal\/wp-json\/wp\/v2\/types\/page"}],"author":[{"embeddable":true,"href":"https:\/\/ufrb.edu.br\/portal\/wp-json\/wp\/v2\/users\/1"}],"replies":[{"embeddable":true,"href":"https:\/\/ufrb.edu.br\/portal\/wp-json\/wp\/v2\/comments?post=29698"}],"version-history":[{"count":0,"href":"https:\/\/ufrb.edu.br\/portal\/wp-json\/wp\/v2\/pages\/29698\/revisions"}],"wp:attachment":[{"href":"https:\/\/ufrb.edu.br\/portal\/wp-json\/wp\/v2\/media?parent=29698"}],"curies":[{"name":"wp","href":"https:\/\/api.w.org\/{rel}","templated":true}]}}