{"id":29699,"date":"2020-12-28T12:54:21","date_gmt":"2020-12-28T12:54:21","guid":{"rendered":"https:\/\/ufrb.edu.br\/2020\/12\/28\/rol-de-responsaveis\/"},"modified":"2025-12-01T11:04:08","modified_gmt":"2025-12-01T14:04:08","slug":"rol-de-responsaveis","status":"publish","type":"page","link":"https:\/\/ufrb.edu.br\/portal\/rol-de-responsaveis\/","title":{"rendered":"Rol de Respons\u00e1veis"},"content":{"rendered":"\n<p>Nesta se\u00e7\u00e3o encontra-se a composi\u00e7\u00e3o do rol de respons\u00e1veis pela governan\u00e7a e atos de gest\u00e3o no \u00e2mbito da Universidade Federal do Rec\u00f4ncavo da Bahia.<\/p>\n\n\n\n<p><strong>Reitor<strong>(a)<\/strong>:<\/strong> Georgina Gon\u00e7alves dos Santos<\/p>\n\n\n\n<p><strong>Vice-Reitor<strong>(a)<\/strong>:<\/strong>\u00a0F\u00e1bio Josu\u00e9 Souza dos Santos<\/p>\n\n\n\n<p><strong>Pr\u00f3-Reitor<strong>(a)<\/strong> de Administra\u00e7\u00e3o:<\/strong>\u00a0Emerson Franco Santa B\u00e1rbara<\/p>\n\n\n\n<p><strong>Pr\u00f3-Reitor<strong>(a)<\/strong> de Extens\u00e3o e Cultura:<\/strong>\u00a0Danillo Silva Barata<\/p>\n\n\n\n<p><strong>Pr\u00f3-Reitor<strong>(a)<\/strong> de Gest\u00e3o de Pessoal:<\/strong>\u00a0Fl\u00e1via Sabina da Silva Souza<\/p>\n\n\n\n<p><strong>Pr\u00f3-Reitor<strong>(a)<\/strong> de Gradua\u00e7\u00e3o:<\/strong>\u00a0Carolina Fialho Silva<\/p>\n\n\n\n<p><strong>Pr\u00f3-Reitor<strong>(a)<\/strong> de Pesquisa, P\u00f3s-Gradua\u00e7\u00e3o, Cria\u00e7\u00e3o e Inova\u00e7\u00e3o:<\/strong> Simone Alves Silva<\/p>\n\n\n\n<p><strong>Pr\u00f3-Reitor<strong>(a)<\/strong> de Planejamento:<\/strong> Jos\u00e9 Joaquim da Silva Ramos<\/p>\n\n\n\n<p><strong>Pr\u00f3-Reitor<strong>(a)<\/strong> de Pol\u00edticas Afirmativas e Assuntos Estudantis:<\/strong>\u00a0Denize de Almeida Ribeiro<\/p>\n\n\n\n<p><strong>Diretor<strong>(a)<\/strong> do Centro de Artes, Humanidades e Letras:<\/strong> Dyane Brito Reis Santos<\/p>\n\n\n\n<p><strong>Diretor<strong>(a)<\/strong> do Centro de Ci\u00eancias Agr\u00e1rias, Ambientais e Biol\u00f3gicas:<\/strong>\u00a0Josival Santos Souza<\/p>\n\n\n\n<p><strong>Diretor<strong>(a)<\/strong> do Centro de Ci\u00eancias da Sa\u00fade:<\/strong> Rosa C\u00e2ndida Cordeiro<\/p>\n\n\n\n<p><strong>Diretor<strong>(a)<\/strong> do Centro de Ci\u00eancias Exatas e Tecnol\u00f3gicas:<\/strong> Maria Amelia de Pinho Barbosa Hohlenwerger<\/p>\n\n\n\n<p><strong>Diretor<strong>(a)<\/strong> do Centro de Forma\u00e7\u00e3o de Professores:<\/strong> Creuza Souza Silva<\/p>\n\n\n\n<p><strong>Diretor<strong>(a)<\/strong> do Centro de Ci\u00eancia e Tecnologia em Energia e Sustentabilidade:<\/strong>\u00a0Jacson Machado Nunes<\/p>\n\n\n\n<p><strong>Diretor<strong>(a)<\/strong> do Centro de Cultura, Linguagens e Tecnologias Aplicadas:<\/strong>\u00a0Rita de C\u00e1ssia Dias Pereira de Jesus<\/p>\n\n\n\n<p>&nbsp;<\/p>\n\n\n\n<p><strong>Unidade Respons\u00e1vel pela atualiza\u00e7\u00e3o:<\/strong> Coordenadoria de Or\u00e7amento e Desenvolvimento Institucional \u2013 CODIN\/PROPLAN<br><strong>Contato com a Unidade Respons\u00e1vel:<\/strong>\u00a0<a href=\"mailto:codin@proplan.ufrb.edu.br\">codin@proplan.ufrb.edu.br<\/a><br><strong>Data da \u00faltima atualiza\u00e7\u00e3o:<\/strong>\u00a001\/09\/2023<br><strong>Fonte da informa\u00e7\u00e3o:<\/strong>\u00a0Gabinete da Reitoria<\/p>\n\n\n\n<p>&nbsp;<\/p>\n","protected":false},"excerpt":{"rendered":"<p>Nesta se\u00e7\u00e3o encontra-se a composi\u00e7\u00e3o do rol de respons\u00e1veis pela governan\u00e7a e atos de gest\u00e3o no \u00e2mbito da Universidade Federal do Rec\u00f4ncavo da Bahia. Reitor(a): Georgina Gon\u00e7alves dos Santos Vice-Reitor(a):\u00a0F\u00e1bio Josu\u00e9 Souza dos Santos Pr\u00f3-Reitor(a) de Administra\u00e7\u00e3o:\u00a0Emerson Franco Santa B\u00e1rbara Pr\u00f3-Reitor(a) de Extens\u00e3o e Cultura:\u00a0Danillo Silva Barata Pr\u00f3-Reitor(a) de Gest\u00e3o de Pessoal:\u00a0Fl\u00e1via Sabina da Silva [&hellip;]<\/p>\n","protected":false},"author":1,"featured_media":0,"parent":0,"menu_order":0,"comment_status":"closed","ping_status":"closed","template":"","meta":{"_acf_changed":false,"footnotes":""},"class_list":["post-29699","page","type-page","status-publish","hentry"],"acf":[],"_links":{"self":[{"href":"https:\/\/ufrb.edu.br\/portal\/wp-json\/wp\/v2\/pages\/29699","targetHints":{"allow":["GET"]}}],"collection":[{"href":"https:\/\/ufrb.edu.br\/portal\/wp-json\/wp\/v2\/pages"}],"about":[{"href":"https:\/\/ufrb.edu.br\/portal\/wp-json\/wp\/v2\/types\/page"}],"author":[{"embeddable":true,"href":"https:\/\/ufrb.edu.br\/portal\/wp-json\/wp\/v2\/users\/1"}],"replies":[{"embeddable":true,"href":"https:\/\/ufrb.edu.br\/portal\/wp-json\/wp\/v2\/comments?post=29699"}],"version-history":[{"count":1,"href":"https:\/\/ufrb.edu.br\/portal\/wp-json\/wp\/v2\/pages\/29699\/revisions"}],"predecessor-version":[{"id":44969,"href":"https:\/\/ufrb.edu.br\/portal\/wp-json\/wp\/v2\/pages\/29699\/revisions\/44969"}],"wp:attachment":[{"href":"https:\/\/ufrb.edu.br\/portal\/wp-json\/wp\/v2\/media?parent=29699"}],"curies":[{"name":"wp","href":"https:\/\/api.w.org\/{rel}","templated":true}]}}