{"id":29733,"date":"2021-01-26T16:29:59","date_gmt":"2021-01-26T16:29:59","guid":{"rendered":"https:\/\/ufrb.edu.br\/2021\/01\/26\/trabalhe-na-ufrb\/"},"modified":"2021-01-26T16:29:59","modified_gmt":"2021-01-26T16:29:59","slug":"trabalhe-na-ufrb","status":"publish","type":"page","link":"https:\/\/ufrb.edu.br\/portal\/trabalhe-na-ufrb\/","title":{"rendered":"Trabalhe na UFRB"},"content":{"rendered":"\n<p>O ingresso de docentes, t\u00e9cnicos(as) administrativos(as) e estagi\u00e1rios(as) na Institui\u00e7\u00e3o \u00e9 realizado por meio de concursos e sele\u00e7\u00f5es p\u00fablicas.<\/p>\n\n\n\n<h2 class=\"wp-block-heading\">Concursos e Sele\u00e7\u00f5es P\u00fablicas<\/h2>\n\n\n\n<p><\/p>\n\n\n\n<div class=\"containerbuttoninterno\"><a class=\"button button-interno\" href=\"\/portal\/concurso\">Docente<\/a> <a class=\"button button-interno\" href=\"\/portal\/concurso\">T\u00e9cnico(a) Administrativo(a)<\/a> <a class=\"button button-interno\" href=\"\/portal\/concurso\">Estagi\u00e1rio(a)<\/a><\/div>\n","protected":false},"excerpt":{"rendered":"<p>O ingresso de docentes, t\u00e9cnicos(as) administrativos(as) e estagi\u00e1rios(as) na Institui\u00e7\u00e3o \u00e9 realizado por meio de concursos e sele\u00e7\u00f5es p\u00fablicas. Concursos e Sele\u00e7\u00f5es P\u00fablicas Docente T\u00e9cnico(a) Administrativo(a) Estagi\u00e1rio(a)<\/p>\n","protected":false},"author":1,"featured_media":38064,"parent":0,"menu_order":26,"comment_status":"closed","ping_status":"closed","template":"","meta":{"_acf_changed":false,"footnotes":""},"class_list":["post-29733","page","type-page","status-publish","has-post-thumbnail","hentry"],"acf":[],"_links":{"self":[{"href":"https:\/\/ufrb.edu.br\/portal\/wp-json\/wp\/v2\/pages\/29733","targetHints":{"allow":["GET"]}}],"collection":[{"href":"https:\/\/ufrb.edu.br\/portal\/wp-json\/wp\/v2\/pages"}],"about":[{"href":"https:\/\/ufrb.edu.br\/portal\/wp-json\/wp\/v2\/types\/page"}],"author":[{"embeddable":true,"href":"https:\/\/ufrb.edu.br\/portal\/wp-json\/wp\/v2\/users\/1"}],"replies":[{"embeddable":true,"href":"https:\/\/ufrb.edu.br\/portal\/wp-json\/wp\/v2\/comments?post=29733"}],"version-history":[{"count":0,"href":"https:\/\/ufrb.edu.br\/portal\/wp-json\/wp\/v2\/pages\/29733\/revisions"}],"wp:featuredmedia":[{"embeddable":true,"href":"https:\/\/ufrb.edu.br\/portal\/wp-json\/wp\/v2\/media\/38064"}],"wp:attachment":[{"href":"https:\/\/ufrb.edu.br\/portal\/wp-json\/wp\/v2\/media?parent=29733"}],"curies":[{"name":"wp","href":"https:\/\/api.w.org\/{rel}","templated":true}]}}