{"id":29739,"date":"2021-01-27T12:45:25","date_gmt":"2021-01-27T12:45:25","guid":{"rendered":"https:\/\/ufrb.edu.br\/2021\/01\/27\/acesso-a-informacao\/"},"modified":"2025-11-25T14:55:16","modified_gmt":"2025-11-25T17:55:16","slug":"acesso-a-informacao","status":"publish","type":"page","link":"https:\/\/ufrb.edu.br\/portal\/acesso-a-informacao\/","title":{"rendered":"Acesso \u00e0 Informa\u00e7\u00e3o"},"content":{"rendered":"\n<p>Na Universidade Federal do Rec\u00f4ncavo da Bahia (UFRB), a transpar\u00eancia \u00e9 um valor essencial. Ela garante que a sociedade tenha acesso \u00e0s informa\u00e7\u00f5es sobre o que fazemos e como usamos os recursos p\u00fablicos. A UFRB trabalha constantemente para divulgar suas a\u00e7\u00f5es e resultados, mostrando o compromisso com a boa gest\u00e3o e o interesse p\u00fablico. Em atendimento \u00e0 Lei de Acesso \u00e0 Informa\u00e7\u00e3o (LAI), disponibilizamos dados e informa\u00e7\u00f5es institucionais para que qualquer pessoa possa acompanhar e entender as atividades da Universidade.<\/p>\n\n\n\n<div class=\"containerbuttoninterno\">\n<a class=\"button button-interno\" href=\"\/portal\/institucional\">Institucional<\/a>\n<a class=\"button button-interno\" href=\"\/portal\/acoes-e-programas\">A\u00e7\u00f5es e Programas<\/a>\n<a class=\"button button-interno\" href=\"\/portal\/participacao-social\">Participa\u00e7\u00e3o Social<\/a>\n<a class=\"button button-interno\" href=\"\/portal\/auditorias\">Auditorias<\/a>\n<a class=\"button button-interno\" href=\"\/portal\/corregedoria\">Corregedoria<\/a>\n<a class=\"button button-interno\" href=\"https:\/\/www.ufrb.edu.br\/coopc\/repasses-e-transferencias\">Conv\u00eanios e Transfer\u00eancias<\/a>\n<a class=\"button button-interno\" href=\"\/portal\/receitas-e-despesas\">Receitas e Despesas<\/a>\n<a class=\"button button-interno\" href=\"\/portal\/licitacoes-e-contratos\">Licita\u00e7\u00f5es e Contratos<\/a>\n<a class=\"button button-interno\" href=\"\/portal\/servidores\">Servidores<\/a>\n<a class=\"button button-interno\" href=\"\/portal\/informacoes-classificadas\">Informa\u00e7\u00f5es Classificadas<\/a>\n<a class=\"button button-interno\" href=\"\/portal\/servico-de-informacao-ao-cidadao-sic\/\">Servi\u00e7o de Informa\u00e7\u00e3o ao Cidad\u00e3o (SIC)<\/a>\n<a class=\"button button-interno\" href=\"\/portal\/perguntas-frequentes\">Perguntas Frequentes<\/a>\n<a class=\"button button-interno\" href=\"\/portal\/dados-abertos-2\">Dados Abertos<\/a>\n<a class=\"button button-interno\" href=\"\/portal\/outras-informacoes\">Outras Informa\u00e7\u00f5es<\/a>\n<a class=\"button button-interno\" href=\"https:\/\/www.gov.br\/pt-br\/search?SearchableText=ufrb\">Carta de Servi\u00e7os<\/a>\n<a class=\"button button-interno\" href=\"https:\/\/sistemas.ufrb.edu.br\/public\/visualizaBoletins.do?aba=p-boletins&#038;publico=true\">Boletins de Servi\u00e7os<\/a>\n<\/div>\n","protected":false},"excerpt":{"rendered":"<p>Na Universidade Federal do Rec\u00f4ncavo da Bahia (UFRB), a transpar\u00eancia \u00e9 um valor essencial. Ela garante que a sociedade tenha acesso \u00e0s informa\u00e7\u00f5es sobre o que fazemos e como usamos os recursos p\u00fablicos. A UFRB trabalha constantemente para divulgar suas a\u00e7\u00f5es e resultados, mostrando o compromisso com a boa gest\u00e3o e o interesse p\u00fablico. Em [&hellip;]<\/p>\n","protected":false},"author":1,"featured_media":0,"parent":0,"menu_order":24,"comment_status":"closed","ping_status":"closed","template":"","meta":{"_acf_changed":false,"footnotes":""},"class_list":["post-29739","page","type-page","status-publish","hentry"],"acf":[],"_links":{"self":[{"href":"https:\/\/ufrb.edu.br\/portal\/wp-json\/wp\/v2\/pages\/29739","targetHints":{"allow":["GET"]}}],"collection":[{"href":"https:\/\/ufrb.edu.br\/portal\/wp-json\/wp\/v2\/pages"}],"about":[{"href":"https:\/\/ufrb.edu.br\/portal\/wp-json\/wp\/v2\/types\/page"}],"author":[{"embeddable":true,"href":"https:\/\/ufrb.edu.br\/portal\/wp-json\/wp\/v2\/users\/1"}],"replies":[{"embeddable":true,"href":"https:\/\/ufrb.edu.br\/portal\/wp-json\/wp\/v2\/comments?post=29739"}],"version-history":[{"count":11,"href":"https:\/\/ufrb.edu.br\/portal\/wp-json\/wp\/v2\/pages\/29739\/revisions"}],"predecessor-version":[{"id":44911,"href":"https:\/\/ufrb.edu.br\/portal\/wp-json\/wp\/v2\/pages\/29739\/revisions\/44911"}],"wp:attachment":[{"href":"https:\/\/ufrb.edu.br\/portal\/wp-json\/wp\/v2\/media?parent=29739"}],"curies":[{"name":"wp","href":"https:\/\/api.w.org\/{rel}","templated":true}]}}