{"id":29740,"date":"2021-01-27T12:45:25","date_gmt":"2021-01-27T12:45:25","guid":{"rendered":"https:\/\/ufrb.edu.br\/2021\/01\/27\/transparencia-e-prestacao-de-contas\/"},"modified":"2025-11-24T14:24:05","modified_gmt":"2025-11-24T17:24:05","slug":"transparencia-e-prestacao-de-contas","status":"publish","type":"page","link":"https:\/\/ufrb.edu.br\/portal\/transparencia-e-prestacao-de-contas\/","title":{"rendered":"Transpar\u00eancia e Presta\u00e7\u00e3o de Contas"},"content":{"rendered":"\n<div class=\"containerbuttoninterno\">                 \n<a class=\"button button-interno\" href=\"https:\/\/ufrb.edu.br\/portal\/objetivos-metas-e-resultados\/\">Objetivos, Metas e Resultados<\/a>\n<a class=\"button button-interno\" href=\"https:\/\/ufrb.edu.br\/portal\/valor-publico\/\">Valor P\u00fablico<\/a>\n<a class=\"button button-interno\" href=\"https:\/\/ufrb.edu.br\/portal\/principais-acoes-de-supervisao-controle-e-correicao\/\">Principais A\u00e7\u00f5es de Supervis\u00e3o, Controle e Correi\u00e7\u00e3o<\/a>\n<a class=\"button button-interno\" href=\"https:\/\/ufrb.edu.br\/portal\/estrutura-organizacional-2\/\">Estrutura Organizacional<\/a>\n<a class=\"button button-interno\" href=\"https:\/\/ufrb.edu.br\/portal\/programas-projetos-e-acoes\/\">Programas, Projetos e A\u00e7\u00f5es<\/a>\n<a class=\"button button-interno\" href=\"https:\/\/ufrb.edu.br\/portal\/repasses-e-transferencias-de-recursos\/\">Repasses e Transfer\u00eancias de Recursos<\/a>\n<a class=\"button button-interno\" href=\"https:\/\/ufrb.edu.br\/portal\/execucao-orcamentaria-e-financeira-detalhada\/\">Execu\u00e7\u00e3o Or\u00e7ament\u00e1ria e Financeira Detalhada<\/a>\n<a class=\"button button-interno\" href=\"https:\/\/ufrb.edu.br\/portal\/licitacoes-realizadas-e-em-andamento\/\">Licita\u00e7\u00f5es Realizadas e em Andamento<\/a>\n<a class=\"button button-interno\" href=\"https:\/\/ufrb.edu.br\/portal\/remuneracao-e-subsidio\/\">Remunera\u00e7\u00e3o e Subs\u00eddio<\/a>\n<a class=\"button button-interno\" href=\"https:\/\/ufrb.edu.br\/portal\/contato-da-autoridade-de-monitoramento\/\">Contato da Autoridade de Monitoramento<\/a>\n<a class=\"button button-interno\" href=\"https:\/\/ufrb.edu.br\/portal\/ufrb-em-numeros\/\">UFRB em N\u00fameros<\/a>\n<a class=\"button button-interno\" href=\"https:\/\/ufrb.edu.br\/portal\/indicadores-do-tcu\/\">Indicadores do TCU<\/a>\n<a class=\"button button-interno\" href=\"https:\/\/ufrb.edu.br\/portal\/demonstracoes-contabeis\/\">Demonstra\u00e7\u00f5es Cont\u00e1beis<\/a>\n<a class=\"button button-interno\" href=\"https:\/\/ufrb.edu.br\/portal\/relatorio-de-gestao\/\">Relat\u00f3rio de Gest\u00e3o<\/a>\n<a class=\"button button-interno\" href=\"https:\/\/ufrb.edu.br\/portal\/rol-de-responsaveis\/\">Rol de Respons\u00e1veis<\/a>\n<a class=\"button button-interno\" href=\"https:\/\/ufrb.edu.br\/portal\/2022\/05\/30\/relatorio-anual-da-autoridade-de-monitoramento-da-lei-de-acesso-a-informacao\/\">Relat\u00f3rio Anual da Autoridade de Monitoramento da Lei de Acesso<\/a>\n<\/div>\n","protected":false},"excerpt":{"rendered":"<p>Objetivos, Metas e Resultados Valor P\u00fablico Principais A\u00e7\u00f5es de Supervis\u00e3o, Controle e Correi\u00e7\u00e3o Estrutura Organizacional Programas, Projetos e A\u00e7\u00f5es Repasses e Transfer\u00eancias de Recursos Execu\u00e7\u00e3o Or\u00e7ament\u00e1ria e Financeira Detalhada Licita\u00e7\u00f5es Realizadas e em Andamento Remunera\u00e7\u00e3o e Subs\u00eddio Contato da Autoridade de Monitoramento UFRB em N\u00fameros Indicadores do TCU Demonstra\u00e7\u00f5es Cont\u00e1beis Relat\u00f3rio de Gest\u00e3o Rol de [&hellip;]<\/p>\n","protected":false},"author":1,"featured_media":0,"parent":0,"menu_order":23,"comment_status":"closed","ping_status":"closed","template":"","meta":{"_acf_changed":false,"footnotes":""},"class_list":["post-29740","page","type-page","status-publish","hentry"],"acf":[],"_links":{"self":[{"href":"https:\/\/ufrb.edu.br\/portal\/wp-json\/wp\/v2\/pages\/29740","targetHints":{"allow":["GET"]}}],"collection":[{"href":"https:\/\/ufrb.edu.br\/portal\/wp-json\/wp\/v2\/pages"}],"about":[{"href":"https:\/\/ufrb.edu.br\/portal\/wp-json\/wp\/v2\/types\/page"}],"author":[{"embeddable":true,"href":"https:\/\/ufrb.edu.br\/portal\/wp-json\/wp\/v2\/users\/1"}],"replies":[{"embeddable":true,"href":"https:\/\/ufrb.edu.br\/portal\/wp-json\/wp\/v2\/comments?post=29740"}],"version-history":[{"count":2,"href":"https:\/\/ufrb.edu.br\/portal\/wp-json\/wp\/v2\/pages\/29740\/revisions"}],"predecessor-version":[{"id":44683,"href":"https:\/\/ufrb.edu.br\/portal\/wp-json\/wp\/v2\/pages\/29740\/revisions\/44683"}],"wp:attachment":[{"href":"https:\/\/ufrb.edu.br\/portal\/wp-json\/wp\/v2\/media?parent=29740"}],"curies":[{"name":"wp","href":"https:\/\/api.w.org\/{rel}","templated":true}]}}