{"id":29816,"date":"2021-02-22T17:04:03","date_gmt":"2021-02-22T17:04:03","guid":{"rendered":"https:\/\/ufrb.edu.br\/2021\/02\/22\/producao-cientifica\/"},"modified":"2021-02-22T17:04:03","modified_gmt":"2021-02-22T17:04:03","slug":"producao-cientifica","status":"publish","type":"page","link":"https:\/\/ufrb.edu.br\/portal\/producao-cientifica\/","title":{"rendered":"Produ\u00e7\u00e3o Cient\u00edfica"},"content":{"rendered":"\n<p>A UFRB visa a divulga\u00e7\u00e3o da produ\u00e7\u00e3o cient\u00edfica de forma a contribuir com o desenvolvimento da sociedade. Por isso, re\u00fane em seus portais toda a produ\u00e7\u00e3o cient\u00edfica digital criada na Institui\u00e7\u00e3o.<\/p>\n\n\n\n<div class=\"containerbuttoninterno\"><a href=\"https:\/\/periodicos.ufrb.edu.br\/\" class=\"button button-interno\">Peri\u00f3dicos Cient\u00edficos<\/a> <a href=\"https:\/\/ri.ufrb.edu.br\/\" class=\"button button-interno\">Reposit\u00f3rio Institucional<\/a><\/div>\n\n\n\n<p><\/p>\n","protected":false},"excerpt":{"rendered":"<p>A UFRB visa a divulga\u00e7\u00e3o da produ\u00e7\u00e3o cient\u00edfica de forma a contribuir com o desenvolvimento da sociedade. Por isso, re\u00fane em seus portais toda a produ\u00e7\u00e3o cient\u00edfica digital criada na Institui\u00e7\u00e3o. Peri\u00f3dicos Cient\u00edficos Reposit\u00f3rio Institucional<\/p>\n","protected":false},"author":1,"featured_media":29815,"parent":0,"menu_order":19,"comment_status":"closed","ping_status":"closed","template":"","meta":{"_acf_changed":false,"footnotes":""},"class_list":["post-29816","page","type-page","status-publish","has-post-thumbnail","hentry"],"acf":[],"_links":{"self":[{"href":"https:\/\/ufrb.edu.br\/portal\/wp-json\/wp\/v2\/pages\/29816","targetHints":{"allow":["GET"]}}],"collection":[{"href":"https:\/\/ufrb.edu.br\/portal\/wp-json\/wp\/v2\/pages"}],"about":[{"href":"https:\/\/ufrb.edu.br\/portal\/wp-json\/wp\/v2\/types\/page"}],"author":[{"embeddable":true,"href":"https:\/\/ufrb.edu.br\/portal\/wp-json\/wp\/v2\/users\/1"}],"replies":[{"embeddable":true,"href":"https:\/\/ufrb.edu.br\/portal\/wp-json\/wp\/v2\/comments?post=29816"}],"version-history":[{"count":0,"href":"https:\/\/ufrb.edu.br\/portal\/wp-json\/wp\/v2\/pages\/29816\/revisions"}],"wp:featuredmedia":[{"embeddable":true,"href":"https:\/\/ufrb.edu.br\/portal\/wp-json\/wp\/v2\/media\/29815"}],"wp:attachment":[{"href":"https:\/\/ufrb.edu.br\/portal\/wp-json\/wp\/v2\/media?parent=29816"}],"curies":[{"name":"wp","href":"https:\/\/api.w.org\/{rel}","templated":true}]}}