{"id":30263,"date":"2021-09-08T14:25:34","date_gmt":"2021-09-08T14:25:34","guid":{"rendered":"https:\/\/ufrb.edu.br\/2021\/09\/08\/campus-inteligente\/"},"modified":"2021-09-08T14:25:34","modified_gmt":"2021-09-08T14:25:34","slug":"campus-inteligente","status":"publish","type":"page","link":"https:\/\/ufrb.edu.br\/portal\/campus-inteligente\/","title":{"rendered":"Campus Inteligente"},"content":{"rendered":"<p>O Campus Inteligente tem como objetivo utilizar o conceito de&nbsp;Internet das Coisas na UFRB&nbsp;de modo a obter informa\u00e7\u00f5es para uma intelig\u00eancia de controle mais eficiente e tomada de a\u00e7\u00f5es mais assertivas, tornando o dia a dia no campus mais produtivo. Objetos inteligentes fornecem informa\u00e7\u00f5es \u00fateis do campus que poder\u00e3o ser utilizadas em diferentes oportunidades. Tais informa\u00e7\u00f5es auxiliar\u00e3o o processo de tomada de decis\u00e3o que trar\u00e1 aumento de efici\u00eancia nos servi\u00e7os prestados. Al\u00e9m disso, o uso destas informa\u00e7\u00f5es auxiliar\u00e3o o desenvolvimento de projetos em prol da comunidade universit\u00e1ria.<\/p>\n<h4>Eixos Estrat\u00e9gicos<\/h4>\n<ul>\n<li>Acessibilidade<\/li>\n<li>Qualidade de vida<\/li>\n<li>Seguran\u00e7a e mobilidade<\/li>\n<li>Comunica\u00e7\u00e3o<\/li>\n<li>Energia<\/li>\n<li>\u00c1gua e esgoto<\/li>\n<li>Cultura, esporte e lazer<\/li>\n<li>Compras e contrata\u00e7\u00f5es sustent\u00e1veis<\/li>\n<li>Res\u00edduos s\u00f3lidos<\/li>\n<\/ul>\n<h4>Comit\u00ea Gestor Campus Inteligente (CGPCI)<\/h4>\n<p><strong>Objetivos<\/strong><\/p>\n<ul>\n<li>Elaborar o plano integrado de a\u00e7\u00f5es para implanta\u00e7\u00e3o dos Campi Inteligentes;<\/li>\n<li>Incentivar o desenvolvimento de atividades de ensino, pesquisa, extens\u00e3o, inova\u00e7\u00e3o e desenvolvimento institucional com os eixos estrat\u00e9gicos do Campus Inteligente; e<\/li>\n<li>Fomentar a colabora\u00e7\u00e3o entre pesquisadores e grupos de pesquisas internos e externos, com ader\u00eancia \u00e0 tem\u00e1tica de solu\u00e7\u00f5es para problemas e quest\u00f5es dos campi da<br \/>UFRB.<\/li>\n<\/ul>\n<p><strong>Membros<\/strong><\/p>\n<ul>\n<li>Vice-Reitor &#8211; Jos\u00e9 Pereira Mascarenhas Bisneto<\/li>\n<li>Coordenador de Tecnologia da Informa\u00e7\u00e3o (COTEC\/PROPLAN)) &#8211;&nbsp;Anderson Lago Gomes<\/li>\n<li>Coordenador de Infraestrutura e Meio Ambiente (CIMAM\/PROPLAN) &#8211;&nbsp;Joel Souza dos Santos<\/li>\n<li>Coordenador de Cria\u00e7\u00e3o e Inova\u00e7\u00e3o (CINOVA\/PPGCI) &#8211; Edilson Araujo P\u00ecres<\/li>\n<li>Coordenador de Pesquisa (CPESQ\/PPGCI)) &#8211;&nbsp;Soraia Barreto Aguiar Fonteles<\/li>\n<li>Coordenador da Assessoria de Comunica\u00e7\u00e3o (ASCOM) &#8211; C\u00e9sar Velame de Carvalho<\/li>\n<li>Representante acad\u00eamico indicado pelo F\u00f3rum de Diretores &#8211; Elvis Lima Vieira (CCAAB)<\/li>\n<li>Representante indicado pelo F\u00f3rum de Gerentes T\u00e9cnico-Administrativos &#8211;&nbsp;Paulo Muricy&nbsp;Reis (CECULT)<\/li>\n<li>Especialistas Convidados &#8211;&nbsp;Jo\u00e3o Soares de Oliveira Neto (CETEC) e Jos\u00e9 Valentim dos Santos Filho (CETEC)<\/li>\n<\/ul>\n<h4>Publica\u00e7\u00f5es<\/h4>\n<p><a href=\"http:\/\/ufrb.edu.br\/wp-content\/uploads\/2021\/09\/Portaria-512_2021_CampusInteligente-7bd.pdf\">Portaria N\u00ba 512\/2021 &#8211;&nbsp;Comit\u00ea Gestor Campus Inteligente (CGPCI)<\/a><\/p>\n<p><a href=\"http:\/\/ufrb.edu.br\/wp-content\/uploads\/2021\/09\/Portaria_899_2020-533.pdf\">Portaria N\u00ba 911\/2020 &#8211; Retifica\u00e7\u00e3o&nbsp;Comiss\u00e3o&nbsp;Campus Inteligente da Universidade Federal do Rec\u00f4ncavo da Bahia<\/a><\/p>\n<p><a href=\"http:\/\/ufrb.edu.br\/wp-content\/uploads\/2021\/09\/Portaria_911_2020-618.pdf\">Portaria N\u00ba 899\/2020 &#8211;&nbsp;Comiss\u00e3o&nbsp;Campus Inteligente da Universidade Federal do Rec\u00f4ncavo da Bahia<\/a><\/p>\n","protected":false},"excerpt":{"rendered":"<p>O Campus Inteligente tem como objetivo utilizar o conceito de&nbsp;Internet das Coisas na UFRB&nbsp;de modo a obter informa\u00e7\u00f5es para uma intelig\u00eancia de controle mais eficiente e tomada de a\u00e7\u00f5es mais assertivas, tornando o dia a dia no campus mais produtivo. Objetos inteligentes fornecem informa\u00e7\u00f5es \u00fateis do campus que poder\u00e3o ser utilizadas em diferentes oportunidades. Tais [&hellip;]<\/p>\n","protected":false},"author":1,"featured_media":0,"parent":0,"menu_order":17,"comment_status":"closed","ping_status":"closed","template":"","meta":{"_acf_changed":false,"footnotes":""},"class_list":["post-30263","page","type-page","status-publish","hentry"],"acf":[],"_links":{"self":[{"href":"https:\/\/ufrb.edu.br\/portal\/wp-json\/wp\/v2\/pages\/30263","targetHints":{"allow":["GET"]}}],"collection":[{"href":"https:\/\/ufrb.edu.br\/portal\/wp-json\/wp\/v2\/pages"}],"about":[{"href":"https:\/\/ufrb.edu.br\/portal\/wp-json\/wp\/v2\/types\/page"}],"author":[{"embeddable":true,"href":"https:\/\/ufrb.edu.br\/portal\/wp-json\/wp\/v2\/users\/1"}],"replies":[{"embeddable":true,"href":"https:\/\/ufrb.edu.br\/portal\/wp-json\/wp\/v2\/comments?post=30263"}],"version-history":[{"count":0,"href":"https:\/\/ufrb.edu.br\/portal\/wp-json\/wp\/v2\/pages\/30263\/revisions"}],"wp:attachment":[{"href":"https:\/\/ufrb.edu.br\/portal\/wp-json\/wp\/v2\/media?parent=30263"}],"curies":[{"name":"wp","href":"https:\/\/api.w.org\/{rel}","templated":true}]}}