{"id":30847,"date":"2022-05-10T16:45:05","date_gmt":"2022-05-10T16:45:05","guid":{"rendered":"https:\/\/ufrb.edu.br\/2022\/05\/10\/museus\/"},"modified":"2025-11-18T11:45:26","modified_gmt":"2025-11-18T14:45:26","slug":"museus","status":"publish","type":"page","link":"https:\/\/ufrb.edu.br\/portal\/museus\/","title":{"rendered":"Museus"},"content":{"rendered":"\n<h3 class=\"wp-block-heading\">Herb\u00e1rio do Rec\u00f4ncavo da Bahia (HURB)<\/h3>\n\n\n\n<figure class=\"wp-block-image size-large\"><img loading=\"lazy\" decoding=\"async\" width=\"1024\" height=\"538\" src=\"https:\/\/ufrb.edu.br\/portal\/wp-content\/uploads\/sites\/5\/2025\/11\/herbario-1024x538.png\" alt=\"\" class=\"wp-image-44566\" srcset=\"https:\/\/ufrb.edu.br\/portal\/wp-content\/uploads\/sites\/5\/2025\/11\/herbario-1024x538.png 1024w, https:\/\/ufrb.edu.br\/portal\/wp-content\/uploads\/sites\/5\/2025\/11\/herbario-300x158.png 300w, https:\/\/ufrb.edu.br\/portal\/wp-content\/uploads\/sites\/5\/2025\/11\/herbario-768x403.png 768w, https:\/\/ufrb.edu.br\/portal\/wp-content\/uploads\/sites\/5\/2025\/11\/herbario.png 1200w\" sizes=\"auto, (max-width: 1024px) 100vw, 1024px\" \/><\/figure>\n\n\n\n<p>O herb\u00e1rio HURB foi criado em 2007 e possui mais de 12.000 registros. A cole\u00e7\u00e3o \u00e9 formada, principalmente, por material proveniente de coletas do Rec\u00f4ncavo da Bahia e estudo flor\u00edstico de Unidades de Conserva\u00e7\u00e3o no estado da Bahia, como o Parque Nacional de Boa Nova e a esta\u00e7\u00e3o Ecol\u00f3gica de Wenceslau Guimar\u00e3es.<\/p>\n\n\n\n<p><strong>Local:<\/strong> Campus Cruz das Almas<\/p>\n\n\n\n<p><strong>Mais informa\u00e7\u00f5es:<\/strong>&nbsp;<a href=\"https:\/\/ufrb.edu.br\/herbario\">ufrb.edu.br\/herbario<\/a> e <a href=\"https:\/\/www.instagram.com\/herbariohurb\/\">instagram.com\/herbariohurb<\/a><\/p>\n\n\n\n<p><strong>Agendamento de visitas:<\/strong> herbario@ccaab.ufrb.edu.br<\/p>\n\n\n\n<p><strong>Assista:<\/strong> <a href=\"https:\/\/www.instagram.com\/reel\/Ce1em55pgrH\/\">instagram.com\/reel\/Ce1em55pgrH<\/a><\/p>\n\n\n\n<h3 class=\"wp-block-heading\">Museu de Apicultura da Bahia &#8211; UFRB<\/h3>\n\n\n\n<figure class=\"wp-block-image size-large\"><img loading=\"lazy\" decoding=\"async\" width=\"1024\" height=\"538\" src=\"https:\/\/ufrb.edu.br\/portal\/wp-content\/uploads\/sites\/5\/2025\/11\/apicultura-1024x538.png\" alt=\"\" class=\"wp-image-44567\" srcset=\"https:\/\/ufrb.edu.br\/portal\/wp-content\/uploads\/sites\/5\/2025\/11\/apicultura-1024x538.png 1024w, https:\/\/ufrb.edu.br\/portal\/wp-content\/uploads\/sites\/5\/2025\/11\/apicultura-300x158.png 300w, https:\/\/ufrb.edu.br\/portal\/wp-content\/uploads\/sites\/5\/2025\/11\/apicultura-768x403.png 768w, https:\/\/ufrb.edu.br\/portal\/wp-content\/uploads\/sites\/5\/2025\/11\/apicultura.png 1200w\" sizes=\"auto, (max-width: 1024px) 100vw, 1024px\" \/><\/figure>\n\n\n\n<p>O Museu de Apicultura da Bahia (MAB) \u00e9 um museu pioneiro na Bahia, criado pela\u00a0UFRB no campus de Cruz das Almas para resgatar, preservar e divulgar a hist\u00f3ria da apicultura no estado. Ele re\u00fane acervos diversificados e serve como apoio t\u00e9cnico e educacional para o p\u00fablico interessado em abelhas.<\/p>\n\n\n\n<p><strong>Local:<\/strong> Campus Cruz das Almas<\/p>\n\n\n\n<p><strong>Agendamento de visitas:<\/strong> <a href=\"https:\/\/www.ufrb.edu.br\/proexc\/projeto-caminhos\">ufrb.edu.br\/proexc\/projeto-caminhos<\/a><\/p>\n\n\n\n<p><strong>Assista:<\/strong> <a href=\"https:\/\/www.instagram.com\/reel\/Cxqrix-pINU\/\">instagram.com\/reel\/Cxqrix-pINU<\/a><\/p>\n\n\n\n<h3 class=\"wp-block-heading\">Museu de Zoologia e Paleontologia da UFRB (MURB)<\/h3>\n\n\n\n<figure class=\"wp-block-image size-large\"><img loading=\"lazy\" decoding=\"async\" width=\"1024\" height=\"538\" src=\"https:\/\/ufrb.edu.br\/portal\/wp-content\/uploads\/sites\/5\/2025\/11\/murb-1024x538.png\" alt=\"\" class=\"wp-image-44563\" srcset=\"https:\/\/ufrb.edu.br\/portal\/wp-content\/uploads\/sites\/5\/2025\/11\/murb-1024x538.png 1024w, https:\/\/ufrb.edu.br\/portal\/wp-content\/uploads\/sites\/5\/2025\/11\/murb-300x158.png 300w, https:\/\/ufrb.edu.br\/portal\/wp-content\/uploads\/sites\/5\/2025\/11\/murb-768x403.png 768w, https:\/\/ufrb.edu.br\/portal\/wp-content\/uploads\/sites\/5\/2025\/11\/murb.png 1200w\" sizes=\"auto, (max-width: 1024px) 100vw, 1024px\" \/><\/figure>\n\n\n\n<p>O Museu de Zoologia e Paleontologia da UFRB (MURB) \u00e9 um espa\u00e7o que guarda f\u00f3sseis, animais taxidermizados e muita ci\u00eancia para despertar a curiosidade de todas as idades.<\/p>\n\n\n\n<p><strong>Local:<\/strong> Campus Cruz das Almas<\/p>\n\n\n\n<p><strong>Mais informa\u00e7\u00f5es:<\/strong> <a href=\"https:\/\/www.instagram.com\/murb.ufrb\/\">instagram.com\/murb.ufrb<\/a><\/p>\n\n\n\n<h3 class=\"wp-block-heading\">Museu de Ci\u00eancias da Terra da UFRB (MCT)<\/h3>\n\n\n\n<figure class=\"wp-block-image size-large\"><img loading=\"lazy\" decoding=\"async\" width=\"1024\" height=\"538\" src=\"https:\/\/ufrb.edu.br\/portal\/wp-content\/uploads\/sites\/5\/2025\/11\/museuterra-1024x538.png\" alt=\"\" class=\"wp-image-44564\" srcset=\"https:\/\/ufrb.edu.br\/portal\/wp-content\/uploads\/sites\/5\/2025\/11\/museuterra-1024x538.png 1024w, https:\/\/ufrb.edu.br\/portal\/wp-content\/uploads\/sites\/5\/2025\/11\/museuterra-300x158.png 300w, https:\/\/ufrb.edu.br\/portal\/wp-content\/uploads\/sites\/5\/2025\/11\/museuterra-768x403.png 768w, https:\/\/ufrb.edu.br\/portal\/wp-content\/uploads\/sites\/5\/2025\/11\/museuterra.png 1200w\" sizes=\"auto, (max-width: 1024px) 100vw, 1024px\" \/><\/figure>\n\n\n\n<p>O\u00a0Museu de Ci\u00eancias da Terra da UFRB\u00a0tem exposi\u00e7\u00f5es permanentes de rochas e solos da Bahia, maquetes de minerais, maquete da Chapada Diamantina.<\/p>\n\n\n\n<p><strong>Local:<\/strong> Campus Cruz das Almas<\/p>\n\n\n\n<p><strong>Mais informa\u00e7\u00f5es:<\/strong>\u00a0<a href=\"https:\/\/www.mctufrb.com\/\">mctufrb.com<\/a><\/p>\n\n\n\n<p><strong>Agendamento de visitas:<\/strong> mct.ufrb@gmail.com<\/p>\n\n\n\n<p><strong>Assista:<\/strong> <a href=\"https:\/\/www.youtube.com\/watch?v=ZN6hum_kdR4\">youtube.com\/watch?v=ZN6hum_kdR4<\/a><\/p>\n\n\n\n<p><strong>Agendamento de visitas:<\/strong> murb@ufrb.edu.br<\/p>\n\n\n\n<p><strong>Assista:<\/strong> <a href=\"https:\/\/www.instagram.com\/reel\/DPTlrFUjXzt\/\">instagram.com\/reel\/DPTlrFUjXzt<\/a><\/p>\n\n\n\n<h3 class=\"wp-block-heading\">Memorial do Ensino Agr\u00edcola Superior da Bahia (MEASB)<\/h3>\n\n\n\n<figure class=\"wp-block-image size-large\"><img loading=\"lazy\" decoding=\"async\" width=\"1024\" height=\"538\" src=\"https:\/\/ufrb.edu.br\/portal\/wp-content\/uploads\/sites\/5\/2025\/11\/measb_abertura-1024x538.png\" alt=\"\" class=\"wp-image-44565\" srcset=\"https:\/\/ufrb.edu.br\/portal\/wp-content\/uploads\/sites\/5\/2025\/11\/measb_abertura-1024x538.png 1024w, https:\/\/ufrb.edu.br\/portal\/wp-content\/uploads\/sites\/5\/2025\/11\/measb_abertura-300x158.png 300w, https:\/\/ufrb.edu.br\/portal\/wp-content\/uploads\/sites\/5\/2025\/11\/measb_abertura-768x403.png 768w, https:\/\/ufrb.edu.br\/portal\/wp-content\/uploads\/sites\/5\/2025\/11\/measb_abertura.png 1200w\" sizes=\"auto, (max-width: 1024px) 100vw, 1024px\" \/><\/figure>\n\n\n\n<p>O MEASB, sediado no campus Cruz das Almas, possui um acervo rico e diversificado com pe\u00e7as datadas do s\u00e9culo XVIII ao XX. A sua cria\u00e7\u00e3o, em 2004, cumpre a justa fun\u00e7\u00e3o de reconhecer a import\u00e2ncia hist\u00f3rica, cultural e acad\u00eamica da cole\u00e7\u00e3o centen\u00e1ria sob guarda da Universidade.<\/p>\n\n\n\n<p><strong>Local:<\/strong> Campus Cruz das Almas<\/p>\n\n\n\n<p><strong>Mais informa\u00e7\u00f5es:<\/strong>\u00a0<a href=\"https:\/\/www.ufrb.edu.br\/memorial\">ufrb.edu.br\/memorial<\/a><\/p>\n\n\n\n<p><strong>Agendamento de visitas:<\/strong> measb@proext.ufrb.edu.br<\/p>\n\n\n\n<p><strong>Assista o Rol\u00ea UFRB:<\/strong> <a href=\"https:\/\/www.instagram.com\/reel\/DLphuA1RPxU\/\">instagram.com\/reel\/DLphuA1RPxU<\/a><\/p>\n\n\n\n<p><\/p>\n","protected":false},"excerpt":{"rendered":"<p>Herb\u00e1rio do Rec\u00f4ncavo da Bahia (HURB) O herb\u00e1rio HURB foi criado em 2007 e possui mais de 12.000 registros. A cole\u00e7\u00e3o \u00e9 formada, principalmente, por material proveniente de coletas do Rec\u00f4ncavo da Bahia e estudo flor\u00edstico de Unidades de Conserva\u00e7\u00e3o no estado da Bahia, como o Parque Nacional de Boa Nova e a esta\u00e7\u00e3o Ecol\u00f3gica [&hellip;]<\/p>\n","protected":false},"author":1,"featured_media":0,"parent":0,"menu_order":11,"comment_status":"closed","ping_status":"closed","template":"","meta":{"_acf_changed":false,"footnotes":""},"class_list":["post-30847","page","type-page","status-publish","hentry"],"acf":[],"_links":{"self":[{"href":"https:\/\/ufrb.edu.br\/portal\/wp-json\/wp\/v2\/pages\/30847","targetHints":{"allow":["GET"]}}],"collection":[{"href":"https:\/\/ufrb.edu.br\/portal\/wp-json\/wp\/v2\/pages"}],"about":[{"href":"https:\/\/ufrb.edu.br\/portal\/wp-json\/wp\/v2\/types\/page"}],"author":[{"embeddable":true,"href":"https:\/\/ufrb.edu.br\/portal\/wp-json\/wp\/v2\/users\/1"}],"replies":[{"embeddable":true,"href":"https:\/\/ufrb.edu.br\/portal\/wp-json\/wp\/v2\/comments?post=30847"}],"version-history":[{"count":4,"href":"https:\/\/ufrb.edu.br\/portal\/wp-json\/wp\/v2\/pages\/30847\/revisions"}],"predecessor-version":[{"id":44570,"href":"https:\/\/ufrb.edu.br\/portal\/wp-json\/wp\/v2\/pages\/30847\/revisions\/44570"}],"wp:attachment":[{"href":"https:\/\/ufrb.edu.br\/portal\/wp-json\/wp\/v2\/media?parent=30847"}],"curies":[{"name":"wp","href":"https:\/\/api.w.org\/{rel}","templated":true}]}}