{"id":30892,"date":"2022-05-30T12:00:35","date_gmt":"2022-05-30T12:00:35","guid":{"rendered":"https:\/\/ufrb.edu.br\/2022\/05\/30\/relatorio-anual-da-autoridade-de-monitoramento-da-lei-de-acesso-a-informacao\/"},"modified":"2022-05-30T12:00:35","modified_gmt":"2022-05-30T12:00:35","slug":"relatorio-anual-da-autoridade-de-monitoramento-da-lei-de-acesso-a-informacao","status":"publish","type":"page","link":"https:\/\/ufrb.edu.br\/portal\/relatorio-anual-da-autoridade-de-monitoramento-da-lei-de-acesso-a-informacao\/","title":{"rendered":"Relat\u00f3rio Anual da Autoridade de Monitoramento da Lei de Acesso \u00e0 Informa\u00e7\u00e3o"},"content":{"rendered":"<p>O Relat\u00f3rio Anual da Autoridade de Monitoramento da Lei de Acesso \u00e0 Informa\u00e7\u00e3o &#8211; LAI \u00e9 um documento elaborado pela Autoridade de Monitoramento da LAI, em cumprimento ao disposto no inciso II do art. 67 do Decreto n\u00ba 7.724, de 16 de Maio de 2012, com vistas a apresentar informa\u00e7\u00f5es e recomenda\u00e7\u00f5es que visem garantir o adequado cumprimento dos normativos de transpar\u00eancia passiva e ativa, especialmente o referido Decreto e a Lei n\u00b0 12.527\/2011, no \u00e2mbito da Universidade Federal do Rec\u00f4ncavo da Bahia, em observ\u00e2ncia ao inciso XXXIII do art. 5\u00ba, no inciso II do \u00a7 3\u00ba do art. 37 e no \u00a7 2\u00ba do art. 216 da Constitui\u00e7\u00e3o Federal, que assegura a todos o direito de receber dos \u00f3rg\u00e3os p\u00fablicos informa\u00e7\u00f5es de interesse particular ou coletivo.<\/p>\n<p><a href=\"http:\/\/ufrb.edu.br\/wp-content\/uploads\/2022\/05\/Relatrio_Anual_da_Autoridade_de_Monitoramento_2021-b5a.pdf\">Relat\u00f3rio Anual da Autoridade de Monitoramento da Lei de Acesso \u00e0 Informa\u00e7\u00e3o &#8211; Exerc\u00edcio 2021<\/a>&nbsp;<\/p>\n<p><a href=\"http:\/\/ufrb.edu.br\/wp-content\/uploads\/2022\/05\/Relatorio_Anual_da_Autoridade_de_Monitoramento_da_LAI-Exercicio_2022-337.pdf\">Relat\u00f3rio Anual da Autoridade de Monitoramento da Lei de Acesso \u00e0 Informa\u00e7\u00e3o&nbsp;&#8211; Exerc\u00edcio 2022<\/a><\/p>\n","protected":false},"excerpt":{"rendered":"<p>O Relat\u00f3rio Anual da Autoridade de Monitoramento da Lei de Acesso \u00e0 Informa\u00e7\u00e3o &#8211; LAI \u00e9 um documento elaborado pela Autoridade de Monitoramento da LAI, em cumprimento ao disposto no inciso II do art. 67 do Decreto n\u00ba 7.724, de 16 de Maio de 2012, com vistas a apresentar informa\u00e7\u00f5es e recomenda\u00e7\u00f5es que visem garantir [&hellip;]<\/p>\n","protected":false},"author":1,"featured_media":0,"parent":0,"menu_order":8,"comment_status":"closed","ping_status":"closed","template":"","meta":{"_acf_changed":false,"footnotes":""},"class_list":["post-30892","page","type-page","status-publish","hentry"],"acf":[],"_links":{"self":[{"href":"https:\/\/ufrb.edu.br\/portal\/wp-json\/wp\/v2\/pages\/30892","targetHints":{"allow":["GET"]}}],"collection":[{"href":"https:\/\/ufrb.edu.br\/portal\/wp-json\/wp\/v2\/pages"}],"about":[{"href":"https:\/\/ufrb.edu.br\/portal\/wp-json\/wp\/v2\/types\/page"}],"author":[{"embeddable":true,"href":"https:\/\/ufrb.edu.br\/portal\/wp-json\/wp\/v2\/users\/1"}],"replies":[{"embeddable":true,"href":"https:\/\/ufrb.edu.br\/portal\/wp-json\/wp\/v2\/comments?post=30892"}],"version-history":[{"count":0,"href":"https:\/\/ufrb.edu.br\/portal\/wp-json\/wp\/v2\/pages\/30892\/revisions"}],"wp:attachment":[{"href":"https:\/\/ufrb.edu.br\/portal\/wp-json\/wp\/v2\/media?parent=30892"}],"curies":[{"name":"wp","href":"https:\/\/api.w.org\/{rel}","templated":true}]}}