{"id":30998,"date":"2022-07-04T19:15:21","date_gmt":"2022-07-04T19:15:21","guid":{"rendered":"https:\/\/ufrb.edu.br\/2022\/07\/04\/comite-de-governanca-digital-cgd\/"},"modified":"2022-07-04T19:15:21","modified_gmt":"2022-07-04T19:15:21","slug":"comite-de-governanca-digital-cgd","status":"publish","type":"page","link":"https:\/\/ufrb.edu.br\/portal\/comite-de-governanca-digital-cgd\/","title":{"rendered":"Comit\u00ea de Governan\u00e7a Digital &#8211; CGD"},"content":{"rendered":"<p>O Comit\u00ea de Governan\u00e7a Digital \u2013 CGD, \u00e9 \u00f3rg\u00e3o de car\u00e1ter permanente tendo como objetivo determinar as prioridades dos programas de investimentos em Tecnologia da Informa\u00e7\u00e3o e Comunica\u00e7\u00f5es &#8211; TIC, bem como todas as iniciativas correlatas a TIC, visando assegurar a qualidade, efici\u00eancia e efic\u00e1cia das atividades e a\u00e7\u00f5es que d\u00e3o suporte ao cumprimento da miss\u00e3o institucional da UFRB.<\/p>\n<p>As a\u00e7\u00f5es do CGD dever\u00e3o estar em conson\u00e2ncia com ao Plano Desenvolvimento Institucional &#8211; PDI, ao Plano Anual de Contrata\u00e7\u00f5es- PAC e a Estrat\u00e9gia de Governan\u00e7a Digital &#8211; EGD da administra\u00e7\u00e3o p\u00fablica federal.<\/p>\n<p><strong>O Comit\u00ea \u00e9 respons\u00e1vel por avaliar e aprovar os seguintes instrumentos de planejamento:<\/strong><\/p>\n<ul>\n<li><a href=\"https:\/\/ufrb.edu.br\/cotec\/ptd\">Plano de Transforma\u00e7\u00e3o Digital&nbsp;<\/a><\/li>\n<li><a href=\"https:\/\/ufrb.edu.br\/cotec\/pdti\">Plano Diretor de Tecnologia da Informa\u00e7\u00e3o<\/a><\/li>\n<li><a href=\"https:\/\/ufrb.edu.br\/portal\/dados-abertos\">Planos de Dados Abertos&nbsp;&nbsp;<\/a><\/li>\n<li>Pol\u00edtica de Backup Institucional<\/li>\n<\/ul>\n<p><strong>Legisla\u00e7\u00e3o relacionada ao Comit\u00ea de Governan\u00e7a Digital:<\/strong><\/p>\n<ul>\n<li><a href=\"https:\/\/drive.google.com\/file\/d\/18kUsAwE6GZ5FHCHb68Eh9BPnj7yRoeon\/view?usp=sharing\">Portaria de Cria\u00e7\u00e3o<\/a><\/li>\n<li><a href=\"https:\/\/drive.google.com\/file\/d\/1D-Mmh_h_hdt7qrZZ4yTDvTAjfbVE0JWC\/view?usp=sharing\">Nova portaria de Cria\u00e7\u00e3o<\/a><\/li>\n<li><a href=\"https:\/\/drive.google.com\/file\/d\/1CTCIUDy3ercnRjum3ar6TxNbO8yZ2tg5\/view?usp=sharing\">Regimento Interno<\/a><\/li>\n<\/ul>\n<p><strong>Atas do Comit\u00ea de Governan\u00e7a Digital:<\/strong><\/p>\n<p><a href=\"https:\/\/sistemas.ufrb.edu.br\/public\/jsp\/documentos\/info_documento.jsf?idDocumento=980178\">Documento: 23007.00005037\/2022-57<\/a><\/p>\n<p><a href=\"https:\/\/sistemas.ufrb.edu.br\/public\/jsp\/documentos\/info_documento.jsf?idDocumento=980186\">Documento: 23007.00005039\/2022-03<\/a><\/p>\n<p><a href=\"https:\/\/sistemas.ufrb.edu.br\/public\/jsp\/documentos\/info_documento.jsf?idDocumento=980192\">Documento: 23007.00005040\/2022-73<\/a><\/p>\n<p><a href=\"https:\/\/sistemas.ufrb.edu.br\/public\/jsp\/documentos\/info_documento.jsf?idDocumento=980195\">Documento: 23007.00005041\/2022-46<\/a><\/p>\n<p><a href=\"https:\/\/sistemas.ufrb.edu.br\/public\/jsp\/documentos\/info_documento.jsf?idDocumento=980204\">Documento: 23007.00005043\/2022-89<\/a><\/p>\n<p><a href=\"https:\/\/sistemas.ufrb.edu.br\/public\/jsp\/documentos\/info_documento.jsf?idDocumento=980208\">Documento: 23007.00005044\/2022-62<\/a><\/p>\n<p><a href=\"https:\/\/sistemas.ufrb.edu.br\/public\/jsp\/documentos\/info_documento.jsf?idDocumento=1039639\">Documento: 23007.00015455\/2022-71<\/a><\/p>\n<p><strong>Publicados na Secretaria de \u00d3rg\u00e3o Colegiados &#8211; SOC<\/strong><\/p>\n<p><a href=\"https:\/\/ufrb.edu.br\/soc\/atas-e-resolucoes?cont=lists&amp;ccname=documento\">Outros Documentos &#8211; CGD<\/a><\/p>\n","protected":false},"excerpt":{"rendered":"<p>O Comit\u00ea de Governan\u00e7a Digital \u2013 CGD, \u00e9 \u00f3rg\u00e3o de car\u00e1ter permanente tendo como objetivo determinar as prioridades dos programas de investimentos em Tecnologia da Informa\u00e7\u00e3o e Comunica\u00e7\u00f5es &#8211; TIC, bem como todas as iniciativas correlatas a TIC, visando assegurar a qualidade, efici\u00eancia e efic\u00e1cia das atividades e a\u00e7\u00f5es que d\u00e3o suporte ao cumprimento da [&hellip;]<\/p>\n","protected":false},"author":1,"featured_media":0,"parent":0,"menu_order":9,"comment_status":"closed","ping_status":"closed","template":"","meta":{"_acf_changed":false,"footnotes":""},"class_list":["post-30998","page","type-page","status-publish","hentry"],"acf":[],"_links":{"self":[{"href":"https:\/\/ufrb.edu.br\/portal\/wp-json\/wp\/v2\/pages\/30998","targetHints":{"allow":["GET"]}}],"collection":[{"href":"https:\/\/ufrb.edu.br\/portal\/wp-json\/wp\/v2\/pages"}],"about":[{"href":"https:\/\/ufrb.edu.br\/portal\/wp-json\/wp\/v2\/types\/page"}],"author":[{"embeddable":true,"href":"https:\/\/ufrb.edu.br\/portal\/wp-json\/wp\/v2\/users\/1"}],"replies":[{"embeddable":true,"href":"https:\/\/ufrb.edu.br\/portal\/wp-json\/wp\/v2\/comments?post=30998"}],"version-history":[{"count":0,"href":"https:\/\/ufrb.edu.br\/portal\/wp-json\/wp\/v2\/pages\/30998\/revisions"}],"wp:attachment":[{"href":"https:\/\/ufrb.edu.br\/portal\/wp-json\/wp\/v2\/media?parent=30998"}],"curies":[{"name":"wp","href":"https:\/\/api.w.org\/{rel}","templated":true}]}}