{"id":31469,"date":"2023-01-03T14:56:12","date_gmt":"2023-01-03T14:56:12","guid":{"rendered":"https:\/\/ufrb.edu.br\/2023\/01\/03\/sistemas-integrados-de-gestao\/"},"modified":"2023-01-03T14:56:12","modified_gmt":"2023-01-03T14:56:12","slug":"sistemas-integrados-de-gestao","status":"publish","type":"page","link":"https:\/\/ufrb.edu.br\/portal\/sistemas-integrados-de-gestao\/","title":{"rendered":"SIG &#8211; Sistemas Integrados de Gest\u00e3o"},"content":{"rendered":"\n<p>SIGAA \u2013 Sistema Integrado de Gest\u00e3o de Atividades Acad\u00eamicas<\/p>\n\n\n\n<p><a href=\"https:\/\/sistemas.ufrb.edu.br\/sigaa\/public\/home.jsf\">Acesso<\/a><\/p>\n\n\n\n<p>SIPAC \u2013 Sistema Integrado de Gest\u00e3o de Patrim\u00f4nio, Administra\u00e7\u00e3o e Contratos<\/p>\n\n\n\n<p><a href=\"https:\/\/sistemas.ufrb.edu.br\/public\/jsp\/portal.jsf\">Acesso<\/a><\/p>\n\n\n\n<p>SIGRH \u2013 Sistema Integrado de Gest\u00e3o de Recursos Humanos<\/p>\n\n\n\n<p><a href=\"https:\/\/sistemas.ufrb.edu.br\/sigrh\/public\/home.jsf\">Acesso<\/a><\/p>\n","protected":false},"excerpt":{"rendered":"<p>SIGAA \u2013 Sistema Integrado de Gest\u00e3o de Atividades Acad\u00eamicas Acesso SIPAC \u2013 Sistema Integrado de Gest\u00e3o de Patrim\u00f4nio, Administra\u00e7\u00e3o e Contratos Acesso SIGRH \u2013 Sistema Integrado de Gest\u00e3o de Recursos Humanos Acesso<\/p>\n","protected":false},"author":1,"featured_media":0,"parent":0,"menu_order":0,"comment_status":"closed","ping_status":"closed","template":"","meta":{"_acf_changed":false,"footnotes":""},"class_list":["post-31469","page","type-page","status-publish","hentry"],"acf":[],"_links":{"self":[{"href":"https:\/\/ufrb.edu.br\/portal\/wp-json\/wp\/v2\/pages\/31469","targetHints":{"allow":["GET"]}}],"collection":[{"href":"https:\/\/ufrb.edu.br\/portal\/wp-json\/wp\/v2\/pages"}],"about":[{"href":"https:\/\/ufrb.edu.br\/portal\/wp-json\/wp\/v2\/types\/page"}],"author":[{"embeddable":true,"href":"https:\/\/ufrb.edu.br\/portal\/wp-json\/wp\/v2\/users\/1"}],"replies":[{"embeddable":true,"href":"https:\/\/ufrb.edu.br\/portal\/wp-json\/wp\/v2\/comments?post=31469"}],"version-history":[{"count":0,"href":"https:\/\/ufrb.edu.br\/portal\/wp-json\/wp\/v2\/pages\/31469\/revisions"}],"wp:attachment":[{"href":"https:\/\/ufrb.edu.br\/portal\/wp-json\/wp\/v2\/media?parent=31469"}],"curies":[{"name":"wp","href":"https:\/\/api.w.org\/{rel}","templated":true}]}}