{"id":31479,"date":"2023-01-05T16:39:37","date_gmt":"2023-01-05T16:39:37","guid":{"rendered":"https:\/\/ufrb.edu.br\/2023\/01\/05\/sala-de-imprensa\/"},"modified":"2026-02-09T10:46:21","modified_gmt":"2026-02-09T13:46:21","slug":"sala-de-imprensa","status":"publish","type":"page","link":"https:\/\/ufrb.edu.br\/portal\/sala-de-imprensa\/","title":{"rendered":"Sala de Imprensa"},"content":{"rendered":"\n<p><strong>Ol\u00e1, jornalista!<\/strong><\/p>\n\n\n\n<p>Esta \u00e9 uma \u00e1rea dedicada especialmente a profissionais da imprensa. A seguir, voc\u00ea encontra conte\u00fados da UFRB para apoio ao seu trabalho.<\/p>\n\n\n\n<div class=\"wp-block-columns is-layout-flex wp-container-core-columns-is-layout-9d6595d7 wp-block-columns-is-layout-flex\">\n<div class=\"wp-block-column caixa is-layout-flow wp-block-column-is-layout-flow\">\n<h3 class=\"wp-block-heading\">E-mail<\/h3>\n\n\n\n<p><a href=\"mailto:jornalismo@ascom.ufrb.edu.br\">jornalismo@ascom.ufrb.edu.br<\/a><\/p>\n<\/div>\n\n\n\n<div class=\"wp-block-column caixa is-layout-flow wp-block-column-is-layout-flow\">\n<h3 class=\"wp-block-heading\">WhatsApp<\/h3>\n\n\n\n<p><a href=\"https:\/\/wa.me\/5575999694911\" target=\"_blank\" rel=\"noreferrer noopener\">+ 55 75 99969-4911<\/a><\/p>\n<\/div>\n\n\n\n<div class=\"wp-block-column caixa is-layout-flow wp-block-column-is-layout-flow\">\n<h3 class=\"wp-block-heading\">Canal no WhatsApp<\/h3>\n\n\n\n<p><a href=\"https:\/\/ufrb.edu.br\/whatsapp\" target=\"_blank\" rel=\"noreferrer noopener\">ufrb.edu.br\/whatsapp<\/a><\/p>\n<\/div>\n<\/div>\n\n\n\n<h3 class=\"wp-block-heading\">Links \u00fateis<\/h3>\n\n\n\n<div class=\"lista\">\n<a href=\"\/portal\/category\/noticias\" class=\"lista-item interno\" title=\"Not\u00edcias\">Not\u00edcias<\/a>\n<a href=\"\/portal\/category\/nota\" class=\"lista-item interno\" title=\"Notas Oficiais\">Notas Oficiais<\/a>\n<a href=\"https:\/\/drive.google.com\/drive\/u\/3\/folders\/1BesFnGPniMneZHwbcbYvtCGT9eV7Epin\" class=\"lista-item externo\" title=\"Banco de Imagens\">Banco de Imagens<\/a>\n<a href=\"\/portal\/identidade-visual-da-ufrb\" class=\"lista-item interno\" title=\"Banco de Imagens\">Identidade Visual<\/a>\n<\/div>\n","protected":false},"excerpt":{"rendered":"<p>Ol\u00e1, jornalista! Esta \u00e9 uma \u00e1rea dedicada especialmente a profissionais da imprensa. A seguir, voc\u00ea encontra conte\u00fados da UFRB para apoio ao seu trabalho. E-mail jornalismo@ascom.ufrb.edu.br WhatsApp + 55 75 99969-4911 Canal no WhatsApp ufrb.edu.br\/whatsapp Links \u00fateis Not\u00edcias Notas Oficiais Banco de Imagens Identidade Visual<\/p>\n","protected":false},"author":1,"featured_media":0,"parent":0,"menu_order":4,"comment_status":"closed","ping_status":"closed","template":"","meta":{"_acf_changed":false,"footnotes":""},"class_list":["post-31479","page","type-page","status-publish","hentry"],"acf":[],"_links":{"self":[{"href":"https:\/\/ufrb.edu.br\/portal\/wp-json\/wp\/v2\/pages\/31479","targetHints":{"allow":["GET"]}}],"collection":[{"href":"https:\/\/ufrb.edu.br\/portal\/wp-json\/wp\/v2\/pages"}],"about":[{"href":"https:\/\/ufrb.edu.br\/portal\/wp-json\/wp\/v2\/types\/page"}],"author":[{"embeddable":true,"href":"https:\/\/ufrb.edu.br\/portal\/wp-json\/wp\/v2\/users\/1"}],"replies":[{"embeddable":true,"href":"https:\/\/ufrb.edu.br\/portal\/wp-json\/wp\/v2\/comments?post=31479"}],"version-history":[{"count":6,"href":"https:\/\/ufrb.edu.br\/portal\/wp-json\/wp\/v2\/pages\/31479\/revisions"}],"predecessor-version":[{"id":45295,"href":"https:\/\/ufrb.edu.br\/portal\/wp-json\/wp\/v2\/pages\/31479\/revisions\/45295"}],"wp:attachment":[{"href":"https:\/\/ufrb.edu.br\/portal\/wp-json\/wp\/v2\/media?parent=31479"}],"curies":[{"name":"wp","href":"https:\/\/api.w.org\/{rel}","templated":true}]}}